{"id":10010,"date":"2025-09-17T12:46:14","date_gmt":"2025-09-17T10:46:14","guid":{"rendered":"https:\/\/boreait.com\/hu\/?post_type=product&#038;p=10010"},"modified":"2025-09-17T12:46:19","modified_gmt":"2025-09-17T10:46:19","slug":"b156xw04-v-1-8-lcd-kepernyo-156-wxga-fenyes-led-40-tus-konzolokkal-uj","status":"publish","type":"product","link":"https:\/\/boreait.com\/hu\/termek\/b156xw04-v-1-8-lcd-kepernyo-156-wxga-fenyes-led-40-tus-konzolokkal-uj\/","title":{"rendered":"B156XW04 V.1-8 LCD k\u00e9perny\u0151 15,6&#8243; WXGA f\u00e9nyes LED 40 t\u0171s konzolokkal \u00daj"},"content":{"rendered":"<p><strong>T\u00e9nyleges LCD-k\u00e9perny\u0151s modell: AU Optronics B156xw04 v.5 vagy n156bge-l31 rev c.1 \u2013 TELJESEN KOMPATIBILIS A B156XW04 V.1 V.2 V.3 V.4 V.8 LAPTOP K\u00c9PERNY\u0150VEL<\/strong><\/p>\n<p>Jav\u00edtsa laptopja kijelz\u0151j\u00e9t a V.1, V.2, V.3, V.4 \u00e9s V.8 verzi\u00f3kkal kompatibilis B156XW04 LCD k\u00e9perny\u0151vel. A kiv\u00e1l\u00f3 vizu\u00e1lis tisztas\u00e1got biztos\u00edt\u00f3 15,6 h\u00fcvelykes k\u00e9perny\u0151 WXGA (1366&#215;768) felbont\u00e1ssal rendelkezik, amely \u00e9les \u00e9s r\u00e9szletgazdag k\u00e9peket biztos\u00edt. A f\u00e9nyes fel\u00fclet biztos\u00edtja az \u00e9l\u00e9nk \u00e9s \u00e9l\u00e9nk sz\u00edneket, \u00edgy munk\u00e1hoz \u00e9s sz\u00f3rakoz\u00e1shoz egyar\u00e1nt t\u00f6k\u00e9letes.<\/p>\n<p>A LED-es h\u00e1tt\u00e9rvil\u00e1g\u00edt\u00e1ssal ell\u00e1tott k\u00e9perny\u0151 energiatakar\u00e9kos teljes\u00edtm\u00e9nyt biztos\u00edt, mik\u00f6zben meg\u0151rzi a f\u00e9nyes kijelz\u0151t. A 40 t\u0171s csatlakoz\u00f3 biztons\u00e1gos \u00e9s stabil kapcsolatot biztos\u00edt a k\u00e9sz\u00fcl\u00e9kkel. Ezenk\u00edv\u00fcl ez a k\u00e9perny\u0151 fels\u0151 \u00e9s als\u00f3 z\u00e1r\u00f3jelekkel rendelkezik, leegyszer\u0171s\u00edtve a telep\u00edt\u00e9si folyamatot.<\/p>\n<p>Ak\u00e1r s\u00e9r\u00fclt k\u00e9perny\u0151t cser\u00e9l, ak\u00e1r a jobb vizu\u00e1lis \u00e9lm\u00e9ny \u00e9rdek\u00e9ben friss\u00edt, a B156XW04 LCD-k\u00e9perny\u0151 megb\u00edzhat\u00f3 v\u00e1laszt\u00e1s. Vadonat\u00faj, garant\u00e1ltan t\u00f6k\u00e9letes \u00e1llapot\u00fa, azonnali beszerel\u00e9sre \u00e9s haszn\u00e1latra k\u00e9sz term\u00e9ket kap.<\/p>\n","protected":false},"excerpt":{"rendered":"<p>Friss\u00edtse laptopj\u00e1t a V.1, V.2, V.3, V.4 \u00e9s V.8 v\u00e1ltozatban el\u00e9rhet\u0151 B156XW04 LCD k\u00e9perny\u0151vel. Ez a 15,6 h\u00fcvelykes WXGA f\u00e9nyes kijelz\u0151 LED-es h\u00e1tt\u00e9rvil\u00e1g\u00edt\u00e1ssal \u00e9s 40 t\u0171s csatlakoz\u00f3val \u00e9l\u00e9nk l\u00e1tv\u00e1nyt ny\u00fajt. Fels\u0151 \u00e9s als\u00f3 konzolokkal az egyszer\u0171 telep\u00edt\u00e9s \u00e9rdek\u00e9ben. \u00c1llapot: \u00daj.<\/p>\n","protected":false},"featured_media":10035,"template":"","meta":[],"product_brand":[],"product_cat":[81,71],"product_tag":[],"class_list":{"0":"post-10010","1":"product","2":"type-product","3":"status-publish","4":"has-post-thumbnail","6":"product_cat-15-6-new-laptop-screens-lcd-panels","7":"product_cat-new-laptop-screens-lcd-panels","9":"first","10":"instock","11":"taxable","12":"shipping-taxable","13":"purchasable","14":"product-type-simple"},"_links":{"self":[{"href":"https:\/\/boreait.com\/hu\/wp-json\/wp\/v2\/product\/10010","targetHints":{"allow":["GET"]}}],"collection":[{"href":"https:\/\/boreait.com\/hu\/wp-json\/wp\/v2\/product"}],"about":[{"href":"https:\/\/boreait.com\/hu\/wp-json\/wp\/v2\/types\/product"}],"wp:featuredmedia":[{"embeddable":true,"href":"https:\/\/boreait.com\/hu\/wp-json\/wp\/v2\/media\/10035"}],"wp:attachment":[{"href":"https:\/\/boreait.com\/hu\/wp-json\/wp\/v2\/media?parent=10010"}],"wp:term":[{"taxonomy":"product_brand","embeddable":true,"href":"https:\/\/boreait.com\/hu\/wp-json\/wp\/v2\/product_brand?post=10010"},{"taxonomy":"product_cat","embeddable":true,"href":"https:\/\/boreait.com\/hu\/wp-json\/wp\/v2\/product_cat?post=10010"},{"taxonomy":"product_tag","embeddable":true,"href":"https:\/\/boreait.com\/hu\/wp-json\/wp\/v2\/product_tag?post=10010"}],"curies":[{"name":"wp","href":"https:\/\/api.w.org\/{rel}","templated":true}]}}