{"id":1001,"date":"2025-09-17T09:52:26","date_gmt":"2025-09-17T07:52:26","guid":{"rendered":"https:\/\/boreait.com\/hu\/?post_type=product&#038;p=1001"},"modified":"2025-09-17T09:53:53","modified_gmt":"2025-09-17T07:53:53","slug":"lenovo-thinkpad-t520-dvd-multi-iii-dvd-rw-meghajto-ad-7710h-45n7542-75y5112-oem","status":"publish","type":"product","link":"https:\/\/boreait.com\/hu\/termek\/lenovo-thinkpad-t520-dvd-multi-iii-dvd-rw-meghajto-ad-7710h-45n7542-75y5112-oem\/","title":{"rendered":"Lenovo ThinkPad T520 DVD Multi III DVD-RW meghajt\u00f3 AD-7710H 45N7542 75Y5112 OEM"},"content":{"rendered":"<p>A Lenovo ThinkPad T520 DVD Multi III DVD-RW meghajt\u00f3 AD-7710H egy eredeti gy\u00e1rt\u00f3 (OEM) optikai meghajt\u00f3, amelyet \u00fagy alak\u00edtottak ki, hogy t\u00f6k\u00e9letesen illeszkedjen \u00e9s z\u00f6kken\u0151mentesen m\u0171k\u00f6dj\u00f6n a Lenovo ThinkPad T520 laptopokkal. Ez egy n\u00e9lk\u00fcl\u00f6zhetetlen tartoz\u00e9k, amely fokozza laptopja sokoldal\u00fas\u00e1g\u00e1t az\u00e1ltal, hogy lehet\u0151v\u00e9 teszi k\u00fcl\u00f6nf\u00e9le CD-k \u00e9s DVD-k olvas\u00e1s\u00e1t \u00e9s \u00edr\u00e1s\u00e1t.<\/p>\n<p>A Lenovo ThinkPad T520 DVD Multi III DVD-RW AD-7710H meghajt\u00f3val k\u00e9nyelmesen biztons\u00e1gi m\u00e1solatot k\u00e9sz\u00edthet fontos adatokr\u00f3l, szoftveralkalmaz\u00e1sokat telep\u00edthet, \u00e9s \u00e9lvezheti kedvenc filmjeit, zen\u00e9it \u00e9s egy\u00e9b multim\u00e9di\u00e1s tartalmait. Legyen \u00d6n di\u00e1k, \u00fczletember vagy sz\u00f3rakoz\u00e1s ir\u00e1nt \u00e9rdekl\u0151d\u0151, ez a DVD-RW meghajt\u00f3 megb\u00edzhat\u00f3 teljes\u00edtm\u00e9nyt ny\u00fajt, hogy megfeleljen az \u00d6n ig\u00e9nyeinek.<\/p>\n<p>A Lenovo ThinkPad T520 DVD Multi III DVD-RW meghajt\u00f3 AD-7710H telep\u00edt\u00e9se egyszer\u0171 folyamat. Egyszer\u0171en cser\u00e9lje ki megl\u00e9v\u0151 optikai meghajt\u00f3j\u00e1t erre az OEM DVD-RW meghajt\u00f3ra, \u00e9s z\u00f6kken\u0151mentesen integr\u00e1l\u00f3dik Lenovo ThinkPad T520 laptopj\u00e1ba.<\/p>\n<p>A tart\u00f3ss\u00e1got szem el\u0151tt tartva k\u00e9sz\u00fclt Lenovo ThinkPad T520 DVD Multi III DVD-RW AD-7710H meghajt\u00f3 hossz\u00fa \u00e9lettartamot \u00e9s egyenletes teljes\u00edtm\u00e9nyt biztos\u00edt. T\u00e1lcabet\u00f6lt\u0151 mechanizmusa lehet\u0151v\u00e9 teszi a lemezek egyszer\u0171 behelyez\u00e9s\u00e9t \u00e9s elt\u00e1vol\u00edt\u00e1s\u00e1t, \u00edgy probl\u00e9mamentes \u00e9lm\u00e9nyben lesz r\u00e9sze.<\/p>\n<p>Friss\u00edtse Lenovo ThinkPad T520 laptopj\u00e1t a Lenovo ThinkPad T520 DVD Multi III DVD-RW AD-7710H meghajt\u00f3val, \u00e9s \u00e9lvezze a CD-k \u00e9s DVD-lemezeken tal\u00e1lhat\u00f3 adatok egyszer\u0171 el\u00e9r\u00e9s\u00e9nek, l\u00e9trehoz\u00e1s\u00e1nak \u00e9s kezel\u00e9s\u00e9nek k\u00e9nyelm\u00e9t. Legyen sz\u00f3 munk\u00e1r\u00f3l vagy sz\u00f3rakoz\u00e1sr\u00f3l, ez az eredeti OEM optikai meghajt\u00f3 megb\u00edzhat\u00f3 \u00e9s n\u00e9lk\u00fcl\u00f6zhetetlen kieg\u00e9sz\u00edt\u0151je laptopj\u00e1nak.<\/p>\n","protected":false},"excerpt":{"rendered":"<p>A Lenovo ThinkPad T520 DVD Multi III DVD-RW meghajt\u00f3 AD-7710H egy eredeti OEM optikai meghajt\u00f3, amelyet kifejezetten Lenovo ThinkPad T520 laptopokhoz terveztek. Ezzel a DVD-RW meghajt\u00f3val k\u00fcl\u00f6nf\u00e9le t\u00edpus\u00fa CD-k \u00e9s DVD-k \u00edrhat\u00f3k \u00e9s olvashat\u00f3k, \u00edgy t\u00f6k\u00e9letes adatment\u00e9sre, szoftvertelep\u00edt\u00e9sre \u00e9s m\u00e9dialej\u00e1tsz\u00e1sra.<\/p>\n","protected":false},"featured_media":1069,"template":"","meta":[],"product_brand":[],"product_cat":[27],"product_tag":[26],"class_list":{"0":"post-1001","1":"product","2":"type-product","3":"status-publish","4":"has-post-thumbnail","6":"product_cat-motherboards-board-parts","7":"product_tag-lenovo","9":"first","10":"instock","11":"taxable","12":"shipping-taxable","13":"purchasable","14":"product-type-simple"},"_links":{"self":[{"href":"https:\/\/boreait.com\/hu\/wp-json\/wp\/v2\/product\/1001","targetHints":{"allow":["GET"]}}],"collection":[{"href":"https:\/\/boreait.com\/hu\/wp-json\/wp\/v2\/product"}],"about":[{"href":"https:\/\/boreait.com\/hu\/wp-json\/wp\/v2\/types\/product"}],"wp:featuredmedia":[{"embeddable":true,"href":"https:\/\/boreait.com\/hu\/wp-json\/wp\/v2\/media\/1069"}],"wp:attachment":[{"href":"https:\/\/boreait.com\/hu\/wp-json\/wp\/v2\/media?parent=1001"}],"wp:term":[{"taxonomy":"product_brand","embeddable":true,"href":"https:\/\/boreait.com\/hu\/wp-json\/wp\/v2\/product_brand?post=1001"},{"taxonomy":"product_cat","embeddable":true,"href":"https:\/\/boreait.com\/hu\/wp-json\/wp\/v2\/product_cat?post=1001"},{"taxonomy":"product_tag","embeddable":true,"href":"https:\/\/boreait.com\/hu\/wp-json\/wp\/v2\/product_tag?post=1001"}],"curies":[{"name":"wp","href":"https:\/\/api.w.org\/{rel}","templated":true}]}}