{"id":10009,"date":"2025-09-17T12:46:14","date_gmt":"2025-09-17T10:46:14","guid":{"rendered":"https:\/\/boreait.com\/hu\/?post_type=product&#038;p=10009"},"modified":"2025-09-17T12:46:19","modified_gmt":"2025-09-17T10:46:19","slug":"lp156wh3-tl-a2-lcd-156-wxga-fenyes-led-40-tus-tartokkal-uj","status":"publish","type":"product","link":"https:\/\/boreait.com\/hu\/termek\/lp156wh3-tl-a2-lcd-156-wxga-fenyes-led-40-tus-tartokkal-uj\/","title":{"rendered":"LP156WH3 TL A2 LCD 15,6&#8243; WXGA f\u00e9nyes LED, 40 t\u0171s tart\u00f3kkal \u00daj"},"content":{"rendered":"<p><strong>T\u00e9nyleges LCD-k\u00e9perny\u0151s modell: AU Optronics B156xw04 v.5 vagy n156bge-l31 rev c.1 \u2013 TELJESEN KOMPATIBILIS A LP156WH3 TP SH TPSH TL S2TLS2 TLA2 TL A2 LAPTOP K\u00c9PERNY\u0150VEL<\/strong><\/p>\n<p>Fokozza laptopja kijelz\u0151j\u00e9t az LP156WH3 TPSH TL A2 15,6 h\u00fcvelykes LCD-k\u00e9perny\u0151vel. Ezt a kiv\u00e1l\u00f3 min\u0151s\u00e9g\u0171 k\u00e9perny\u0151t \u00fagy tervezt\u00e9k, hogy WXGA felbont\u00e1s\u00e1val (1366&#215;768) kiv\u00e1l\u00f3 vizu\u00e1lis tisztas\u00e1got biztos\u00edtson, \u00edgy t\u00f6k\u00e9letes a mindennapi haszn\u00e1latra, legyen sz\u00f3 ak\u00e1r munkav\u00e9gz\u00e9sr\u0151l, ak\u00e1r streamel\u00e9sr\u0151l, ak\u00e1r b\u00f6ng\u00e9sz\u00e9sr\u0151l. A f\u00e9nyes, f\u00e9nyes LED-ek f\u00e9nyes h\u00e1tt\u00e9rvil\u00e1g\u00edt\u00e1st biztos\u00edtanak a h\u00e1tt\u00e9rben. k\u00e9perny\u0151, cs\u00f6kkentve az energiafogyaszt\u00e1st a teljes\u00edtm\u00e9ny cs\u00f6kken\u00e9se n\u00e9lk\u00fcl.<\/p>\n<p>Ez az LCD-k\u00e9perny\u0151 fels\u0151 \u00e9s als\u00f3 konzollal is rendelkezik, \u00edgy a telep\u00edt\u00e9s egyszer\u0171 \u00e9s biztons\u00e1gos. A 40 t\u0171s csatlakoz\u00f3 stabil \u00e9s megb\u00edzhat\u00f3 kapcsolatot biztos\u00edt a k\u00e9sz\u00fcl\u00e9kkel, \u00edgy biztos\u00edtva a hosszan tart\u00f3 teljes\u00edtm\u00e9nyt. Ak\u00e1r s\u00e9r\u00fclt k\u00e9perny\u0151t cser\u00e9l, ak\u00e1r friss\u00edt\u00e9st szeretne, az LP156WH3 TPSH TL A2 k\u00e9perny\u0151 megb\u00edzhat\u00f3 \u00e9s k\u00f6lts\u00e9ghat\u00e9kony megold\u00e1s.<\/p>\n<p>\u00c1llapot: \u00daj \u2013 ez a k\u00e9perny\u0151 gy\u00e1rilag lez\u00e1rt, hibamentes, k\u00e9szen \u00e1ll arra, hogy \u00faj \u00e9letet adjon laptopj\u00e1nak.<\/p>\n","protected":false},"excerpt":{"rendered":"<p>B\u0151v\u00edtse laptop kijelz\u0151j\u00e9t az LP156WH3 TPSH TL A2 15,6&#8243; LCD-k\u00e9perny\u0151vel. WXGA felbont\u00e1s\u00fa, f\u00e9nyes fel\u00fclettel \u00e9s LED-es h\u00e1tt\u00e9rvil\u00e1g\u00edt\u00e1ssal ez a 40 t\u0171s k\u00e9perny\u0151 \u00e9l\u00e9nk l\u00e1tv\u00e1nyt biztos\u00edt. Fels\u0151 \u00e9s als\u00f3 tart\u00f3kkal a biztons\u00e1gos telep\u00edt\u00e9s \u00e9rdek\u00e9ben. \u00c1llapot: \u00daj.<\/p>\n","protected":false},"featured_media":10035,"template":"","meta":[],"product_brand":[],"product_cat":[81,71],"product_tag":[],"class_list":{"0":"post-10009","1":"product","2":"type-product","3":"status-publish","4":"has-post-thumbnail","6":"product_cat-15-6-new-laptop-screens-lcd-panels","7":"product_cat-new-laptop-screens-lcd-panels","9":"first","10":"instock","11":"taxable","12":"shipping-taxable","13":"purchasable","14":"product-type-simple"},"_links":{"self":[{"href":"https:\/\/boreait.com\/hu\/wp-json\/wp\/v2\/product\/10009","targetHints":{"allow":["GET"]}}],"collection":[{"href":"https:\/\/boreait.com\/hu\/wp-json\/wp\/v2\/product"}],"about":[{"href":"https:\/\/boreait.com\/hu\/wp-json\/wp\/v2\/types\/product"}],"wp:featuredmedia":[{"embeddable":true,"href":"https:\/\/boreait.com\/hu\/wp-json\/wp\/v2\/media\/10035"}],"wp:attachment":[{"href":"https:\/\/boreait.com\/hu\/wp-json\/wp\/v2\/media?parent=10009"}],"wp:term":[{"taxonomy":"product_brand","embeddable":true,"href":"https:\/\/boreait.com\/hu\/wp-json\/wp\/v2\/product_brand?post=10009"},{"taxonomy":"product_cat","embeddable":true,"href":"https:\/\/boreait.com\/hu\/wp-json\/wp\/v2\/product_cat?post=10009"},{"taxonomy":"product_tag","embeddable":true,"href":"https:\/\/boreait.com\/hu\/wp-json\/wp\/v2\/product_tag?post=10009"}],"curies":[{"name":"wp","href":"https:\/\/api.w.org\/{rel}","templated":true}]}}