{"id":10008,"date":"2025-09-17T12:46:14","date_gmt":"2025-09-17T10:46:14","guid":{"rendered":"https:\/\/boreait.com\/hu\/?post_type=product&#038;p=10008"},"modified":"2025-09-17T12:46:19","modified_gmt":"2025-09-17T10:46:19","slug":"n156bge-l31-rev-c-1-lcd-156-wxga-fenyes-led-40-tus-konzolokkal-uj","status":"publish","type":"product","link":"https:\/\/boreait.com\/hu\/termek\/n156bge-l31-rev-c-1-lcd-156-wxga-fenyes-led-40-tus-konzolokkal-uj\/","title":{"rendered":"N156BGE-L31 Rev C.1 LCD 15,6&#8243; WXGA f\u00e9nyes LED 40 t\u0171s konzolokkal \u00daj"},"content":{"rendered":"<p><strong>T\u00e9nyleges LCD-k\u00e9perny\u0151s modell: AU Optronics B156xw04 v.5 vagy n156bge-l31 rev c.1 \u2013 TELJESEN KOMPATIBILIS AZ n156bge-l31 rev c.1 LAPTOP K\u00c9PERNY\u0150VEL<\/strong><\/p>\n<p>Fokozza laptopja kijelz\u0151j\u00e9t az N156BGE-L31 Rev C.1 15,6 h\u00fcvelykes LCD-k\u00e9perny\u0151vel, amely tiszta \u00e9s \u00e9l\u00e9nk l\u00e1tv\u00e1nyt ny\u00fajt. Ez a k\u00e9perny\u0151 WXGA felbont\u00e1st (1366&#215;768) k\u00edn\u00e1l, \u00e9les k\u00e9peket \u00e9s kiv\u00e1l\u00f3 r\u00e9szletgazdags\u00e1got biztos\u00edt, \u00edgy t\u00f6k\u00e9letes a mindennapi feladatokhoz, multim\u00e9di\u00e1hoz \u00e9s sok m\u00e1shoz. A f\u00e9nyes fel\u00fclet fokozza a sz\u00ednek \u00e9l\u00e9nks\u00e9g\u00e9t \u00e9s \u00e9l\u00e9nkebb\u00e9 teszi a sz\u00edneket, \u00e9l\u00e9nkebb\u00e9 teszi a sz\u00edneket.<\/p>\n<p>A LED-es h\u00e1tt\u00e9rvil\u00e1g\u00edt\u00e1ssal ez a k\u00e9perny\u0151 energiahat\u00e9kony teljes\u00edtm\u00e9nyt biztos\u00edt, vil\u00e1gos \u00e9s egyenletesen megvil\u00e1g\u00edtott l\u00e1tv\u00e1nyt biztos\u00edtva. A 40 t\u0171s csatlakoz\u00f3 biztons\u00e1gos \u00e9s stabil csatlakoz\u00e1st garant\u00e1l a k\u00e9sz\u00fcl\u00e9khez, a mell\u00e9kelt fels\u0151 \u00e9s als\u00f3 tart\u00f3konzolok pedig egyszer\u0171v\u00e9 \u00e9s probl\u00e9mamentess\u00e9 teszik a telep\u00edt\u00e9st.<\/p>\n<p>Ak\u00e1r s\u00e9r\u00fclt k\u00e9perny\u0151t cser\u00e9l, ak\u00e1r jobb k\u00e9pmin\u0151s\u00e9g \u00e9rdek\u00e9ben friss\u00edt, ez az LCD-k\u00e9perny\u0151 ide\u00e1lis v\u00e1laszt\u00e1s laptopja \u00e9letre kelt\u00e9s\u00e9re. Teljesen \u00fajszer\u0171 \u00e1llapot\u00fa, \u00edgy garant\u00e1ltan hib\u00e1tlan, haszn\u00e1latra k\u00e9sz term\u00e9ket kap.<\/p>\n","protected":false},"excerpt":{"rendered":"<p>Friss\u00edtse laptopj\u00e1t az N156BGE-L31 Rev C.1 15,6&#8243;-os LCD-k\u00e9perny\u0151vel. WXGA felbont\u00e1ssal, f\u00e9nyes fel\u00fclettel, LED-es h\u00e1tt\u00e9rvil\u00e1g\u00edt\u00e1ssal \u00e9s 40 t\u0171s csatlakoz\u00f3val. Fels\u0151 \u00e9s als\u00f3 konzollal az egyszer\u0171 telep\u00edt\u00e9s \u00e9rdek\u00e9ben. \u00c1llapot: \u00daj.<\/p>\n","protected":false},"featured_media":10035,"template":"","meta":[],"product_brand":[],"product_cat":[81,71],"product_tag":[],"class_list":{"0":"post-10008","1":"product","2":"type-product","3":"status-publish","4":"has-post-thumbnail","6":"product_cat-15-6-new-laptop-screens-lcd-panels","7":"product_cat-new-laptop-screens-lcd-panels","9":"first","10":"instock","11":"taxable","12":"shipping-taxable","13":"purchasable","14":"product-type-simple"},"_links":{"self":[{"href":"https:\/\/boreait.com\/hu\/wp-json\/wp\/v2\/product\/10008","targetHints":{"allow":["GET"]}}],"collection":[{"href":"https:\/\/boreait.com\/hu\/wp-json\/wp\/v2\/product"}],"about":[{"href":"https:\/\/boreait.com\/hu\/wp-json\/wp\/v2\/types\/product"}],"wp:featuredmedia":[{"embeddable":true,"href":"https:\/\/boreait.com\/hu\/wp-json\/wp\/v2\/media\/10035"}],"wp:attachment":[{"href":"https:\/\/boreait.com\/hu\/wp-json\/wp\/v2\/media?parent=10008"}],"wp:term":[{"taxonomy":"product_brand","embeddable":true,"href":"https:\/\/boreait.com\/hu\/wp-json\/wp\/v2\/product_brand?post=10008"},{"taxonomy":"product_cat","embeddable":true,"href":"https:\/\/boreait.com\/hu\/wp-json\/wp\/v2\/product_cat?post=10008"},{"taxonomy":"product_tag","embeddable":true,"href":"https:\/\/boreait.com\/hu\/wp-json\/wp\/v2\/product_tag?post=10008"}],"curies":[{"name":"wp","href":"https:\/\/api.w.org\/{rel}","templated":true}]}}