{"id":10007,"date":"2025-09-17T12:46:14","date_gmt":"2025-09-17T10:46:14","guid":{"rendered":"https:\/\/boreait.com\/hu\/?post_type=product&#038;p=10007"},"modified":"2025-09-17T12:46:18","modified_gmt":"2025-09-17T10:46:18","slug":"au-optronics-b156xw04-v-5-156-huvelykes-fenyes-wxga-led-kepernyo-tartokkal-uj","status":"publish","type":"product","link":"https:\/\/boreait.com\/hu\/termek\/au-optronics-b156xw04-v-5-156-huvelykes-fenyes-wxga-led-kepernyo-tartokkal-uj\/","title":{"rendered":"AU Optronics B156xw04 v.5 15,6 h\u00fcvelykes f\u00e9nyes WXGA LED k\u00e9perny\u0151 tart\u00f3kkal \u00daj"},"content":{"rendered":"<p>Fokozza laptopja kijelz\u0151j\u00e9t az AU Optronics B156xw04 v.5 15,6 h\u00fcvelykes LCD-k\u00e9perny\u0151vel. Vil\u00e1gos, \u00e9l\u00e9nk l\u00e1tv\u00e1nyt ny\u00fajt\u00f3 WXGA (1366&#215;768) felbont\u00e1s\u00fa k\u00e9perny\u0151, amely tiszta \u00e9s \u00e9les k\u00e9peket biztos\u00edt. A f\u00e9nyes fel\u00fclet ragyog\u00f3 megtekint\u00e9si \u00e9lm\u00e9nyt biztos\u00edt, a sz\u00ednek felpomp\u00e1znak \u00e9s m\u00e9lys\u00e9get adnak a l\u00e1tv\u00e1nyhoz.<\/p>\n<p>A LED-es h\u00e1tt\u00e9rvil\u00e1g\u00edt\u00e1ssal ell\u00e1tott k\u00e9perny\u0151 energiatakar\u00e9kos, mik\u00f6zben magas f\u00e9nyer\u0151t biztos\u00edt. A 40 t\u0171s csatlakoz\u00f3 sokf\u00e9le laptopmodellel kompatibilis, \u00edgy sokoldal\u00fa cserelehet\u0151s\u00e9g.<\/p>\n<p>Ez a k\u00e9perny\u0151 fels\u0151 \u00e9s als\u00f3 konzolokkal \u00e9rkezik, \u00edgy a telep\u00edt\u00e9s egyszer\u0171 \u00e9s biztons\u00e1gos. Ak\u00e1r egy s\u00e9r\u00fclt k\u00e9perny\u0151t cser\u00e9l, ak\u00e1r a jobb teljes\u00edtm\u00e9ny \u00e9rdek\u00e9ben friss\u00edt, az AU Optronics B156xw04 v.5 kiv\u00e1l\u00f3 v\u00e1laszt\u00e1s.<\/p>\n<p>\u00c1llapot: \u00daj, amely biztos\u00edtja, hogy hibamentes term\u00e9ket kapjon azonnali telep\u00edt\u00e9sre k\u00e9szen.<\/p>\n","protected":false},"excerpt":{"rendered":"<p>Friss\u00edtse laptopj\u00e1t az AU Optronics B156xw04 v.5 LCD-k\u00e9perny\u0151vel. Ez a 15,6&#8243;-os WXGA f\u00e9nyes kijelz\u0151 f\u00e9nyes \u00e9s tiszta k\u00e9pet k\u00edn\u00e1l LED-es h\u00e1tt\u00e9rvil\u00e1g\u00edt\u00e1ssal. Fels\u0151 \u00e9s als\u00f3 konzolokkal az egyszer\u0171 telep\u00edt\u00e9s \u00e9rdek\u00e9ben. \u00c1llapot: \u00daj.<\/p>\n","protected":false},"featured_media":10035,"template":"","meta":[],"product_brand":[],"product_cat":[81,71],"product_tag":[],"class_list":{"0":"post-10007","1":"product","2":"type-product","3":"status-publish","4":"has-post-thumbnail","6":"product_cat-15-6-new-laptop-screens-lcd-panels","7":"product_cat-new-laptop-screens-lcd-panels","9":"first","10":"instock","11":"taxable","12":"shipping-taxable","13":"purchasable","14":"product-type-simple"},"_links":{"self":[{"href":"https:\/\/boreait.com\/hu\/wp-json\/wp\/v2\/product\/10007","targetHints":{"allow":["GET"]}}],"collection":[{"href":"https:\/\/boreait.com\/hu\/wp-json\/wp\/v2\/product"}],"about":[{"href":"https:\/\/boreait.com\/hu\/wp-json\/wp\/v2\/types\/product"}],"wp:featuredmedia":[{"embeddable":true,"href":"https:\/\/boreait.com\/hu\/wp-json\/wp\/v2\/media\/10035"}],"wp:attachment":[{"href":"https:\/\/boreait.com\/hu\/wp-json\/wp\/v2\/media?parent=10007"}],"wp:term":[{"taxonomy":"product_brand","embeddable":true,"href":"https:\/\/boreait.com\/hu\/wp-json\/wp\/v2\/product_brand?post=10007"},{"taxonomy":"product_cat","embeddable":true,"href":"https:\/\/boreait.com\/hu\/wp-json\/wp\/v2\/product_cat?post=10007"},{"taxonomy":"product_tag","embeddable":true,"href":"https:\/\/boreait.com\/hu\/wp-json\/wp\/v2\/product_tag?post=10007"}],"curies":[{"name":"wp","href":"https:\/\/api.w.org\/{rel}","templated":true}]}}