{"id":10002,"date":"2025-09-17T12:46:04","date_gmt":"2025-09-17T10:46:04","guid":{"rendered":"https:\/\/boreait.com\/hu\/?post_type=product&#038;p=10002"},"modified":"2025-09-17T12:46:12","modified_gmt":"2025-09-17T10:46:12","slug":"lenovo-fru-5d10k81097-156-fhd-matt-lcd-30-tus-tartokkal-uj","status":"publish","type":"product","link":"https:\/\/boreait.com\/hu\/termek\/lenovo-fru-5d10k81097-156-fhd-matt-lcd-30-tus-tartokkal-uj\/","title":{"rendered":"Lenovo FRU 5D10K81097 15,6&#8243; FHD matt LCD 30 t\u0171s tart\u00f3kkal \u00daj"},"content":{"rendered":"<p><strong><\/strong><\/p>\n<p>Fejlessze Lenovo laptopja kijelz\u0151j\u00e9t az FRU 5D10K81097 15,6&#8243;-es LCD-k\u00e9perny\u0151vel. Az \u00e9les \u00e9s tiszta k\u00e9pet ig\u00e9nyl\u0151 felhaszn\u00e1l\u00f3k sz\u00e1m\u00e1ra k\u00e9sz\u00fclt ez a k\u00e9perny\u0151 Full HD (1920&#215;1080) felbont\u00e1ssal, \u00edgy a tartalom \u00e9les r\u00e9szletekben jelenik meg. A matt fel\u00fclet seg\u00edt cs\u00f6kkenteni a t\u00fckr\u00f6z\u0151d\u00e9st, megk\u00f6nny\u00edtve a munkav\u00e9gz\u00e9st k\u00fcl\u00f6nf\u00e9le f\u00e9nyviszonyok k\u00f6z\u00f6tt.<\/p>\n<p>Ez a k\u00e9perny\u0151 fels\u0151 \u00e9s als\u00f3 tart\u00f3kkal rendelkezik, \u00edgy a telep\u00edt\u00e9s egyszer\u0171v\u00e9 v\u00e1lik, ak\u00e1r s\u00e9r\u00fclt k\u00e9perny\u0151t cser\u00e9l, ak\u00e1r a jobb teljes\u00edtm\u00e9ny \u00e9rdek\u00e9ben friss\u00edt. A 30 t\u0171s eDP csatlakoz\u00f3 biztons\u00e1gos \u00e9s stabil kapcsolatot biztos\u00edt laptopj\u00e1val, m\u00edg a non-IPS technol\u00f3gia megb\u00edzhat\u00f3 megtekint\u00e9st biztos\u00edt a mindennapi feladatokhoz.<\/p>\n<p>A k\u00e9perny\u0151 vadonat\u00faj, \u00edgy olyan term\u00e9ket kap, amely hib\u00e1tlan, \u00e9s k\u00e9szen \u00e1ll a laptop kijelz\u0151j\u00e9nek t\u00f6k\u00e9letes\u00edt\u00e9s\u00e9re.<\/p>\n","protected":false},"excerpt":{"rendered":"<p>Friss\u00edtse Lenovo laptopj\u00e1t az FRU 5D10K81097 15,6&#8243;-es LCD-k\u00e9perny\u0151vel. FHD felbont\u00e1s\u00fa, matt fel\u00fclettel \u00e9s 30 t\u0171s eDP-csatlakoz\u00e1ssal rendelkez\u0151 k\u00e9perny\u0151 \u00e9les l\u00e1tv\u00e1nyt ny\u00fajt. Fels\u0151 \u00e9s als\u00f3 konzolokkal az egyszer\u0171 telep\u00edt\u00e9s \u00e9rdek\u00e9ben. \u00c1llapot: \u00daj.<\/p>\n","protected":false},"featured_media":9974,"template":"","meta":[],"product_brand":[],"product_cat":[81,71],"product_tag":[26],"class_list":{"0":"post-10002","1":"product","2":"type-product","3":"status-publish","4":"has-post-thumbnail","6":"product_cat-15-6-new-laptop-screens-lcd-panels","7":"product_cat-new-laptop-screens-lcd-panels","8":"product_tag-lenovo","10":"first","11":"instock","12":"taxable","13":"shipping-taxable","14":"purchasable","15":"product-type-simple"},"_links":{"self":[{"href":"https:\/\/boreait.com\/hu\/wp-json\/wp\/v2\/product\/10002","targetHints":{"allow":["GET"]}}],"collection":[{"href":"https:\/\/boreait.com\/hu\/wp-json\/wp\/v2\/product"}],"about":[{"href":"https:\/\/boreait.com\/hu\/wp-json\/wp\/v2\/types\/product"}],"wp:featuredmedia":[{"embeddable":true,"href":"https:\/\/boreait.com\/hu\/wp-json\/wp\/v2\/media\/9974"}],"wp:attachment":[{"href":"https:\/\/boreait.com\/hu\/wp-json\/wp\/v2\/media?parent=10002"}],"wp:term":[{"taxonomy":"product_brand","embeddable":true,"href":"https:\/\/boreait.com\/hu\/wp-json\/wp\/v2\/product_brand?post=10002"},{"taxonomy":"product_cat","embeddable":true,"href":"https:\/\/boreait.com\/hu\/wp-json\/wp\/v2\/product_cat?post=10002"},{"taxonomy":"product_tag","embeddable":true,"href":"https:\/\/boreait.com\/hu\/wp-json\/wp\/v2\/product_tag?post=10002"}],"curies":[{"name":"wp","href":"https:\/\/api.w.org\/{rel}","templated":true}]}}