{"id":10001,"date":"2025-09-17T12:46:04","date_gmt":"2025-09-17T10:46:04","guid":{"rendered":"https:\/\/boreait.com\/hu\/?post_type=product&#038;p=10001"},"modified":"2025-09-17T12:46:12","modified_gmt":"2025-09-17T10:46:12","slug":"fujitsu-lifebook-a556-lcd-156-fhd-matt-30-tus-tartokkal-uj","status":"publish","type":"product","link":"https:\/\/boreait.com\/hu\/termek\/fujitsu-lifebook-a556-lcd-156-fhd-matt-30-tus-tartokkal-uj\/","title":{"rendered":"Fujitsu LifeBook A556 LCD 15,6&#8243; FHD matt 30 t\u0171s tart\u00f3kkal \u00daj"},"content":{"rendered":"<p><strong><\/strong><\/p>\n<p>Fejlessze Fujitsu LifeBook A556-j\u00e1t egy kiv\u00e1l\u00f3 min\u0151s\u00e9g\u0171, 15,6&#8243;-os LCD-k\u00e9perny\u0151vel, amelyet \u00e9les, tiszta k\u00e9ppel terveztek. Ez a Full HD (1920&#215;1080) kijelz\u0151 \u00e9les k\u00e9pmin\u0151s\u00e9get k\u00edn\u00e1l, \u00edgy munk\u00e1hoz \u00e9s sz\u00f3rakoz\u00e1shoz egyar\u00e1nt ide\u00e1lis. A matt fel\u00fclet cs\u00f6kkenti a t\u00fckr\u00f6z\u0151d\u00e9st, k\u00e9nyelmes megtekint\u00e9st biztos\u00edtva k\u00fcl\u00f6nf\u00e9le f\u00e9nyviszonyok k\u00f6z\u00f6tt.<\/p>\n<p>Ez a k\u00e9perny\u0151 30 t\u0171s eDP-kapcsolattal rendelkezik a biztons\u00e1gos \u00e9s stabil kapcsolat \u00e9rdek\u00e9ben az eszk\u00f6zzel. Az IPS-kijelz\u0151kkel ellent\u00e9tben ez a nem IPS-k\u00e9perny\u0151 j\u00f3 vizu\u00e1lis teljes\u00edtm\u00e9nyt ny\u00fajt norm\u00e1l betekint\u00e9si sz\u00f6gekkel, \u00e9s t\u00f6k\u00e9letesen megfelel a mindennapi feladatokhoz. A mell\u00e9kelt fels\u0151 \u00e9s als\u00f3 tart\u00f3konzolok egyszer\u0171 \u00e9s biztons\u00e1gos telep\u00edt\u00e9st tesznek lehet\u0151v\u00e9, \u00edgy ide\u00e1lis helyettes\u00edti a megl\u00e9v\u0151 k\u00e9perny\u0151t.<\/p>\n<p>Ak\u00e1r s\u00e9r\u00fclt k\u00e9perny\u0151t cser\u00e9l, ak\u00e1r jobb k\u00e9pmin\u0151s\u00e9g \u00e9rdek\u00e9ben friss\u00edt, ez az LCD-k\u00e9perny\u0151 megb\u00edzhat\u00f3 \u00e9s tart\u00f3s v\u00e1laszt\u00e1s. A k\u00e9perny\u0151 teljesen \u00faj, ami biztos\u00edtja, hogy hib\u00e1tlan term\u00e9ket kapjon, amely k\u00e9szen \u00e1ll az optim\u00e1lis teljes\u00edtm\u00e9ny ny\u00fajt\u00e1s\u00e1ra.<\/p>\n","protected":false},"excerpt":{"rendered":"<p>Friss\u00edtse Fujitsu LifeBook A556-j\u00e1t egy \u00faj, 15,6&#8243;-os FHD LCD-k\u00e9perny\u0151vel. Matt fel\u00fclet, 30 t\u0171s eDP-csatlakoz\u00f3, valamint fels\u0151 \u00e9s als\u00f3 tart\u00f3 a k\u00f6nny\u0171 telep\u00edt\u00e9s \u00e9rdek\u00e9ben. \u00c1llapot: \u00daj.<\/p>\n","protected":false},"featured_media":9974,"template":"","meta":[],"product_brand":[],"product_cat":[81,71],"product_tag":[28],"class_list":{"0":"post-10001","1":"product","2":"type-product","3":"status-publish","4":"has-post-thumbnail","6":"product_cat-15-6-new-laptop-screens-lcd-panels","7":"product_cat-new-laptop-screens-lcd-panels","8":"product_tag-fujitsu","10":"first","11":"instock","12":"taxable","13":"shipping-taxable","14":"purchasable","15":"product-type-simple"},"_links":{"self":[{"href":"https:\/\/boreait.com\/hu\/wp-json\/wp\/v2\/product\/10001","targetHints":{"allow":["GET"]}}],"collection":[{"href":"https:\/\/boreait.com\/hu\/wp-json\/wp\/v2\/product"}],"about":[{"href":"https:\/\/boreait.com\/hu\/wp-json\/wp\/v2\/types\/product"}],"wp:featuredmedia":[{"embeddable":true,"href":"https:\/\/boreait.com\/hu\/wp-json\/wp\/v2\/media\/9974"}],"wp:attachment":[{"href":"https:\/\/boreait.com\/hu\/wp-json\/wp\/v2\/media?parent=10001"}],"wp:term":[{"taxonomy":"product_brand","embeddable":true,"href":"https:\/\/boreait.com\/hu\/wp-json\/wp\/v2\/product_brand?post=10001"},{"taxonomy":"product_cat","embeddable":true,"href":"https:\/\/boreait.com\/hu\/wp-json\/wp\/v2\/product_cat?post=10001"},{"taxonomy":"product_tag","embeddable":true,"href":"https:\/\/boreait.com\/hu\/wp-json\/wp\/v2\/product_tag?post=10001"}],"curies":[{"name":"wp","href":"https:\/\/api.w.org\/{rel}","templated":true}]}}