{"id":10000,"date":"2025-09-17T12:46:04","date_gmt":"2025-09-17T10:46:04","guid":{"rendered":"https:\/\/boreait.com\/hu\/?post_type=product&#038;p=10000"},"modified":"2025-09-17T12:46:12","modified_gmt":"2025-09-17T10:46:12","slug":"acer-aspire-3-a315-51-341m-156-fhd-lcd-matt-kepernyo-tartokkal-uj","status":"publish","type":"product","link":"https:\/\/boreait.com\/hu\/termek\/acer-aspire-3-a315-51-341m-156-fhd-lcd-matt-kepernyo-tartokkal-uj\/","title":{"rendered":"ACER ASPIRE 3 A315-51-341M 15,6&#8243; FHD LCD matt k\u00e9perny\u0151 tart\u00f3kkal \u00daj"},"content":{"rendered":"<p><strong><\/strong><\/p>\n<p>Fokozza az Acer Aspire 3 A315-51-341M kijelz\u0151j\u00e9t ezzel a kiv\u00e1l\u00f3 min\u0151s\u00e9g\u0171 15,6&#8243;-os LCD-k\u00e9perny\u0151vel. A tiszta \u00e9s \u00e9les megjelen\u00edt\u00e9sre tervezett Full HD (1920&#215;1080) k\u00e9perny\u0151 kiv\u00e1l\u00f3 felbont\u00e1st k\u00edn\u00e1l a mindennapi sz\u00e1m\u00edt\u00e1stechnikai feladatokhoz. A matt fel\u00fclet cs\u00f6kkenti a t\u00fckr\u00f6z\u0151d\u00e9st, k\u00e9nyelmes megtekint\u00e9st biztos\u00edtva k\u00fcl\u00f6nf\u00e9le f\u00e9nyviszonyok k\u00f6z\u00f6tt.<\/p>\n<p>Ez a nem IPS k\u00e9perny\u0151 k\u00f6nnyen csatlakozik a 30 t\u0171s eDP-csatlakoz\u00f3n kereszt\u00fcl, \u00edgy biztos\u00edtva a kompatibilit\u00e1st az eszk\u00f6zzel. A fels\u0151 \u00e9s als\u00f3 konzolok be\u00e9p\u00edt\u00e9se egyszer\u0171v\u00e9 teszi a telep\u00edt\u00e9st, lehet\u0151v\u00e9 t\u00e9ve a megl\u00e9v\u0151 k\u00e9perny\u0151 cser\u00e9j\u00e9t minim\u00e1lis gonddal. Ak\u00e1r egy s\u00e9r\u00fclt k\u00e9perny\u0151t cser\u00e9l, ak\u00e1r a jobb teljes\u00edtm\u00e9ny \u00e9rdek\u00e9ben friss\u00edt, ez az LCD-k\u00e9perny\u0151 megb\u00edzhat\u00f3 v\u00e1laszt\u00e1s.<\/p>\n<p>\u00c1llapot: \u00daj. Ez a term\u00e9k vadonat\u00faj, \u00edgy azonnali telep\u00edt\u00e9sre k\u00e9sz hib\u00e1tlan k\u00e9perny\u0151t kap.<\/p>\n","protected":false},"excerpt":{"rendered":"<p>&nbsp;<\/p>\n<p>B\u0151v\u00edtse Acer Aspire 3 A315-51-341M-j\u00e9t egy 15,6 h\u00fcvelykes FHD LCD-k\u00e9perny\u0151vel. Ez a matt kijelz\u0151 30 t\u0171s eDP-csatlakoz\u00e1ssal rendelkezik, valamint fels\u0151 \u00e9s als\u00f3 tart\u00f3konzollal rendelkezik az egyszer\u0171 telep\u00edt\u00e9s \u00e9rdek\u00e9ben. \u00c1llapot: \u00daj.<\/p>\n","protected":false},"featured_media":9974,"template":"","meta":[],"product_brand":[],"product_cat":[81,71],"product_tag":[29],"class_list":{"0":"post-10000","1":"product","2":"type-product","3":"status-publish","4":"has-post-thumbnail","6":"product_cat-15-6-new-laptop-screens-lcd-panels","7":"product_cat-new-laptop-screens-lcd-panels","8":"product_tag-acer","10":"first","11":"instock","12":"taxable","13":"shipping-taxable","14":"purchasable","15":"product-type-simple"},"_links":{"self":[{"href":"https:\/\/boreait.com\/hu\/wp-json\/wp\/v2\/product\/10000","targetHints":{"allow":["GET"]}}],"collection":[{"href":"https:\/\/boreait.com\/hu\/wp-json\/wp\/v2\/product"}],"about":[{"href":"https:\/\/boreait.com\/hu\/wp-json\/wp\/v2\/types\/product"}],"wp:featuredmedia":[{"embeddable":true,"href":"https:\/\/boreait.com\/hu\/wp-json\/wp\/v2\/media\/9974"}],"wp:attachment":[{"href":"https:\/\/boreait.com\/hu\/wp-json\/wp\/v2\/media?parent=10000"}],"wp:term":[{"taxonomy":"product_brand","embeddable":true,"href":"https:\/\/boreait.com\/hu\/wp-json\/wp\/v2\/product_brand?post=10000"},{"taxonomy":"product_cat","embeddable":true,"href":"https:\/\/boreait.com\/hu\/wp-json\/wp\/v2\/product_cat?post=10000"},{"taxonomy":"product_tag","embeddable":true,"href":"https:\/\/boreait.com\/hu\/wp-json\/wp\/v2\/product_tag?post=10000"}],"curies":[{"name":"wp","href":"https:\/\/api.w.org\/{rel}","templated":true}]}}