{"id":3,"date":"2025-09-17T09:11:13","date_gmt":"2025-09-17T07:11:13","guid":{"rendered":"https:\/\/boreait.com\/hu\/?page_id=3"},"modified":"2025-11-20T13:09:39","modified_gmt":"2025-11-20T12:09:39","slug":"adatkezelesi-tajekoztato","status":"publish","type":"page","link":"https:\/\/boreait.com\/hu\/adatkezelesi-tajekoztato\/","title":{"rendered":"Adatkezel\u00e9si t\u00e1j\u00e9koztat\u00f3"},"content":{"rendered":"\n<h2 class=\"wp-block-heading\">\u00c1ltal\u00e1nos Szerz\u0151d\u00e9si Felt\u00e9telek (\u00c1SZF)<\/h2>\n\n\n\n<p>Az \u00e1ltal\u00e1nos szerz\u0151d\u00e9si felt\u00e9telek a szlov\u00e9n fogyaszt\u00f3v\u00e9delmi t\u00f6rv\u00e9ny, a ZVPot rendelkez\u00e9seivel \u00f6sszhangban k\u00e9sz\u00fcltek. Tartalmazz\u00e1k az \u00e1ruh\u00e1z m\u0171k\u00f6d\u00e9s\u00e9re, a felhaszn\u00e1l\u00f3k jogaira, valamint a web\u00e1ruh\u00e1z (<a href=\"https:\/\/boreait.com\/hu\">https:\/\/boreait.com\/hu<\/a>) \u00e9s a v\u00e1s\u00e1rl\u00f3k k\u00f6z\u00f6tti jogviszonyra vonatkoz\u00f3 inform\u00e1ci\u00f3kat.<\/p>\n\n\n\n<p><strong>Elad\u00f3 \/ \u00dczemeltet\u0151<\/strong><\/p>\n\n\n\n<p>Borea IT d.o.o.<br>C\u00edm: Budanje 6g, 5271 Vipava, Szlov\u00e9nia<br>\u00c1FA-sz\u00e1m: SI64114317<br>\u00c1FA-k\u00f6teles: Igen<br>C\u00e9gjegyz\u00e9ksz\u00e1m: 9923802<br>Bejegyezve: Nova Gorica j\u00e1r\u00e1sb\u00edr\u00f3s\u00e1g<br>T\u00f6rzst\u0151ke: 7 500,00 EUR<\/p>\n\n\n\n<p><strong>Fizet\u00e9si inform\u00e1ci\u00f3k<\/strong><br>IBAN: SI56 6400 0990 2107 659<br>BIC\/SWIFT: HKVISI22<br>A bank c\u00edme: PRIMORSKA HRANILNICA VIPAVA d.d., Glavni trg 15, 5271 VIPAVA<\/p>\n\n\n\n<p><strong>Fizet\u00e9si m\u00f3dok<\/strong><\/p>\n\n\n\n<ul class=\"wp-block-list\">\n<li>Banki \u00e1tutal\u00e1s (el\u0151re fizet\u00e9s)<\/li>\n\n\n\n<li>PayPal<\/li>\n\n\n\n<li>Bankk\u00e1rty\u00e1s fizet\u00e9s<\/li>\n<\/ul>\n\n\n\n<p><strong>\u00c1rak<\/strong><\/p>\n\n\n\n<p>Minden \u00e1r eur\u00f3ban \u00e9rtend\u0151, \u00e9s tartalmazza a t\u00f6rv\u00e9nyes \u00c1F\u00c1-t. Az elad\u00f3 fenntartja a jogot az \u00e1rak napi szint\u0171 m\u00f3dos\u00edt\u00e1s\u00e1ra. Az ad\u00e1sv\u00e9teli szerz\u0151d\u00e9s az elad\u00f3 \u00e9s a vev\u0151 k\u00f6z\u00f6tt akkor j\u00f6n l\u00e9tre, amikor az elad\u00f3 e-mailben visszaigazolja a rendel\u00e9st. Ett\u0151l a pillanatt\u00f3l kezdve minden \u00e1r \u00e9s felt\u00e9tel mindk\u00e9t f\u00e9l sz\u00e1m\u00e1ra k\u00f6telez\u0151 \u00e9rv\u00e9ny\u0171.<\/p>\n\n\n\n<p><strong>Rendel\u00e9si folyamat<\/strong><\/p>\n\n\n\n<ol class=\"wp-block-list\">\n<li><strong>Rendel\u00e9s be\u00e9rkezett:<\/strong><br>A rendel\u00e9s lead\u00e1sa ut\u00e1n a vev\u0151 e-mailben rendel\u00e9s-visszaigazol\u00e1st kap. Ezen a ponton a vev\u0151nek egy \u00f3r\u00e1ja van a rendel\u00e9s lemond\u00e1s\u00e1ra. A rendel\u00e9sre vonatkoz\u00f3 \u00f6sszes inform\u00e1ci\u00f3 az elad\u00f3 weboldal\u00e1n \u00e9rhet\u0151 el.<\/li>\n\n\n\n<li><strong>Rendel\u00e9s feldolgoz\u00e1s alatt:<\/strong><br>Ha nem t\u00f6rt\u00e9nik lemond\u00e1s, a rendel\u00e9s feldolgoz\u00e1sra ker\u00fcl. Az elad\u00f3 ellen\u0151rzi a term\u00e9kek el\u00e9rhet\u0151s\u00e9g\u00e9t, \u00e9s a rendel\u00e9st meger\u0151s\u00edti vagy elutas\u00edtja. Sz\u00fcks\u00e9g eset\u00e9n az elad\u00f3 felveheti a kapcsolatot a vev\u0151vel pontos\u00edt\u00e1s c\u00e9lj\u00e1b\u00f3l. A visszaigazol\u00e1ssal az ad\u00e1sv\u00e9teli szerz\u0151d\u00e9s v\u00e9glegesen k\u00f6telez\u0151 \u00e9rv\u00e9ny\u0171v\u00e9 v\u00e1lik.<\/li>\n\n\n\n<li><strong>\u00c1ru felad\u00e1sa:<\/strong><br>Az elad\u00f3 el\u0151k\u00e9sz\u00edti az \u00e1rut, feladja a sz\u00e1ll\u00edtm\u00e1nyt, \u00e9s e-mailben \u00e9rtes\u00edti a vev\u0151t a kisz\u00e1ll\u00edt\u00e1sr\u00f3l.<\/li>\n<\/ol>\n\n\n\n<p><strong>El\u00e1ll\u00e1si jog \u00e9s visszak\u00fcld\u00e9s<\/strong><\/p>\n\n\n\n<p>A ZVPot t\u00f6rv\u00e9nynek megfelel\u0151en a vev\u0151nek joga van indokl\u00e1s n\u00e9lk\u00fcl \u00e9rtes\u00edteni az elad\u00f3t a szerz\u0151d\u00e9st\u0151l val\u00f3 el\u00e1ll\u00e1si sz\u00e1nd\u00e9k\u00e1r\u00f3l 14 napon bel\u00fcl. Az el\u00e1ll\u00e1si \u00e9rtes\u00edt\u00e9st e-mailben kell elk\u00fcldeni a k\u00f6vetkez\u0151 c\u00edmre: <strong><a href=\"mailto:bostjan@pracek.si\">bostjan@pracek.si<\/a><\/strong><\/p>\n\n\n\n<p><\/p>\n","protected":false},"excerpt":{"rendered":"<p>\u00c1ltal\u00e1nos Szerz\u0151d\u00e9si Felt\u00e9telek (\u00c1SZF) Az \u00e1ltal\u00e1nos szerz\u0151d\u00e9si felt\u00e9telek a szlov\u00e9n fogyaszt\u00f3v\u00e9delmi t\u00f6rv\u00e9ny, a ZVPot rendelkez\u00e9seivel \u00f6sszhangban k\u00e9sz\u00fcltek. Tartalmazz\u00e1k az \u00e1ruh\u00e1z m\u0171k\u00f6d\u00e9s\u00e9re, a felhaszn\u00e1l\u00f3k jogaira, valamint a web\u00e1ruh\u00e1z (https:\/\/boreait.com\/hu) \u00e9s a v\u00e1s\u00e1rl\u00f3k k\u00f6z\u00f6tti jogviszonyra vonatkoz\u00f3 inform\u00e1ci\u00f3kat. Elad\u00f3 \/ \u00dczemeltet\u0151 Borea IT d.o.o.C\u00edm: Budanje 6g, 5271 Vipava, Szlov\u00e9nia\u00c1FA-sz\u00e1m: SI64114317\u00c1FA-k\u00f6teles: IgenC\u00e9gjegyz\u00e9ksz\u00e1m: 9923802Bejegyezve: Nova Gorica j\u00e1r\u00e1sb\u00edr\u00f3s\u00e1gT\u00f6rzst\u0151ke: 7 500,00 EUR [&hellip;]<\/p>\n","protected":false},"author":2,"featured_media":0,"parent":0,"menu_order":0,"comment_status":"closed","ping_status":"open","template":"","meta":{"footnotes":""},"class_list":["post-3","page","type-page","status-publish","hentry"],"_links":{"self":[{"href":"https:\/\/boreait.com\/hu\/wp-json\/wp\/v2\/pages\/3","targetHints":{"allow":["GET"]}}],"collection":[{"href":"https:\/\/boreait.com\/hu\/wp-json\/wp\/v2\/pages"}],"about":[{"href":"https:\/\/boreait.com\/hu\/wp-json\/wp\/v2\/types\/page"}],"author":[{"embeddable":true,"href":"https:\/\/boreait.com\/hu\/wp-json\/wp\/v2\/users\/2"}],"replies":[{"embeddable":true,"href":"https:\/\/boreait.com\/hu\/wp-json\/wp\/v2\/comments?post=3"}],"version-history":[{"count":1,"href":"https:\/\/boreait.com\/hu\/wp-json\/wp\/v2\/pages\/3\/revisions"}],"predecessor-version":[{"id":13231,"href":"https:\/\/boreait.com\/hu\/wp-json\/wp\/v2\/pages\/3\/revisions\/13231"}],"wp:attachment":[{"href":"https:\/\/boreait.com\/hu\/wp-json\/wp\/v2\/media?parent=3"}],"curies":[{"name":"wp","href":"https:\/\/api.w.org\/{rel}","templated":true}]}}