{"id":13245,"date":"2025-11-20T13:29:29","date_gmt":"2025-11-20T12:29:29","guid":{"rendered":"https:\/\/boreait.com\/hu\/?page_id=13245"},"modified":"2025-11-20T13:32:16","modified_gmt":"2025-11-20T12:32:16","slug":"termekeink-allapota","status":"publish","type":"page","link":"https:\/\/boreait.com\/hu\/termekeink-allapota\/","title":{"rendered":"Term\u00e9keink \u00e1llapota"},"content":{"rendered":"\n<p>Ha a c\u00edmben \u00e9s\/vagy a le\u00edr\u00e1sban nincs m\u00e1sk\u00e9nt felt\u00fcntetve, web\u00e1ruh\u00e1zunk term\u00e9kei haszn\u00e1ltak, megtiszt\u00edtottak \u00e9s teszteltek.<\/p>\n\n\n\n<p><\/p>\n","protected":false},"excerpt":{"rendered":"<p>Ha a c\u00edmben \u00e9s\/vagy a le\u00edr\u00e1sban nincs m\u00e1sk\u00e9nt felt\u00fcntetve, web\u00e1ruh\u00e1zunk term\u00e9kei haszn\u00e1ltak, megtiszt\u00edtottak \u00e9s teszteltek.<\/p>\n","protected":false},"author":2,"featured_media":0,"parent":0,"menu_order":0,"comment_status":"closed","ping_status":"closed","template":"","meta":{"footnotes":""},"class_list":["post-13245","page","type-page","status-publish","hentry"],"_links":{"self":[{"href":"https:\/\/boreait.com\/hu\/wp-json\/wp\/v2\/pages\/13245","targetHints":{"allow":["GET"]}}],"collection":[{"href":"https:\/\/boreait.com\/hu\/wp-json\/wp\/v2\/pages"}],"about":[{"href":"https:\/\/boreait.com\/hu\/wp-json\/wp\/v2\/types\/page"}],"author":[{"embeddable":true,"href":"https:\/\/boreait.com\/hu\/wp-json\/wp\/v2\/users\/2"}],"replies":[{"embeddable":true,"href":"https:\/\/boreait.com\/hu\/wp-json\/wp\/v2\/comments?post=13245"}],"version-history":[{"count":3,"href":"https:\/\/boreait.com\/hu\/wp-json\/wp\/v2\/pages\/13245\/revisions"}],"predecessor-version":[{"id":13251,"href":"https:\/\/boreait.com\/hu\/wp-json\/wp\/v2\/pages\/13245\/revisions\/13251"}],"wp:attachment":[{"href":"https:\/\/boreait.com\/hu\/wp-json\/wp\/v2\/media?parent=13245"}],"curies":[{"name":"wp","href":"https:\/\/api.w.org\/{rel}","templated":true}]}}