{"id":29444,"date":"2025-09-12T09:30:19","date_gmt":"2025-09-12T09:30:19","guid":{"rendered":"https:\/\/boreait.com\/hr\/?post_type=product&#038;p=29444"},"modified":"2025-09-12T09:33:32","modified_gmt":"2025-09-12T09:33:32","slug":"samsung-galaxy-a54-5g-a546-lcd-ekran-osjetljiv-na-dodir-digitizer-okvir-crni-oled","status":"publish","type":"product","link":"https:\/\/boreait.com\/hr\/product\/samsung-galaxy-a54-5g-a546-lcd-ekran-osjetljiv-na-dodir-digitizer-okvir-crni-oled\/","title":{"rendered":"Samsung Galaxy A54 5G A546 LCD ekran osjetljiv na dodir Digitizer + okvir crni OLED"},"content":{"rendered":"<p data-start=\"345\" data-end=\"588\">Zamijenite napuknuti ili neispravan zaslon ovim <strong data-start=\"391\" data-end=\"464\">originalnim Samsung Galaxy A54 5G LCD + zaslonom osjetljivim na dodir + okvirom (crni OLED)<\/strong>.<br data-start=\"465\" data-end=\"468\" \/>Ovaj kompletan sklop osigurava savr\u0161eno pristajanje i vra\u0107a punu funkcionalnost dodira, svjetlina i kvaliteta \u017eivih boja.<\/p>\n<p data-start=\"590\" data-end=\"612\"><strong data-start=\"590\" data-end=\"610\">Pojedinosti o proizvodu:<\/strong><\/p>\n<ul data-start=\"613\" data-end=\"886\">\n<li data-start=\"613\" data-end=\"656\">\n<p data-start=\"615\" data-end=\"656\">Model: <strong data-start=\"622\" data-end=\"654\">Samsung Galaxy A54 5G (A546)<\/strong><\/p>\n<\/li>\n<li data-start=\"657\" data-end=\"706\">\n<p data-start=\"659\" data-end=\"706\">Vrsta: <strong data-start=\"665\" data-end=\"704\">LCD + digitalizator osjetljivog na dodir + okvir<\/strong><\/p>\n<\/li>\n<li data-start=\"707\" data-end=\"727\">\n<p data-start=\"709\" data-end=\"727\">Boja: <strong data-start=\"716\" data-end=\"725\">Crna<\/strong><\/p>\n<\/li>\n<li data-start=\"728\" data-end=\"789\">\n<p data-start=\"730\" data-end=\"789\">Tehnologija: <strong data-start=\"742\" data-end=\"750\">OLED<\/strong> za \u017eivopisne boje i dubok kontrast<\/p>\n<\/li>\n<li data-start=\"790\" data-end=\"839\">\n<p data-start=\"792\" data-end=\"839\">Stanje: <strong data-start=\"803\" data-end=\"837\">Original, visoka kvaliteta, testirano<\/strong><\/p>\n<\/li>\n<li data-start=\"840\" data-end=\"886\">\n<p data-start=\"842\" data-end=\"886\">Jednostavna instalacija s unaprijed sastavljenim okvirom<\/p>\n<\/li>\n<\/ul>\n<p data-start=\"888\" data-end=\"976\"><strong data-start=\"888\" data-end=\"909\">Paket uklju\u010duje:<\/strong><br data-start=\"909\" data-end=\"912\" \/>1x Samsung Galaxy A54 5G (A546) LCD + Touch + Frame Black OLED<\/p>\n<p data-start=\"978\" data-end=\"1067\">Savr\u0161en zamjenski dio za vra\u0107anje zaslona va\u0161eg pametnog telefona u stanje kao na novom.<\/p>\n<p data-start=\"978\" data-end=\"1067\"><\/p>\n","protected":false},"excerpt":{"rendered":"<p>#VALUE!<\/p>\n","protected":false},"featured_media":29480,"template":"","meta":[],"product_brand":[],"product_cat":[148],"product_tag":[83],"class_list":{"0":"post-29444","1":"product","2":"type-product","3":"status-publish","4":"has-post-thumbnail","6":"product_cat-mobile-phone-parts","7":"product_tag-samsung","9":"first","10":"instock","11":"taxable","12":"shipping-taxable","13":"purchasable","14":"product-type-simple"},"_links":{"self":[{"href":"https:\/\/boreait.com\/hr\/wp-json\/wp\/v2\/product\/29444","targetHints":{"allow":["GET"]}}],"collection":[{"href":"https:\/\/boreait.com\/hr\/wp-json\/wp\/v2\/product"}],"about":[{"href":"https:\/\/boreait.com\/hr\/wp-json\/wp\/v2\/types\/product"}],"wp:featuredmedia":[{"embeddable":true,"href":"https:\/\/boreait.com\/hr\/wp-json\/wp\/v2\/media\/29480"}],"wp:attachment":[{"href":"https:\/\/boreait.com\/hr\/wp-json\/wp\/v2\/media?parent=29444"}],"wp:term":[{"taxonomy":"product_brand","embeddable":true,"href":"https:\/\/boreait.com\/hr\/wp-json\/wp\/v2\/product_brand?post=29444"},{"taxonomy":"product_cat","embeddable":true,"href":"https:\/\/boreait.com\/hr\/wp-json\/wp\/v2\/product_cat?post=29444"},{"taxonomy":"product_tag","embeddable":true,"href":"https:\/\/boreait.com\/hr\/wp-json\/wp\/v2\/product_tag?post=29444"}],"curies":[{"name":"wp","href":"https:\/\/api.w.org\/{rel}","templated":true}]}}