{"id":29438,"date":"2025-09-12T09:29:54","date_gmt":"2025-09-12T09:29:54","guid":{"rendered":"https:\/\/boreait.com\/hr\/?post_type=product&#038;p=29438"},"modified":"2025-09-13T15:20:05","modified_gmt":"2025-09-13T15:20:05","slug":"straznja-maska-zaslona-lenovo-thinkpad-t460-s-kamerom-scb0h21608","status":"publish","type":"product","link":"https:\/\/boreait.com\/hr\/product\/straznja-maska-zaslona-lenovo-thinkpad-t460-s-kamerom-scb0h21608\/","title":{"rendered":"Stra\u017enja maska \u200b\u200bzaslona Lenovo ThinkPad T460 s kamerom SCB0H21608"},"content":{"rendered":"<p data-start=\"351\" data-end=\"615\">Vratite svom Lenovo ThinkPadu profesionalni izgled i za\u0161titu zaslona s ovim <strong data-start=\"432\" data-end=\"491\">zamjenskim stra\u017enjim poklopcem zaslona (SCB0H21608) s kamerom<\/strong>.<br data-start=\"492\" data-end=\"495\" \/>Izra\u0111en od visokokvalitetnih materijala, ovaj originalni dio pru\u017ea izdr\u017eljivost, stabilnost i savr\u0161eno pristajanje va\u0161em prijenosnom ra\u010dunalu.<\/p>\n<p data-start=\"617\" data-end=\"639\"><strong data-start=\"617\" data-end=\"637\">Pojedinosti o proizvodu:<\/strong><\/p>\n<ul data-start=\"640\" data-end=\"916\">\n<li data-start=\"640\" data-end=\"689\">\n<p data-start=\"642\" data-end=\"689\">Kompatibilnost modela: <strong data-start=\"663\" data-end=\"687\">Lenovo ThinkPad T460<\/strong><\/p>\n<\/li>\n<li data-start=\"690\" data-end=\"721\">\n<p data-start=\"692\" data-end=\"721\">Broj dijela: <strong data-start=\"705\" data-end=\"719\">SCB0H21608<\/strong><\/p>\n<\/li>\n<li data-start=\"722\" data-end=\"770\">\n<p data-start=\"724\" data-end=\"770\">Vrsta: <strong data-start=\"730\" data-end=\"768\">stra\u017enji poklopac LCD zaslona s kamerom<\/strong><\/p>\n<\/li>\n<li data-start=\"771\" data-end=\"821\">\n<p data-start=\"773\" data-end=\"821\">Uvjet: <strong data-start=\"784\" data-end=\"819\">Originalni Lenovo, stupanj A, testirano<\/strong><\/p>\n<\/li>\n<li data-start=\"822\" data-end=\"874\">\n<p data-start=\"824\" data-end=\"874\">Pru\u017ea strukturnu za\u0161titu za LCD panel<\/p>\n<\/li>\n<li data-start=\"875\" data-end=\"916\">\n<p data-start=\"877\" data-end=\"916\">Uklju\u010duje integrirani <strong data-start=\"897\" data-end=\"914\">modul kamere<\/strong><\/p>\n<\/li>\n<\/ul>\n<p data-start=\"918\" data-end=\"1018\"><strong data-start=\"918\" data-end=\"939\">Paket uklju\u010duje:<\/strong><br data-start=\"939\" data-end=\"942\" \/>1x stra\u017enji poklopac zaslona Lenovo ThinkPad T460 (SCB0H21608) s kamerom<\/p>\n<p data-start=\"1020\" data-end=\"1095\">Savr\u0161eno rje\u0161enje za zamjenu napuknutih, izgrebanih ili slomljenih stra\u017enjih maski.<\/p>\n","protected":false},"excerpt":{"rendered":"<p>Zamjenski <strong data-start=\"201\" data-end=\"248\">stra\u017enji poklopac zaslona s kamerom (SCB0H21608)<\/strong> za Lenovo ThinkPad T460. Originalni, izdr\u017eljivi rezervni dio.<\/p>\n","protected":false},"featured_media":29477,"template":"","meta":[],"product_brand":[],"product_cat":[51],"product_tag":[61],"class_list":{"0":"post-29438","1":"product","2":"type-product","3":"status-publish","4":"has-post-thumbnail","6":"product_cat-laptop-housing","7":"product_tag-lenovo","9":"first","10":"instock","11":"taxable","12":"shipping-taxable","13":"purchasable","14":"product-type-simple"},"_links":{"self":[{"href":"https:\/\/boreait.com\/hr\/wp-json\/wp\/v2\/product\/29438","targetHints":{"allow":["GET"]}}],"collection":[{"href":"https:\/\/boreait.com\/hr\/wp-json\/wp\/v2\/product"}],"about":[{"href":"https:\/\/boreait.com\/hr\/wp-json\/wp\/v2\/types\/product"}],"wp:featuredmedia":[{"embeddable":true,"href":"https:\/\/boreait.com\/hr\/wp-json\/wp\/v2\/media\/29477"}],"wp:attachment":[{"href":"https:\/\/boreait.com\/hr\/wp-json\/wp\/v2\/media?parent=29438"}],"wp:term":[{"taxonomy":"product_brand","embeddable":true,"href":"https:\/\/boreait.com\/hr\/wp-json\/wp\/v2\/product_brand?post=29438"},{"taxonomy":"product_cat","embeddable":true,"href":"https:\/\/boreait.com\/hr\/wp-json\/wp\/v2\/product_cat?post=29438"},{"taxonomy":"product_tag","embeddable":true,"href":"https:\/\/boreait.com\/hr\/wp-json\/wp\/v2\/product_tag?post=29438"}],"curies":[{"name":"wp","href":"https:\/\/api.w.org\/{rel}","templated":true}]}}