{"id":29435,"date":"2025-09-12T09:29:54","date_gmt":"2025-09-12T09:29:54","guid":{"rendered":"https:\/\/boreait.com\/hr\/?post_type=product&#038;p=29435"},"modified":"2026-02-27T07:31:32","modified_gmt":"2026-02-27T07:31:32","slug":"kabel-za-napajanje-prikljucak-za-punjenje-za-lenovo-thinkpad-t440-t440s-t450-t450s-t460-dc301100q800","status":"publish","type":"product","link":"https:\/\/boreait.com\/hr\/product\/kabel-za-napajanje-prikljucak-za-punjenje-za-lenovo-thinkpad-t440-t440s-t450-t450s-t460-dc301100q800\/","title":{"rendered":"Kabel za napajanje Priklju\u010dak za punjenje za Lenovo ThinkPad T440 T440s T450 T450s T460 DC301100Q800"},"content":{"rendered":"<p data-start=\"333\" data-end=\"580\">Rije\u0161ite probleme s punjenjem pomo\u0107u ovog <strong data-start=\"363\" data-end=\"410\">zamjenskog kabela za napajanje (DC301100Q800)<\/strong>, dizajniranog za prijenosna ra\u010dunala Lenovo ThinkPad.<br data-start=\"449\" data-end=\"452\" \/>Ako se va\u0161 ure\u0111aj vi\u0161e ne puni ili je priklju\u010dak za punjenje o\u0161te\u0107en, ova originalna zamjena uspostavlja pouzdanu vezu s napajanjem.<\/p>\n<p data-start=\"582\" data-end=\"604\"><strong data-start=\"582\" data-end=\"602\">Pojedinosti o proizvodu:<\/strong><\/p>\n<ul data-start=\"605\" data-end=\"865\">\n<li data-start=\"605\" data-end=\"680\">\n<p data-start=\"607\" data-end=\"680\">Kompatibilnost modela: <strong data-start=\"628\" data-end=\"678\">Lenovo ThinkPad T440, T440s, T450, T450s, T460<\/strong><\/p>\n<\/li>\n<li data-start=\"681\" data-end=\"714\">\n<p data-start=\"683\" data-end=\"714\">Broj dijela: <strong data-start=\"696\" data-end=\"712\">DC301100Q800<\/strong><\/p>\n<\/li>\n<li data-start=\"715\" data-end=\"763\">\n<p data-start=\"717\" data-end=\"763\">Vrsta: <strong data-start=\"723\" data-end=\"761\">Uti\u010dnica za napajanje \/ DC-in kabel s priklju\u010dkom<\/strong><\/p>\n<\/li>\n<li data-start=\"764\" data-end=\"815\">\n<p data-start=\"766\" data-end=\"815\">Stanje: <strong data-start=\"777\" data-end=\"813\">Visokokvalitetna zamjena, testirano<\/strong><\/p>\n<\/li>\n<li data-start=\"816\" data-end=\"865\">\n<p data-start=\"818\" data-end=\"865\">Osigurava stabilnu i sigurnu vezu za punjenje<\/p>\n<\/li>\n<\/ul>\n<p data-start=\"867\" data-end=\"943\"><strong data-start=\"867\" data-end=\"888\">Paket uklju\u010duje:<\/strong><br data-start=\"888\" data-end=\"891\" \/>1x Power Jack Kabel za punjenje Priklju\u010dak <strong data-start=\"925\" data-end=\"941\">DC301100Q800<\/strong><\/p>\n<p data-start=\"945\" data-end=\"1048\">Savr\u0161ena zamjena za istro\u0161ene ili pokvarene priklju\u010dke za punjenje kako biste vratili svoje prijenosno ra\u010dunalo u ispravno stanje.<\/p>\n","protected":false},"excerpt":{"rendered":"<p>Zamjenski <strong data-start=\"175\" data-end=\"229\">uti\u010dnica za napajanje s kabelom (DC301100Q800)<\/strong> za Lenovo ThinkPad T440, T440s, T450, T450s i T460.<\/p>\n","protected":false},"featured_media":29474,"template":"","meta":[],"product_brand":[],"product_cat":[55],"product_tag":[],"class_list":{"0":"post-29435","1":"product","2":"type-product","3":"status-publish","4":"has-post-thumbnail","6":"product_cat-cables","8":"first","9":"outofstock","10":"taxable","11":"shipping-taxable","12":"purchasable","13":"product-type-simple"},"_links":{"self":[{"href":"https:\/\/boreait.com\/hr\/wp-json\/wp\/v2\/product\/29435","targetHints":{"allow":["GET"]}}],"collection":[{"href":"https:\/\/boreait.com\/hr\/wp-json\/wp\/v2\/product"}],"about":[{"href":"https:\/\/boreait.com\/hr\/wp-json\/wp\/v2\/types\/product"}],"wp:featuredmedia":[{"embeddable":true,"href":"https:\/\/boreait.com\/hr\/wp-json\/wp\/v2\/media\/29474"}],"wp:attachment":[{"href":"https:\/\/boreait.com\/hr\/wp-json\/wp\/v2\/media?parent=29435"}],"wp:term":[{"taxonomy":"product_brand","embeddable":true,"href":"https:\/\/boreait.com\/hr\/wp-json\/wp\/v2\/product_brand?post=29435"},{"taxonomy":"product_cat","embeddable":true,"href":"https:\/\/boreait.com\/hr\/wp-json\/wp\/v2\/product_cat?post=29435"},{"taxonomy":"product_tag","embeddable":true,"href":"https:\/\/boreait.com\/hr\/wp-json\/wp\/v2\/product_tag?post=29435"}],"curies":[{"name":"wp","href":"https:\/\/api.w.org\/{rel}","templated":true}]}}