{"id":29434,"date":"2025-09-12T09:29:54","date_gmt":"2025-09-12T09:29:54","guid":{"rendered":"https:\/\/boreait.com\/hr\/?post_type=product&#038;p=29434"},"modified":"2025-09-13T15:17:24","modified_gmt":"2025-09-13T15:17:24","slug":"lenovo-thinkpad-x1-carbon-x260-t460-t560-wifi-kartica-intel-8260ngw-00jt530","status":"publish","type":"product","link":"https:\/\/boreait.com\/hr\/product\/lenovo-thinkpad-x1-carbon-x260-t460-t560-wifi-kartica-intel-8260ngw-00jt530\/","title":{"rendered":"Lenovo ThinkPad X1 Carbon X260 T460 T560 WiFi kartica Intel 8260NGW 00JT530"},"content":{"rendered":"<p data-start=\"338\" data-end=\"612\">Ostanite povezani s ovom <strong data-start=\"363\" data-end=\"421\">originalnom Lenovo WiFi karticom (Intel 8260NGW, FRU 00JT530)<\/strong>.<br data-start=\"422\" data-end=\"425\" \/>Dizajnirana za vi\u0161e ThinkPad modela, ova be\u017ei\u010dna kartica pru\u017ea stabilan, WiFi i Bluetooth povezivost velike brzine, \u0161to ga \u010dini savr\u0161enom zamjenom za neispravne ili zastarjele adaptere.<\/p>\n<p data-start=\"614\" data-end=\"636\"><strong data-start=\"614\" data-end=\"634\">Pojedinosti o proizvodu:<\/strong><\/p>\n<ul data-start=\"637\" data-end=\"855\">\n<li data-start=\"637\" data-end=\"666\">\n<p data-start=\"639\" data-end=\"666\">Brand: <strong data-start=\"646\" data-end=\"664\">Intel \/ Lenovo<\/strong><\/p>\n<\/li>\n<li data-start=\"667\" data-end=\"689\">\n<p data-start=\"669\" data-end=\"689\">Model: <strong data-start=\"676\" data-end=\"687\">8260NGW<\/strong><\/p>\n<\/li>\n<li data-start=\"690\" data-end=\"710\">\n<p data-start=\"692\" data-end=\"710\">FRU: <strong data-start=\"697\" data-end=\"708\">00JT530<\/strong><\/p>\n<\/li>\n<li data-start=\"711\" data-end=\"757\">\n<p data-start=\"713\" data-end=\"757\">Vrsta: <strong data-start=\"719\" data-end=\"755\">WiFi + Bluetooth kartica (NGFF M.2)<\/strong><\/p>\n<\/li>\n<li data-start=\"758\" data-end=\"808\">\n<p data-start=\"760\" data-end=\"808\">Uvjet: <strong data-start=\"771\" data-end=\"806\">Originalni Lenovo, razred A, testirano<\/strong><\/p>\n<\/li>\n<li data-start=\"809\" data-end=\"855\">\n<p data-start=\"811\" data-end=\"855\">Dvopojasna podr\u0161ka za pouzdan rad<\/p>\n<\/li>\n<\/ul>\n<p data-start=\"857\" data-end=\"881\"><strong data-start=\"857\" data-end=\"879\">Kompatibilni modeli:<\/strong><\/p>\n<ul data-start=\"882\" data-end=\"974\">\n<li data-start=\"882\" data-end=\"908\">\n<p data-start=\"884\" data-end=\"908\"><strong data-start=\"884\" data-end=\"906\">ThinkPad X1 Carbon<\/strong><\/p>\n<\/li>\n<li data-start=\"909\" data-end=\"930\">\n<p data-start=\"911\" data-end=\"930\"><strong data-start=\"911\" data-end=\"928\">ThinkPad X260<\/strong><\/p>\n<\/li>\n<li data-start=\"931\" data-end=\"952\">\n<p data-start=\"933\" data-end=\"952\"><strong data-start=\"933\" data-end=\"950\">ThinkPad T460<\/strong><\/p>\n<\/li>\n<li data-start=\"953\" data-end=\"974\">\n<p data-start=\"955\" data-end=\"974\"><strong data-start=\"955\" data-end=\"972\">ThinkPad T560<\/strong><\/p>\n<\/li>\n<\/ul>\n<p data-start=\"976\" data-end=\"1051\"><strong data-start=\"976\" data-end=\"997\">Paket uklju\u010duje:<\/strong><br data-start=\"997\" data-end=\"1000\" \/>1x originalna Lenovo WiFi kartica <strong data-start=\"1028\" data-end=\"1049\">8260NGW (00JT530)<\/strong><\/p>\n<p data-start=\"1053\" data-end=\"1143\">Savr\u0161eno rje\u0161enje za rje\u0161avanje problema s povezivanjem ili nadogradnju na br\u017ee WiFi performanse.<\/p>\n","protected":false},"excerpt":{"rendered":"<p>Originalna <strong data-start=\"160\" data-end=\"197\">Intel 8260NGW WiFi kartica (00JT530)<\/strong> za Lenovo ThinkPad X1 Carbon, X260, T460 i T560. Pouzdana nadogradnja be\u017ei\u010dne veze.<\/p>\n","protected":false},"featured_media":29473,"template":"","meta":[],"product_brand":[],"product_cat":[62],"product_tag":[61],"class_list":{"0":"post-29434","1":"product","2":"type-product","3":"status-publish","4":"has-post-thumbnail","6":"product_cat-motherboards-board-parts","7":"product_tag-lenovo","9":"first","10":"instock","11":"taxable","12":"shipping-taxable","13":"purchasable","14":"product-type-simple"},"_links":{"self":[{"href":"https:\/\/boreait.com\/hr\/wp-json\/wp\/v2\/product\/29434","targetHints":{"allow":["GET"]}}],"collection":[{"href":"https:\/\/boreait.com\/hr\/wp-json\/wp\/v2\/product"}],"about":[{"href":"https:\/\/boreait.com\/hr\/wp-json\/wp\/v2\/types\/product"}],"wp:featuredmedia":[{"embeddable":true,"href":"https:\/\/boreait.com\/hr\/wp-json\/wp\/v2\/media\/29473"}],"wp:attachment":[{"href":"https:\/\/boreait.com\/hr\/wp-json\/wp\/v2\/media?parent=29434"}],"wp:term":[{"taxonomy":"product_brand","embeddable":true,"href":"https:\/\/boreait.com\/hr\/wp-json\/wp\/v2\/product_brand?post=29434"},{"taxonomy":"product_cat","embeddable":true,"href":"https:\/\/boreait.com\/hr\/wp-json\/wp\/v2\/product_cat?post=29434"},{"taxonomy":"product_tag","embeddable":true,"href":"https:\/\/boreait.com\/hr\/wp-json\/wp\/v2\/product_tag?post=29434"}],"curies":[{"name":"wp","href":"https:\/\/api.w.org\/{rel}","templated":true}]}}