{"id":29425,"date":"2025-09-12T09:29:27","date_gmt":"2025-09-12T09:29:27","guid":{"rendered":"https:\/\/boreait.com\/hr\/?post_type=product&#038;p=29425"},"modified":"2025-09-13T15:18:28","modified_gmt":"2025-09-13T15:18:28","slug":"lenovo-thinkpad-t460s-t470s-lcd-sarke-lijevo-i-desno-00jt998","status":"publish","type":"product","link":"https:\/\/boreait.com\/hr\/product\/lenovo-thinkpad-t460s-t470s-lcd-sarke-lijevo-i-desno-00jt998\/","title":{"rendered":"Lenovo ThinkPad T460s T470s LCD \u0161arke lijevo i desno 00JT998"},"content":{"rendered":"<p data-start=\"348\" data-end=\"574\">Popravite labave ili slomljene \u0161arke zaslona pomo\u0107u ovog <strong data-start=\"392\" data-end=\"445\">originalnog kompleta \u0161arki Lenovo ThinkPad LCD (00JT998)<\/strong>.<br data-start=\"446\" data-end=\"449\" \/>Dizajniran za T460s i T470s modela, ove \u0161arke pru\u017eaju pouzdanu potporu i glatko kretanje za zaslon va\u0161eg prijenosnog ra\u010dunala.<\/p>\n<p data-start=\"576\" data-end=\"598\"><strong data-start=\"576\" data-end=\"596\">Pojedinosti o proizvodu:<\/strong><\/p>\n<ul data-start=\"599\" data-end=\"895\">\n<li data-start=\"599\" data-end=\"650\">\n<p data-start=\"601\" data-end=\"650\">Kompatibilnost modela: <strong data-start=\"622\" data-end=\"648\">ThinkPad T460s \/ T470s<\/strong><\/p>\n<\/li>\n<li data-start=\"651\" data-end=\"679\">\n<p data-start=\"653\" data-end=\"679\">Broj dijela: <strong data-start=\"666\" data-end=\"677\">00JT998<\/strong><\/p>\n<\/li>\n<li data-start=\"680\" data-end=\"723\">\n<p data-start=\"682\" data-end=\"723\">Vrsta: <strong data-start=\"688\" data-end=\"721\">Komplet LCD \u0161arki (lijevo &amp; desno)<\/strong><\/p>\n<\/li>\n<li data-start=\"724\" data-end=\"774\">\n<p data-start=\"726\" data-end=\"774\">Uvjet: <strong data-start=\"737\" data-end=\"772\">Originalni Lenovo, stupanj A, testirano<\/strong><\/p>\n<\/li>\n<li data-start=\"775\" data-end=\"837\">\n<p data-start=\"777\" data-end=\"837\">Osigurava stabilno pozicioniranje zaslona i dugoro\u010dnu izdr\u017eljivost<\/p>\n<\/li>\n<li data-start=\"838\" data-end=\"895\">\n<p data-start=\"840\" data-end=\"895\">Jednostavna instalacija za tehni\u010dare za popravke ili popravke &#8220;uradi sam&#8221;<\/p>\n<\/li>\n<\/ul>\n<p data-start=\"897\" data-end=\"987\"><strong data-start=\"897\" data-end=\"918\">Paket uklju\u010duje:<\/strong><br data-start=\"918\" data-end=\"921\" \/>1x set originalnih Lenovo LCD \u0161arki (lijevo + desno) \u2013 <strong data-start=\"974\" data-end=\"985\">00JT998<\/strong><\/p>\n<p data-start=\"989\" data-end=\"1060\">Savr\u0161ena zamjena za prijenosna ra\u010dunala s labavim, krutim ili o\u0161te\u0107enim \u0161arkama.<\/p>\n","protected":false},"excerpt":{"rendered":"<p>Originalni <strong data-start=\"180\" data-end=\"208\">komplet LCD \u0161arki (00JT998)<\/strong> za Lenovo ThinkPad T460s i T470s. Izdr\u017eljivi originalni rezervni dio za stabilnu potporu zaslona.<\/p>\n","protected":false},"featured_media":29469,"template":"","meta":[],"product_brand":[],"product_cat":[54],"product_tag":[],"class_list":{"0":"post-29425","1":"product","2":"type-product","3":"status-publish","4":"has-post-thumbnail","6":"product_cat-screen-hinge","8":"first","9":"instock","10":"taxable","11":"shipping-taxable","12":"purchasable","13":"product-type-simple"},"_links":{"self":[{"href":"https:\/\/boreait.com\/hr\/wp-json\/wp\/v2\/product\/29425","targetHints":{"allow":["GET"]}}],"collection":[{"href":"https:\/\/boreait.com\/hr\/wp-json\/wp\/v2\/product"}],"about":[{"href":"https:\/\/boreait.com\/hr\/wp-json\/wp\/v2\/types\/product"}],"wp:featuredmedia":[{"embeddable":true,"href":"https:\/\/boreait.com\/hr\/wp-json\/wp\/v2\/media\/29469"}],"wp:attachment":[{"href":"https:\/\/boreait.com\/hr\/wp-json\/wp\/v2\/media?parent=29425"}],"wp:term":[{"taxonomy":"product_brand","embeddable":true,"href":"https:\/\/boreait.com\/hr\/wp-json\/wp\/v2\/product_brand?post=29425"},{"taxonomy":"product_cat","embeddable":true,"href":"https:\/\/boreait.com\/hr\/wp-json\/wp\/v2\/product_cat?post=29425"},{"taxonomy":"product_tag","embeddable":true,"href":"https:\/\/boreait.com\/hr\/wp-json\/wp\/v2\/product_tag?post=29425"}],"curies":[{"name":"wp","href":"https:\/\/api.w.org\/{rel}","templated":true}]}}