{"id":29424,"date":"2025-09-12T09:29:27","date_gmt":"2025-09-12T09:29:27","guid":{"rendered":"https:\/\/boreait.com\/hr\/?post_type=product&#038;p=29424"},"modified":"2025-09-13T15:20:17","modified_gmt":"2025-09-13T15:20:17","slug":"lenovo-thinkpad-t440-t450-t460-zvucnici-za-prijenosna-racunala-04x5442-00ht878-pk23000jj00","status":"publish","type":"product","link":"https:\/\/boreait.com\/hr\/product\/lenovo-thinkpad-t440-t450-t460-zvucnici-za-prijenosna-racunala-04x5442-00ht878-pk23000jj00\/","title":{"rendered":"Lenovo ThinkPad T440 T450 T460 Zvu\u010dnici za prijenosna ra\u010dunala 04X5442 00HT878 PK23000JJ00"},"content":{"rendered":"<p data-start=\"379\" data-end=\"643\">Vratite \u010dist zvuk u svoje prijenosno ra\u010dunalo s ovim <strong data-start=\"425\" data-end=\"471\">originalnim Lenovo ThinkPad internim zvu\u010dnicima<\/strong>.<br data-start=\"472\" data-end=\"475\" \/>Dizajnirani posebno za seriju T440, T450 i T460, ovi zvu\u010dnici pru\u017eaju pouzdane audio performanse i savr\u0161ena su zamjena za neispravne ili o\u0161te\u0107ene dijelove.<\/p>\n<p data-start=\"645\" data-end=\"667\"><strong data-start=\"645\" data-end=\"665\">Pojedinosti o proizvodu:<\/strong><\/p>\n<ul data-start=\"668\" data-end=\"953\">\n<li data-start=\"668\" data-end=\"689\">\n<p data-start=\"670\" data-end=\"689\">Brand: <strong data-start=\"677\" data-end=\"687\">Lenovo<\/strong><\/p>\n<\/li>\n<li data-start=\"690\" data-end=\"742\">\n<p data-start=\"692\" data-end=\"742\">Kompatibilni modeli: <strong data-start=\"711\" data-end=\"740\">ThinkPad T440, T450, T460<\/strong><\/p>\n<\/li>\n<li data-start=\"743\" data-end=\"796\">\n<p data-start=\"745\" data-end=\"796\">Brojevi dijelova: <strong data-start=\"759\" data-end=\"794\">04X5442 \/ 00HT878 \/ PK23000JJ00<\/strong><\/p>\n<\/li>\n<li data-start=\"797\" data-end=\"855\">\n<p data-start=\"799\" data-end=\"855\">Vrsta: <strong data-start=\"805\" data-end=\"853\">Unutarnji zvu\u010dnici prijenosnog ra\u010dunala (lijevi &amp; desni par)<\/strong><\/p>\n<\/li>\n<li data-start=\"856\" data-end=\"906\">\n<p data-start=\"858\" data-end=\"906\">Uvjet: <strong data-start=\"869\" data-end=\"904\">Originalni Lenovo, stupanj A, testirano<\/strong><\/p>\n<\/li>\n<li data-start=\"907\" data-end=\"953\">\n<p data-start=\"909\" data-end=\"953\">Izlaz zvuka visoke kvalitete, jednostavan za instalaciju<\/p>\n<\/li>\n<\/ul>\n<p data-start=\"955\" data-end=\"1056\"><strong data-start=\"955\" data-end=\"976\">Paket uklju\u010duje:<\/strong><br data-start=\"976\" data-end=\"979\" \/>1x Set zvu\u010dnika za prijenosno ra\u010dunalo Lenovo ThinkPad (04X5442 \/ 00HT878 \/ PK23000JJ00)<\/p>\n<p data-start=\"1058\" data-end=\"1137\">Savr\u0161eno rje\u0161enje za zamjenu pucketavih, izobli\u010denih ili nefunkcionalnih zvu\u010dnika.<\/p>\n","protected":false},"excerpt":{"rendered":"<p data-start=\"199\" data-end=\"333\">Originalni <strong data-start=\"207\" data-end=\"276\">Lenovo ThinkPad zvu\u010dnici za prijenosno ra\u010dunalo (04X5442 \/ 00HT878 \/ PK23000JJ00)<\/strong> za T440, T450 i T460. Originalni rezervni dio razreda A.<\/p>\n","protected":false},"featured_media":29468,"template":"","meta":[],"product_brand":[],"product_cat":[53],"product_tag":[61],"class_list":{"0":"post-29424","1":"product","2":"type-product","3":"status-publish","4":"has-post-thumbnail","6":"product_cat-laptop-speakers","7":"product_tag-lenovo","9":"first","10":"instock","11":"taxable","12":"shipping-taxable","13":"purchasable","14":"product-type-simple"},"_links":{"self":[{"href":"https:\/\/boreait.com\/hr\/wp-json\/wp\/v2\/product\/29424","targetHints":{"allow":["GET"]}}],"collection":[{"href":"https:\/\/boreait.com\/hr\/wp-json\/wp\/v2\/product"}],"about":[{"href":"https:\/\/boreait.com\/hr\/wp-json\/wp\/v2\/types\/product"}],"wp:featuredmedia":[{"embeddable":true,"href":"https:\/\/boreait.com\/hr\/wp-json\/wp\/v2\/media\/29468"}],"wp:attachment":[{"href":"https:\/\/boreait.com\/hr\/wp-json\/wp\/v2\/media?parent=29424"}],"wp:term":[{"taxonomy":"product_brand","embeddable":true,"href":"https:\/\/boreait.com\/hr\/wp-json\/wp\/v2\/product_brand?post=29424"},{"taxonomy":"product_cat","embeddable":true,"href":"https:\/\/boreait.com\/hr\/wp-json\/wp\/v2\/product_cat?post=29424"},{"taxonomy":"product_tag","embeddable":true,"href":"https:\/\/boreait.com\/hr\/wp-json\/wp\/v2\/product_tag?post=29424"}],"curies":[{"name":"wp","href":"https:\/\/api.w.org\/{rel}","templated":true}]}}