{"id":29423,"date":"2025-09-12T09:29:27","date_gmt":"2025-09-12T09:29:27","guid":{"rendered":"https:\/\/boreait.com\/hr\/?post_type=product&#038;p=29423"},"modified":"2025-09-13T15:20:08","modified_gmt":"2025-09-13T15:20:08","slug":"originalni-gornji-poklopac-za-naslon-za-dlanove-lenovo-thinkpad-t460-am105000200-sb30j07817","status":"publish","type":"product","link":"https:\/\/boreait.com\/hr\/product\/originalni-gornji-poklopac-za-naslon-za-dlanove-lenovo-thinkpad-t460-am105000200-sb30j07817\/","title":{"rendered":"Originalni gornji poklopac za naslon za dlanove Lenovo ThinkPad T460 AM105000200 SB30J07817"},"content":{"rendered":"<p data-start=\"363\" data-end=\"623\">Vratite izgled i funkcionalnost svog ThinkPada s ovim <strong data-start=\"425\" data-end=\"468\">originalnim gornjim poklopcem oslonca za dlanove Lenovo T460<\/strong>.<br data-start=\"469\" data-end=\"472\" \/>Ovaj originalni rezervni dio dizajniran je da savr\u0161eno pristaje, pru\u017eaju\u0107i izdr\u017eljivost i profesionalnu zavr\u0161nu obradu dok podr\u017eava podru\u010dje dodirne podloge i tipkovnice.<\/p>\n<p data-start=\"625\" data-end=\"647\"><strong data-start=\"625\" data-end=\"645\">Pojedinosti o proizvodu:<\/strong><\/p>\n<ul data-start=\"648\" data-end=\"949\">\n<li data-start=\"648\" data-end=\"697\">\n<p data-start=\"650\" data-end=\"697\">Kompatibilnost modela: <strong data-start=\"671\" data-end=\"695\">Lenovo ThinkPad T460<\/strong><\/p>\n<\/li>\n<li data-start=\"698\" data-end=\"744\">\n<p data-start=\"700\" data-end=\"744\">Brojevi dijelova: <strong data-start=\"714\" data-end=\"742\">AM105000200 \/ SB30J07817<\/strong><\/p>\n<\/li>\n<li data-start=\"745\" data-end=\"777\">\n<p data-start=\"747\" data-end=\"777\">Vrsta: <strong data-start=\"753\" data-end=\"775\">Gornji poklopac naslona za dlan<\/strong><\/p>\n<\/li>\n<li data-start=\"778\" data-end=\"834\">\n<p data-start=\"780\" data-end=\"834\">Uvjet: <strong data-start=\"791\" data-end=\"832\">Originalni Lenovo, stupanj A, potpuno testiran<\/strong><\/p>\n<\/li>\n<li data-start=\"835\" data-end=\"890\">\n<p data-start=\"837\" data-end=\"890\">Visokokvalitetna izrada za izdr\u017eljivost i precizno pristajanje<\/p>\n<\/li>\n<li data-start=\"891\" data-end=\"949\">\n<p data-start=\"893\" data-end=\"949\">Podr\u017eava instalaciju dodirne podloge (dodirna podloga nije uklju\u010dena)<\/p>\n<\/li>\n<\/ul>\n<p data-start=\"951\" data-end=\"1054\"><strong data-start=\"951\" data-end=\"972\">Paket uklju\u010duje:<\/strong><br data-start=\"972\" data-end=\"975\" \/>1x originalni gornji poklopac naslona za dlan Lenovo ThinkPad T460 (AM105000200 \/ SB30J07817)<\/p>\n<p data-start=\"1056\" data-end=\"1130\">Savr\u0161ena zamjena ako je va\u0161 oslonac za ruku napuknut, izgreban ili istro\u0161en.<\/p>\n","protected":false},"excerpt":{"rendered":"<p>Originalni <strong data-start=\"192\" data-end=\"235\">gornji poklopac naslona za dlanove Lenovo ThinkPad T460<\/strong> (AM105000200 \/ SB30J07817). Originalni rezervni dio, Grade A, s izrezom za touchpad.<\/p>\n","protected":false},"featured_media":29466,"template":"","meta":[],"product_brand":[],"product_cat":[51],"product_tag":[61],"class_list":{"0":"post-29423","1":"product","2":"type-product","3":"status-publish","4":"has-post-thumbnail","6":"product_cat-laptop-housing","7":"product_tag-lenovo","9":"first","10":"instock","11":"taxable","12":"shipping-taxable","13":"purchasable","14":"product-type-simple"},"_links":{"self":[{"href":"https:\/\/boreait.com\/hr\/wp-json\/wp\/v2\/product\/29423","targetHints":{"allow":["GET"]}}],"collection":[{"href":"https:\/\/boreait.com\/hr\/wp-json\/wp\/v2\/product"}],"about":[{"href":"https:\/\/boreait.com\/hr\/wp-json\/wp\/v2\/types\/product"}],"wp:featuredmedia":[{"embeddable":true,"href":"https:\/\/boreait.com\/hr\/wp-json\/wp\/v2\/media\/29466"}],"wp:attachment":[{"href":"https:\/\/boreait.com\/hr\/wp-json\/wp\/v2\/media?parent=29423"}],"wp:term":[{"taxonomy":"product_brand","embeddable":true,"href":"https:\/\/boreait.com\/hr\/wp-json\/wp\/v2\/product_brand?post=29423"},{"taxonomy":"product_cat","embeddable":true,"href":"https:\/\/boreait.com\/hr\/wp-json\/wp\/v2\/product_cat?post=29423"},{"taxonomy":"product_tag","embeddable":true,"href":"https:\/\/boreait.com\/hr\/wp-json\/wp\/v2\/product_tag?post=29423"}],"curies":[{"name":"wp","href":"https:\/\/api.w.org\/{rel}","templated":true}]}}