{"id":29416,"date":"2025-09-12T09:29:00","date_gmt":"2025-09-12T09:29:00","guid":{"rendered":"https:\/\/boreait.com\/hr\/?post_type=product&#038;p=29416"},"modified":"2025-09-13T15:19:39","modified_gmt":"2025-09-13T15:19:39","slug":"lenovo-thinkpad-t440p-t450-t460-njemacka-tipkovnica-04y0836","status":"publish","type":"product","link":"https:\/\/boreait.com\/hr\/product\/lenovo-thinkpad-t440p-t450-t460-njemacka-tipkovnica-04y0836\/","title":{"rendered":"Lenovo ThinkPad T440p T450 T460 Njema\u010dka tipkovnica 04Y0836"},"content":{"rendered":"<p data-start=\"348\" data-end=\"600\">Zamijenite neispravnu ili istro\u0161enu tipkovnicu ovom <strong data-start=\"396\" data-end=\"450\">originalnom njema\u010dkom tipkovnicom Lenovo ThinkPad (04Y0836)<\/strong>.<br data-start=\"451\" data-end=\"454\" \/>Savr\u0161eno odgovara za vi\u0161e ThinkPad modela, ova visoka kvaliteta rezervni dio vra\u0107a punu funkcionalnost tipkanja s ispravnim njema\u010dkim QWERTZ rasporedom.<\/p>\n<p data-start=\"602\" data-end=\"624\"><strong data-start=\"602\" data-end=\"622\">Pojedinosti o proizvodu:<\/strong><\/p>\n<ul data-start=\"625\" data-end=\"872\">\n<li data-start=\"625\" data-end=\"646\">\n<p data-start=\"627\" data-end=\"646\">Brand: <strong data-start=\"634\" data-end=\"644\">Lenovo<\/strong><\/p>\n<\/li>\n<li data-start=\"647\" data-end=\"700\">\n<p data-start=\"649\" data-end=\"700\">Kompatibilni modeli: <strong data-start=\"668\" data-end=\"698\">ThinkPad T440p, T450, T460<\/strong><\/p>\n<\/li>\n<li data-start=\"701\" data-end=\"732\">\n<p data-start=\"703\" data-end=\"732\">Izgled: <strong data-start=\"711\" data-end=\"730\">njema\u010dki (QWERTZ)<\/strong><\/p>\n<\/li>\n<li data-start=\"733\" data-end=\"761\">\n<p data-start=\"735\" data-end=\"761\">Broj dijela: <strong data-start=\"748\" data-end=\"759\">04Y0836<\/strong><\/p>\n<\/li>\n<li data-start=\"762\" data-end=\"818\">\n<p data-start=\"764\" data-end=\"818\">Uvjet: <strong data-start=\"775\" data-end=\"816\">Originalni Lenovo, razred A, potpuno testiran<\/strong><\/p>\n<\/li>\n<li data-start=\"819\" data-end=\"872\">\n<p data-start=\"821\" data-end=\"872\">Izdr\u017eljiva konstrukcija za dugotrajne performanse<\/p>\n<\/li>\n<\/ul>\n<p data-start=\"874\" data-end=\"952\"><strong data-start=\"874\" data-end=\"895\">Paket uklju\u010duje:<\/strong><br data-start=\"895\" data-end=\"898\" \/>1x originalnu njema\u010dku tipkovnicu Lenovo ThinkPad (04Y0836)<\/p>\n<p data-start=\"954\" data-end=\"1057\">Idealno rje\u0161enje za zamjenu pokvarenih tipki, tipkovnica koje ne reagiraju ili nadogradnju na ispravan izgled.<\/p>\n","protected":false},"excerpt":{"rendered":"<p data-start=\"171\" data-end=\"302\">Originalna <strong data-start=\"179\" data-end=\"224\">Lenovo ThinkPad njema\u010dka tipkovnica (04Y0836)<\/strong> kompatibilna s T440p, T450 i T460. Izvorni izgled, testiran i ocjena A.<\/p>\n","protected":false},"featured_media":29464,"template":"","meta":[],"product_brand":[],"product_cat":[70],"product_tag":[61],"class_list":{"0":"post-29416","1":"product","2":"type-product","3":"status-publish","4":"has-post-thumbnail","6":"product_cat-laptop-keyboard","7":"product_tag-lenovo","9":"first","10":"instock","11":"taxable","12":"shipping-taxable","13":"purchasable","14":"product-type-simple"},"_links":{"self":[{"href":"https:\/\/boreait.com\/hr\/wp-json\/wp\/v2\/product\/29416","targetHints":{"allow":["GET"]}}],"collection":[{"href":"https:\/\/boreait.com\/hr\/wp-json\/wp\/v2\/product"}],"about":[{"href":"https:\/\/boreait.com\/hr\/wp-json\/wp\/v2\/types\/product"}],"wp:featuredmedia":[{"embeddable":true,"href":"https:\/\/boreait.com\/hr\/wp-json\/wp\/v2\/media\/29464"}],"wp:attachment":[{"href":"https:\/\/boreait.com\/hr\/wp-json\/wp\/v2\/media?parent=29416"}],"wp:term":[{"taxonomy":"product_brand","embeddable":true,"href":"https:\/\/boreait.com\/hr\/wp-json\/wp\/v2\/product_brand?post=29416"},{"taxonomy":"product_cat","embeddable":true,"href":"https:\/\/boreait.com\/hr\/wp-json\/wp\/v2\/product_cat?post=29416"},{"taxonomy":"product_tag","embeddable":true,"href":"https:\/\/boreait.com\/hr\/wp-json\/wp\/v2\/product_tag?post=29416"}],"curies":[{"name":"wp","href":"https:\/\/api.w.org\/{rel}","templated":true}]}}