{"id":29412,"date":"2025-09-12T09:28:59","date_gmt":"2025-09-12T09:28:59","guid":{"rendered":"https:\/\/boreait.com\/hr\/?post_type=product&#038;p=29412"},"modified":"2025-09-13T15:20:10","modified_gmt":"2025-09-13T15:20:10","slug":"okvir-maticne-ploce-prijenosnog-racunala-lenovo-thinkpad-t510-w510-60y5496-originalni-originalni-razred-a","status":"publish","type":"product","link":"https:\/\/boreait.com\/hr\/product\/okvir-maticne-ploce-prijenosnog-racunala-lenovo-thinkpad-t510-w510-60y5496-originalni-originalni-razred-a\/","title":{"rendered":"Okvir mati\u010dne plo\u010de prijenosnog ra\u010dunala Lenovo ThinkPad T510 W510 60Y5496 Originalni originalni razred A"},"content":{"rendered":"<p data-start=\"334\" data-end=\"598\">Odr\u017eavajte svoj Lenovo ThinkPad u vrhunskom stanju s ovim <strong data-start=\"387\" data-end=\"427\">originalnim okvirom mati\u010dne plo\u010de (60Y5496)<\/strong> za modele <strong data-start=\"436\" data-end=\"453\">T510 i W510<\/strong>.<br data-start=\"461\" data-end=\"464\" \/>Ovaj originalni Lenovo dio pru\u017ea \u010dvrstu osnovu za mati\u010dnu plo\u010du, osiguravaju\u0107i pravilno poravnanje, za\u0161titu i dugoro\u010dnu stabilnost.<\/p>\n<p data-start=\"600\" data-end=\"622\"><strong data-start=\"600\" data-end=\"620\">Pojedinosti o proizvodu:<\/strong><\/p>\n<ul data-start=\"623\" data-end=\"892\">\n<li data-start=\"623\" data-end=\"672\">\n<p data-start=\"625\" data-end=\"672\">Kompatibilnost modela: <strong data-start=\"646\" data-end=\"670\">ThinkPad T510 \/ W510<\/strong><\/p>\n<\/li>\n<li data-start=\"673\" data-end=\"701\">\n<p data-start=\"675\" data-end=\"701\">Broj dijela: <strong data-start=\"688\" data-end=\"699\">60Y5496<\/strong><\/p>\n<\/li>\n<li data-start=\"702\" data-end=\"751\">\n<p data-start=\"704\" data-end=\"751\">Vrsta: <strong data-start=\"710\" data-end=\"749\">Podr\u0161ka za okvir\/ku\u0107i\u0161te mati\u010dne plo\u010de<\/strong><\/p>\n<\/li>\n<li data-start=\"752\" data-end=\"795\">\n<p data-start=\"754\" data-end=\"795\">Uvjet: <strong data-start=\"765\" data-end=\"793\">Original, stupanj A, testirano<\/strong><\/p>\n<\/li>\n<li data-start=\"796\" data-end=\"842\">\n<p data-start=\"798\" data-end=\"842\">Osigurava sigurno i precizno pristajanje mati\u010dne plo\u010de<\/p>\n<\/li>\n<li data-start=\"843\" data-end=\"892\">\n<p data-start=\"845\" data-end=\"892\">Poma\u017ee u za\u0161titi unutarnjih komponenti od o\u0161te\u0107enja<\/p>\n<\/li>\n<\/ul>\n<p data-start=\"894\" data-end=\"977\"><strong data-start=\"894\" data-end=\"915\">Paket uklju\u010duje:<\/strong><br data-start=\"915\" data-end=\"918\" \/>1x originalni okvir mati\u010dne plo\u010de Lenovo T510 \/ W510 (60Y5496)<\/p>\n<p data-start=\"979\" data-end=\"1084\">Idealna zamjena za o\u0161te\u0107ene ili nedostaju\u0107e nosa\u010de mati\u010dne plo\u010de prilikom servisiranja ili ponovne izrade prijenosnog ra\u010dunala.<\/p>\n","protected":false},"excerpt":{"rendered":"<p>Originalni <strong data-start=\"160\" data-end=\"210\">okvir mati\u010dne plo\u010de Lenovo T510 \/ W510 (60Y5496)<\/strong>. Originalni rezervni dio razreda A za sigurnu podr\u0161ku i izdr\u017eljivost mati\u010dne plo\u010de.<\/p>\n","protected":false},"featured_media":29459,"template":"","meta":[],"product_brand":[],"product_cat":[51],"product_tag":[61],"class_list":{"0":"post-29412","1":"product","2":"type-product","3":"status-publish","4":"has-post-thumbnail","6":"product_cat-laptop-housing","7":"product_tag-lenovo","9":"first","10":"instock","11":"taxable","12":"shipping-taxable","13":"purchasable","14":"product-type-simple"},"_links":{"self":[{"href":"https:\/\/boreait.com\/hr\/wp-json\/wp\/v2\/product\/29412","targetHints":{"allow":["GET"]}}],"collection":[{"href":"https:\/\/boreait.com\/hr\/wp-json\/wp\/v2\/product"}],"about":[{"href":"https:\/\/boreait.com\/hr\/wp-json\/wp\/v2\/types\/product"}],"wp:featuredmedia":[{"embeddable":true,"href":"https:\/\/boreait.com\/hr\/wp-json\/wp\/v2\/media\/29459"}],"wp:attachment":[{"href":"https:\/\/boreait.com\/hr\/wp-json\/wp\/v2\/media?parent=29412"}],"wp:term":[{"taxonomy":"product_brand","embeddable":true,"href":"https:\/\/boreait.com\/hr\/wp-json\/wp\/v2\/product_brand?post=29412"},{"taxonomy":"product_cat","embeddable":true,"href":"https:\/\/boreait.com\/hr\/wp-json\/wp\/v2\/product_cat?post=29412"},{"taxonomy":"product_tag","embeddable":true,"href":"https:\/\/boreait.com\/hr\/wp-json\/wp\/v2\/product_tag?post=29412"}],"curies":[{"name":"wp","href":"https:\/\/api.w.org\/{rel}","templated":true}]}}