{"id":29402,"date":"2025-09-12T09:28:31","date_gmt":"2025-09-12T09:28:31","guid":{"rendered":"https:\/\/boreait.com\/hr\/?post_type=product&#038;p=29402"},"modified":"2025-09-13T15:18:44","modified_gmt":"2025-09-13T15:18:44","slug":"kabel-lcd-lvds-zaslona-6017b0428601-za-hp-elitebook-840-820-740-745-755-845-g1-g2-zbook-14-probookr","status":"publish","type":"product","link":"https:\/\/boreait.com\/hr\/product\/kabel-lcd-lvds-zaslona-6017b0428601-za-hp-elitebook-840-820-740-745-755-845-g1-g2-zbook-14-probookr\/","title":{"rendered":"Kabel LCD LVDS zaslona 6017B0428601 za HP EliteBook 840 820 740 745 755 845 G1 G2 ZBook 14 ProBookR"},"content":{"rendered":"<p>Zamijenite o\u0161te\u0107eni ili neispravni kabel zaslona ovim <strong data-start=\"374\" data-end=\"407\">LCD LVDS kabelom (6017B0428601)<\/strong>, dizajniranim za \u0161irok raspon HP prijenosnih ra\u010dunala.<br data-start=\"449\" data-end=\"452\" \/>Ako va\u0161 zaslon treperi, prikazuje linije ili ga uop\u0107e nema, ovaj kabel je \u010desto uzrok \u2013 brzi zamjena mo\u017ee vratiti savr\u0161enu funkcionalnost zaslona.<\/p>\n<p data-start=\"612\" data-end=\"634\"><strong data-start=\"612\" data-end=\"632\">Pojedinosti o proizvodu:<\/strong><\/p>\n<ul data-start=\"635\" data-end=\"807\">\n<li data-start=\"635\" data-end=\"668\">\n<p data-start=\"637\" data-end=\"668\">Broj dijela: <strong data-start=\"650\" data-end=\"666\">6017B0428601<\/strong><\/p>\n<\/li>\n<li data-start=\"669\" data-end=\"704\">\n<p data-start=\"671\" data-end=\"704\">Vrsta: <strong data-start=\"677\" data-end=\"702\">Kabel LCD LVDS zaslona<\/strong><\/p>\n<\/li>\n<li data-start=\"705\" data-end=\"747\">\n<p data-start=\"707\" data-end=\"747\">Visokokvalitetna zamjena, potpuno testirana<\/p>\n<\/li>\n<li data-start=\"748\" data-end=\"807\">\n<p data-start=\"750\" data-end=\"807\">Idealno za rje\u0161avanje problema sa zaslonom uzrokovanih neispravnim kabelima<\/p>\n<\/li>\n<\/ul>\n<p data-start=\"809\" data-end=\"836\"><strong data-start=\"809\" data-end=\"834\">Kompatibilni HP modeli:<\/strong><\/p>\n<ul data-start=\"837\" data-end=\"930\">\n<li data-start=\"837\" data-end=\"893\">\n<p data-start=\"839\" data-end=\"893\"><strong data-start=\"839\" data-end=\"853\">EliteBook:<\/strong> 845, 840, 820, 755, 745, 740 (G1, G2)<\/p>\n<\/li>\n<li data-start=\"894\" data-end=\"910\">\n<p data-start=\"896\" data-end=\"910\"><strong data-start=\"896\" data-end=\"908\">ZBook 14<\/strong><\/p>\n<\/li>\n<li data-start=\"911\" data-end=\"930\">\n<p data-start=\"913\" data-end=\"930\"><strong data-start=\"913\" data-end=\"928\">ProBook 470<\/strong><\/p>\n<\/li>\n<\/ul>\n<p data-start=\"932\" data-end=\"997\"><strong data-start=\"932\" data-end=\"953\">Paket uklju\u010duje:<\/strong><br data-start=\"953\" data-end=\"956\" \/>1x LCD LVDS kabel za zaslon (6017B0428601)<\/p>\n<p data-start=\"999\" data-end=\"1082\">Jednostavno za instalaciju i isplativo rje\u0161enje za popravak problema s povezivanjem zaslona.<\/p>\n","protected":false},"excerpt":{"rendered":"<p>Zamjenski <strong data-start=\"147\" data-end=\"187\">kabel za LCD LVDS zaslon (6017B0428601)<\/strong> za HP EliteBook 840 \/ 820 \/ 740 \/ 745 \/ 755 \/ 845 G1 G2, ZBook 14 i ProBook 470.<\/p>\n","protected":false},"featured_media":29455,"template":"","meta":[],"product_brand":[],"product_cat":[55],"product_tag":[60],"class_list":{"0":"post-29402","1":"product","2":"type-product","3":"status-publish","4":"has-post-thumbnail","6":"product_cat-cables","7":"product_tag-hp","9":"first","10":"instock","11":"taxable","12":"shipping-taxable","13":"purchasable","14":"product-type-simple"},"_links":{"self":[{"href":"https:\/\/boreait.com\/hr\/wp-json\/wp\/v2\/product\/29402","targetHints":{"allow":["GET"]}}],"collection":[{"href":"https:\/\/boreait.com\/hr\/wp-json\/wp\/v2\/product"}],"about":[{"href":"https:\/\/boreait.com\/hr\/wp-json\/wp\/v2\/types\/product"}],"wp:featuredmedia":[{"embeddable":true,"href":"https:\/\/boreait.com\/hr\/wp-json\/wp\/v2\/media\/29455"}],"wp:attachment":[{"href":"https:\/\/boreait.com\/hr\/wp-json\/wp\/v2\/media?parent=29402"}],"wp:term":[{"taxonomy":"product_brand","embeddable":true,"href":"https:\/\/boreait.com\/hr\/wp-json\/wp\/v2\/product_brand?post=29402"},{"taxonomy":"product_cat","embeddable":true,"href":"https:\/\/boreait.com\/hr\/wp-json\/wp\/v2\/product_cat?post=29402"},{"taxonomy":"product_tag","embeddable":true,"href":"https:\/\/boreait.com\/hr\/wp-json\/wp\/v2\/product_tag?post=29402"}],"curies":[{"name":"wp","href":"https:\/\/api.w.org\/{rel}","templated":true}]}}