{"id":29394,"date":"2025-09-12T09:28:08","date_gmt":"2025-09-12T09:28:08","guid":{"rendered":"https:\/\/boreait.com\/hr\/?post_type=product&#038;p=29394"},"modified":"2025-09-13T15:20:12","modified_gmt":"2025-09-13T15:20:12","slug":"ns-a933-lenovo-thinkpad-t470-x270-m-2-ssd-hdd-tvrdi-disk-caddy-dio-prijenosnog-racunala","status":"publish","type":"product","link":"https:\/\/boreait.com\/hr\/product\/ns-a933-lenovo-thinkpad-t470-x270-m-2-ssd-hdd-tvrdi-disk-caddy-dio-prijenosnog-racunala\/","title":{"rendered":"NS-A933 Lenovo ThinkPad T470 X270 M.2 SSD HDD tvrdi disk Caddy dio prijenosnog ra\u010dunala"},"content":{"rendered":"<p data-start=\"562\" data-end=\"861\">Nadogradite ili zamijenite svoju pohranu s ovim <strong data-start=\"604\" data-end=\"632\">NS-A933 Hard Drive Caddy<\/strong>, dizajniranim posebno za prijenosna ra\u010dunala <strong data-start=\"660\" data-end=\"693\">Lenovo ThinkPad T470 i X270<\/strong>. Ovaj visokokvalitetni <strong data-start=\"721\" data-end=\"736\">dio za prijenosno ra\u010dunalo<\/strong> omogu\u0107uje vam da instalirate <strong data-start=\"762\" data-end=\"780\">M.2 SSD ili HDD<\/strong>, daju\u0107i vam ve\u0107u fleksibilnost da pro\u0161irite svoju pohranu ili zamijenite neispravan disk.<\/p>\n<p data-start=\"863\" data-end=\"1101\">Bez obzira \u017eelite li br\u017ee performanse sa SSD-om ili dodatni prostor s HDD-om, ovaj nosa\u010d osigurava sigurno i stabilno pristajanje unutar va\u0161eg ThinkPada. Napravljen je za pouzdanost i izdr\u017eljivost, \u0161to ga \u010dini izvrsnim izborom za dugotrajnu upotrebu.<\/p>\n<p data-start=\"1103\" data-end=\"1368\">\ud83d\udd39 <strong data-start=\"1106\" data-end=\"1127\">Kompatibilni modeli<\/strong>: Lenovo ThinkPad T470 \/ X270<br data-start=\"1156\" data-end=\"1159\" \/>\ud83d\udd39 <strong data-start=\"1162\" data-end=\"1177\">Broj dijela<\/strong>: NS-A933<br data-start=\"1186\" data-end=\"1189\" \/>\ud83d\udd39 <strong data-start=\"1192\" data-end=\"1204\">Podr\u017eava<\/strong>: M.2 SSD \/ HDD instalacija<br data-start=\"1232\" data-end=\"1235\" \/>\ud83d\udd39 <strong data-start=\"1238\" data-end=\"1251\">Stanje<\/strong>: originalan dio provjerene kvalitete<br data-start=\"1282\" data-end=\"1285\" \/>\ud83d\udd39 <strong data-start=\"1288\" data-end=\"1298\">Fotografije<\/strong>: uklju\u010dene su prave fotografije proizvoda \u2013 dobit \u0107ete to\u010dno ono \u0161to vidite<\/p>\n<p data-start=\"1370\" data-end=\"1497\">Ovo je idealno rje\u0161enje ako trebate <strong data-start=\"1411\" data-end=\"1437\">zamijeniti pokvareni nosa\u010d<\/strong> ili jednostavno \u017eelite dodati jo\u0161 prostora za pohranu svom prijenosnom ra\u010dunalu Lenovo.<\/p>\n<p data-start=\"1499\" data-end=\"1608\">\ud83d\udca1 <strong data-start=\"1502\" data-end=\"1510\">Napomena<\/strong>: upute za instalaciju nisu uklju\u010dene, ali ako trebate upute, slobodno nam po\u0161aljite poruku.<\/p>\n","protected":false},"excerpt":{"rendered":"<p>Pouzdan NS-A933 nosa\u010d tvrdog diska za Lenovo ThinkPad T470 i X270. Kompatibilan s M.2 SSD i HDD, savr\u0161en za nadogradnju i zamjenu pohrane.<\/p>\n","protected":false},"featured_media":29451,"template":"","meta":[],"product_brand":[],"product_cat":[51],"product_tag":[61],"class_list":{"0":"post-29394","1":"product","2":"type-product","3":"status-publish","4":"has-post-thumbnail","6":"product_cat-laptop-housing","7":"product_tag-lenovo","9":"first","10":"instock","11":"taxable","12":"shipping-taxable","13":"purchasable","14":"product-type-simple"},"_links":{"self":[{"href":"https:\/\/boreait.com\/hr\/wp-json\/wp\/v2\/product\/29394","targetHints":{"allow":["GET"]}}],"collection":[{"href":"https:\/\/boreait.com\/hr\/wp-json\/wp\/v2\/product"}],"about":[{"href":"https:\/\/boreait.com\/hr\/wp-json\/wp\/v2\/types\/product"}],"wp:featuredmedia":[{"embeddable":true,"href":"https:\/\/boreait.com\/hr\/wp-json\/wp\/v2\/media\/29451"}],"wp:attachment":[{"href":"https:\/\/boreait.com\/hr\/wp-json\/wp\/v2\/media?parent=29394"}],"wp:term":[{"taxonomy":"product_brand","embeddable":true,"href":"https:\/\/boreait.com\/hr\/wp-json\/wp\/v2\/product_brand?post=29394"},{"taxonomy":"product_cat","embeddable":true,"href":"https:\/\/boreait.com\/hr\/wp-json\/wp\/v2\/product_cat?post=29394"},{"taxonomy":"product_tag","embeddable":true,"href":"https:\/\/boreait.com\/hr\/wp-json\/wp\/v2\/product_tag?post=29394"}],"curies":[{"name":"wp","href":"https:\/\/api.w.org\/{rel}","templated":true}]}}