{"id":29383,"date":"2025-09-12T09:27:37","date_gmt":"2025-09-12T09:27:37","guid":{"rendered":"https:\/\/boreait.com\/hr\/?post_type=product&#038;p=29383"},"modified":"2025-09-13T15:20:13","modified_gmt":"2025-09-13T15:20:13","slug":"zamjena-poklopca-sarke-za-hp-elitebook-840-g5-originalni-dijelovi-prijenosnog-racunala","status":"publish","type":"product","link":"https:\/\/boreait.com\/hr\/product\/zamjena-poklopca-sarke-za-hp-elitebook-840-g5-originalni-dijelovi-prijenosnog-racunala\/","title":{"rendered":"Zamjena poklopca \u0161arke za HP EliteBook 840 G5 \u2013 originalni dijelovi prijenosnog ra\u010dunala"},"content":{"rendered":"<p data-start=\"554\" data-end=\"791\">Ovaj <strong data-start=\"559\" data-end=\"598\">pokrov \u0161arke za HP EliteBook 840 G5<\/strong> je pouzdani zamjenski dio dizajniran za vra\u0107anje izgleda va\u0161eg prijenosnog ra\u010dunala i za\u0161titu njegovog mehanizma \u0161arki. Napravljen da savr\u0161eno pristaje, poma\u017ee da va\u0161 ure\u0111aj ostane \u010dvrst i da izgleda profesionalno.<\/p>\n<p data-start=\"793\" data-end=\"998\">\u2714 <strong data-start=\"795\" data-end=\"815\">Kompatibilni model<\/strong>: HP EliteBook 840 G5<br data-start=\"836\" data-end=\"839\" \/>\u2714 <strong data-start=\"841\" data-end=\"854\">Vrsta dijela<\/strong>: \u0161arka Poklopac<br data-start=\"867\" data-end=\"870\" \/>\u2714 <strong data-start=\"872\" data-end=\"885\">Stanje<\/strong>: Originalni, testirani dio prijenosnog ra\u010dunala<br data-start=\"914\" data-end=\"917\" \/>\u2714 <strong data-start=\"919\" data-end=\"931\">Slu\u010daj upotrebe<\/strong>: Idealna zamjena za o\u0161te\u0107eni, napuknuti ili nedostaju poklopci \u0161arki<\/p>\n<p data-start=\"1000\" data-end=\"1022\"><strong data-start=\"1000\" data-end=\"1020\">Za\u0161to kupovati od nas?<\/strong><\/p>\n<ul data-start=\"1023\" data-end=\"1255\">\n<li data-start=\"1023\" data-end=\"1116\">\n<p data-start=\"1025\" data-end=\"1116\">Specijalizirani smo za <strong data-start=\"1042\" data-end=\"1058\">dijelove za prijenosna ra\u010dunala<\/strong> s brzom dostavom diljem svijeta, posebno diljem Europe.<\/p>\n<\/li>\n<li data-start=\"1117\" data-end=\"1199\">\n<p data-start=\"1119\" data-end=\"1199\">Sve fotografije u ovom popisu su <strong data-start=\"1150\" data-end=\"1167\">prave slike<\/strong> dijela koji \u0107ete dobiti.<\/p>\n<\/li>\n<li data-start=\"1200\" data-end=\"1255\">\n<p data-start=\"1202\" data-end=\"1255\">Bez naga\u0111anja: ono \u0161to vidite to\u010dno je ono \u0161to dobivate.<\/p>\n<\/li>\n<\/ul>\n<p data-start=\"1257\" data-end=\"1396\"><strong data-start=\"1257\" data-end=\"1266\">Napomena:<\/strong> Ovaj popis ne uklju\u010duje upute za zamjenu korak po korak. Ako trebate smjernice, slobodno nam po\u0161aljite poruku za podr\u0161ku.<\/p>\n","protected":false},"excerpt":{"rendered":"<p>Zamjenski poklopac \u0161arke za HP EliteBook 840 G5. Originalni dio za prijenosno ra\u010dunalo, idealan za popravljanje ili vra\u0107anje originalnog izgleda va\u0161eg ure\u0111aja.<\/p>\n","protected":false},"featured_media":29446,"template":"","meta":[],"product_brand":[],"product_cat":[51],"product_tag":[],"class_list":{"0":"post-29383","1":"product","2":"type-product","3":"status-publish","4":"has-post-thumbnail","6":"product_cat-laptop-housing","8":"first","9":"instock","10":"taxable","11":"shipping-taxable","12":"purchasable","13":"product-type-simple"},"_links":{"self":[{"href":"https:\/\/boreait.com\/hr\/wp-json\/wp\/v2\/product\/29383","targetHints":{"allow":["GET"]}}],"collection":[{"href":"https:\/\/boreait.com\/hr\/wp-json\/wp\/v2\/product"}],"about":[{"href":"https:\/\/boreait.com\/hr\/wp-json\/wp\/v2\/types\/product"}],"wp:featuredmedia":[{"embeddable":true,"href":"https:\/\/boreait.com\/hr\/wp-json\/wp\/v2\/media\/29446"}],"wp:attachment":[{"href":"https:\/\/boreait.com\/hr\/wp-json\/wp\/v2\/media?parent=29383"}],"wp:term":[{"taxonomy":"product_brand","embeddable":true,"href":"https:\/\/boreait.com\/hr\/wp-json\/wp\/v2\/product_brand?post=29383"},{"taxonomy":"product_cat","embeddable":true,"href":"https:\/\/boreait.com\/hr\/wp-json\/wp\/v2\/product_cat?post=29383"},{"taxonomy":"product_tag","embeddable":true,"href":"https:\/\/boreait.com\/hr\/wp-json\/wp\/v2\/product_tag?post=29383"}],"curies":[{"name":"wp","href":"https:\/\/api.w.org\/{rel}","templated":true}]}}