{"id":29381,"date":"2025-09-12T09:27:37","date_gmt":"2025-09-12T09:27:37","guid":{"rendered":"https:\/\/boreait.com\/hr\/?post_type=product&#038;p=29381"},"modified":"2025-09-13T15:20:18","modified_gmt":"2025-09-13T15:20:18","slug":"zvucnik-za-prijenosno-racunalo-za-hp-elitebook-735-745-830-840-845-846-g5-g6-zbook-14u","status":"publish","type":"product","link":"https:\/\/boreait.com\/hr\/product\/zvucnik-za-prijenosno-racunalo-za-hp-elitebook-735-745-830-840-845-846-g5-g6-zbook-14u\/","title":{"rendered":"Zvu\u010dnik za prijenosno ra\u010dunalo za HP EliteBook 735 745 830 840 845 846 G5 G6 &#038; ZBook 14u"},"content":{"rendered":"<p data-start=\"650\" data-end=\"817\">Nadogradite ili vratite audio performanse svog prijenosnog ra\u010dunala s ovim <strong data-start=\"711\" data-end=\"754\">visokokvalitetnim zamjenskim zvu\u010dnikom za prijenosno ra\u010dunalo<\/strong>, dizajniranim za \u0161irok raspon HP EliteBook i ZBook modela.<\/p>\n<p data-start=\"819\" data-end=\"845\">\u2705 <strong data-start=\"821\" data-end=\"843\">Kompatibilni modeli:<\/strong><\/p>\n<ul data-start=\"846\" data-end=\"962\">\n<li data-start=\"846\" data-end=\"899\">\n<p data-start=\"848\" data-end=\"899\">HP EliteBook 735, 745, 830, 836, 840, 845, 846 G5<\/p>\n<\/li>\n<li data-start=\"900\" data-end=\"933\">\n<p data-start=\"902\" data-end=\"933\">HP EliteBook 735, 830, 836 G6<\/p>\n<\/li>\n<li data-start=\"934\" data-end=\"962\">\n<p data-start=\"936\" data-end=\"962\">HP ZBook 14u (ls-ps1714)<\/p>\n<\/li>\n<\/ul>\n<p data-start=\"964\" data-end=\"992\">\ud83d\udd27 <strong data-start=\"967\" data-end=\"990\">Istaknuti proizvodi:<\/strong><\/p>\n<ul data-start=\"993\" data-end=\"1214\">\n<li data-start=\"993\" data-end=\"1053\">\n<p data-start=\"995\" data-end=\"1053\">Originalni zamjenski dio prijenosnog ra\u010dunala za pouzdan rad<\/p>\n<\/li>\n<li data-start=\"1054\" data-end=\"1111\">\n<p data-start=\"1056\" data-end=\"1111\">Jasna i o\u0161tra kvaliteta zvuka, idealna za svakodnevnu upotrebu<\/p>\n<\/li>\n<li data-start=\"1112\" data-end=\"1174\">\n<p data-start=\"1114\" data-end=\"1174\">Savr\u0161eno odgovara navedenim HP modelima \u2014 nisu potrebne modifikacije<\/p>\n<\/li>\n<li data-start=\"1175\" data-end=\"1214\">\n<p data-start=\"1177\" data-end=\"1214\">Testirano i provjereno prije slanja<\/p>\n<\/li>\n<\/ul>\n<p data-start=\"1216\" data-end=\"1363\">\ud83d\udcf7 <strong data-start=\"1219\" data-end=\"1252\">Ono \u0161to vidite to i dobijete:<\/strong><br data-start=\"1252\" data-end=\"1255\" \/>Sve fotografije u ovom popisu su <strong data-start=\"1293\" data-end=\"1311\">stvarni proizvod<\/strong> \u0107ete dobiti, tako da mo\u017eete kupovati s povjerenjem.<\/p>\n<p data-start=\"1365\" data-end=\"1587\">\ud83d\udca1 <strong data-start=\"1368\" data-end=\"1377\">Napomena:<\/strong><br data-start=\"1377\" data-end=\"1380\" \/>Ovaj popis je samo za zamjenski zvu\u010dnik. Upute za instalaciju nisu uklju\u010dene, ali ako vam je potrebna dodatna pomo\u0107 u prepoznavanju kompatibilnosti ili smjernica prije kupnje, slobodno nam po\u0161aljite poruku.<\/p>\n<p data-start=\"1589\" data-end=\"1747\">Vratite svoje prijenosno ra\u010dunalo u \u017eivot s ovim pouzdanim <strong data-start=\"1639\" data-end=\"1683\">zamjenskim zvu\u010dnikom za HP EliteBook \/ ZBook<\/strong>, osiguravaju\u0107i u\u017eivanje u \u010distom zvuku i dugotrajnim performansama.<\/p>\n","protected":false},"excerpt":{"rendered":"<p>Zamjenski interni zvu\u010dnik za prijenosno ra\u010dunalo kompatibilan s HP EliteBook G5 \/ G6 serijom (735, 745, 830, 836, 840, 845, 846) i ZBook 14u. 100% ispitan, originalni dio prijenosnog ra\u010dunala s \u010distim zvukom.<\/p>\n","protected":false},"featured_media":29442,"template":"","meta":[],"product_brand":[],"product_cat":[53],"product_tag":[60],"class_list":{"0":"post-29381","1":"product","2":"type-product","3":"status-publish","4":"has-post-thumbnail","6":"product_cat-laptop-speakers","7":"product_tag-hp","9":"first","10":"instock","11":"taxable","12":"shipping-taxable","13":"purchasable","14":"product-type-simple"},"_links":{"self":[{"href":"https:\/\/boreait.com\/hr\/wp-json\/wp\/v2\/product\/29381","targetHints":{"allow":["GET"]}}],"collection":[{"href":"https:\/\/boreait.com\/hr\/wp-json\/wp\/v2\/product"}],"about":[{"href":"https:\/\/boreait.com\/hr\/wp-json\/wp\/v2\/types\/product"}],"wp:featuredmedia":[{"embeddable":true,"href":"https:\/\/boreait.com\/hr\/wp-json\/wp\/v2\/media\/29442"}],"wp:attachment":[{"href":"https:\/\/boreait.com\/hr\/wp-json\/wp\/v2\/media?parent=29381"}],"wp:term":[{"taxonomy":"product_brand","embeddable":true,"href":"https:\/\/boreait.com\/hr\/wp-json\/wp\/v2\/product_brand?post=29381"},{"taxonomy":"product_cat","embeddable":true,"href":"https:\/\/boreait.com\/hr\/wp-json\/wp\/v2\/product_cat?post=29381"},{"taxonomy":"product_tag","embeddable":true,"href":"https:\/\/boreait.com\/hr\/wp-json\/wp\/v2\/product_tag?post=29381"}],"curies":[{"name":"wp","href":"https:\/\/api.w.org\/{rel}","templated":true}]}}