{"id":29364,"date":"2025-09-12T09:26:43","date_gmt":"2025-09-12T09:26:43","guid":{"rendered":"https:\/\/boreait.com\/hr\/?post_type=product&#038;p=29364"},"modified":"2025-09-13T15:20:14","modified_gmt":"2025-09-13T15:20:14","slug":"ploca-citaca-pametnih-kartica-hp-elitebook-820-g3-6050a2827101-6053b1167601-dijelovi-prijenosnog-racunala","status":"publish","type":"product","link":"https:\/\/boreait.com\/hr\/product\/ploca-citaca-pametnih-kartica-hp-elitebook-820-g3-6050a2827101-6053b1167601-dijelovi-prijenosnog-racunala\/","title":{"rendered":"Plo\u010da \u010dita\u010da pametnih kartica HP EliteBook 820 G3 6050A2827101 6053B1167601 Dijelovi prijenosnog ra\u010dunala"},"content":{"rendered":"<p data-start=\"588\" data-end=\"900\">Nadogradite ili popravite svoj HP EliteBook 820 G3 ovom <strong data-start=\"641\" data-end=\"676\">originalnom plo\u010dom \u010dita\u010da pametnih kartica<\/strong>, brojevi dijelova <strong data-start=\"691\" data-end=\"707\">6050A2827101<\/strong> i <strong data-start=\"712\" data-end=\"728\">6053B1167601<\/strong>. Ova originalna zamjenska plo\u010da dizajnirana je za besprijekornu kompatibilnost s HP EliteBook 820 G3, \u0161to je \u010dini pouzdanim izborom za vra\u0107anje funkcionalnosti pametne kartice.<\/p>\n<p data-start=\"902\" data-end=\"926\">\u2714 <strong data-start=\"904\" data-end=\"924\">Pojedinosti o proizvodu:<\/strong><\/p>\n<ul data-start=\"927\" data-end=\"1145\">\n<li data-start=\"927\" data-end=\"968\">\n<p data-start=\"929\" data-end=\"968\">Kompatibilni model: HP EliteBook 820 G3<\/p>\n<\/li>\n<li data-start=\"969\" data-end=\"1013\">\n<p data-start=\"971\" data-end=\"1013\">Brojevi dijelova: 6050A2827101, 6053B1167601<\/p>\n<\/li>\n<li data-start=\"1014\" data-end=\"1040\">\n<p data-start=\"1016\" data-end=\"1040\">Originalni dio HP prijenosnog ra\u010dunala<\/p>\n<\/li>\n<li data-start=\"1041\" data-end=\"1082\">\n<p data-start=\"1043\" data-end=\"1082\">Potpuno testiran iu radnom stanju<\/p>\n<\/li>\n<li data-start=\"1083\" data-end=\"1145\">\n<p data-start=\"1085\" data-end=\"1145\">Fotografije u popisu stvarni su dio koji \u0107ete dobiti<\/p>\n<\/li>\n<\/ul>\n<p data-start=\"1147\" data-end=\"1337\">Ova plo\u010da \u010dita\u010da pametnih kartica idealna je ako je va\u0161a postoje\u0107a plo\u010da neispravna, o\u0161te\u0107ena ili nedostaje. Budu\u0107i da je <strong data-start=\"1249\" data-end=\"1277\">autenti\u010dni dio HP prijenosnog ra\u010dunala<\/strong>, osigurava stabilne performanse i dugoro\u010dnu pouzdanost.<\/p>\n<p data-start=\"1339\" data-end=\"1360\">\ud83d\udca1 <strong data-start=\"1342\" data-end=\"1358\">Napomena:<\/strong><\/p>\n<ul data-start=\"1361\" data-end=\"1483\">\n<li data-start=\"1361\" data-end=\"1449\">\n<p data-start=\"1363\" data-end=\"1449\">Nisu uklju\u010dene upute za zamjenu. Ako trebate pomo\u0107, slobodno nam po\u0161aljite poruku.<\/p>\n<\/li>\n<li data-start=\"1450\" data-end=\"1483\">\n<p data-start=\"1452\" data-end=\"1483\">Dostupna dostava diljem svijeta.<\/p>\n<\/li>\n<\/ul>\n<p data-start=\"1485\" data-end=\"1641\">Bilo da popravljate, nadogra\u0111ujete ili pravite zalihe rezervnih <strong data-start=\"1547\" data-end=\"1563\">dijelova za prijenosno ra\u010dunalo<\/strong>, ova plo\u010da \u010dita\u010da pametnih kartica HP EliteBook 820 G3 pouzdano je rje\u0161enje.<\/p>\n","protected":false},"excerpt":{"rendered":"<p>Originalna plo\u010da \u010dita\u010da pametnih kartica HP EliteBook 820 G3 (6050A2827101 \/ 6053B1167601). Testiran, originalni dio za prijenosno ra\u010dunalo sa stvarnim fotografijama artikla koji \u0107ete dobiti.<\/p>\n","protected":false},"featured_media":29431,"template":"","meta":[],"product_brand":[],"product_cat":[51],"product_tag":[60],"class_list":{"0":"post-29364","1":"product","2":"type-product","3":"status-publish","4":"has-post-thumbnail","6":"product_cat-laptop-housing","7":"product_tag-hp","9":"first","10":"instock","11":"taxable","12":"shipping-taxable","13":"purchasable","14":"product-type-simple"},"_links":{"self":[{"href":"https:\/\/boreait.com\/hr\/wp-json\/wp\/v2\/product\/29364","targetHints":{"allow":["GET"]}}],"collection":[{"href":"https:\/\/boreait.com\/hr\/wp-json\/wp\/v2\/product"}],"about":[{"href":"https:\/\/boreait.com\/hr\/wp-json\/wp\/v2\/types\/product"}],"wp:featuredmedia":[{"embeddable":true,"href":"https:\/\/boreait.com\/hr\/wp-json\/wp\/v2\/media\/29431"}],"wp:attachment":[{"href":"https:\/\/boreait.com\/hr\/wp-json\/wp\/v2\/media?parent=29364"}],"wp:term":[{"taxonomy":"product_brand","embeddable":true,"href":"https:\/\/boreait.com\/hr\/wp-json\/wp\/v2\/product_brand?post=29364"},{"taxonomy":"product_cat","embeddable":true,"href":"https:\/\/boreait.com\/hr\/wp-json\/wp\/v2\/product_cat?post=29364"},{"taxonomy":"product_tag","embeddable":true,"href":"https:\/\/boreait.com\/hr\/wp-json\/wp\/v2\/product_tag?post=29364"}],"curies":[{"name":"wp","href":"https:\/\/api.w.org\/{rel}","templated":true}]}}