{"id":29361,"date":"2025-09-12T09:26:43","date_gmt":"2025-09-12T09:26:43","guid":{"rendered":"https:\/\/boreait.com\/hr\/?post_type=product&#038;p=29361"},"modified":"2025-09-13T15:20:13","modified_gmt":"2025-09-13T15:20:13","slug":"originalni-hp-elitebook-820-g3-lcd-prednji-okvir-okvira-821658-001-dijelovi-prijenosnog-racunala","status":"publish","type":"product","link":"https:\/\/boreait.com\/hr\/product\/originalni-hp-elitebook-820-g3-lcd-prednji-okvir-okvira-821658-001-dijelovi-prijenosnog-racunala\/","title":{"rendered":"Originalni HP EliteBook 820 G3 LCD prednji okvir okvira 821658-001 dijelovi prijenosnog ra\u010dunala"},"content":{"rendered":"<p data-start=\"535\" data-end=\"806\">Ovo je <strong data-start=\"546\" data-end=\"625\">originalni HP EliteBook 820 G3 LCD okvir prednjeg okvira (broj dijela 821658-001)<\/strong>, dizajniran da savr\u0161eno pristaje uz EliteBook 820 G3 seriju. To je originalni dio prijenosnog ra\u010dunala koji osigurava istu izdr\u017eljivost, izgled i kompatibilnost kao i tvorni\u010dki ugra\u0111en okvir.<\/p>\n<p data-start=\"808\" data-end=\"1073\">\u2705 <strong data-start=\"810\" data-end=\"823\">Stanje<\/strong>: Originalni HP dio<br data-start=\"841\" data-end=\"844\" \/>\u2705 <strong data-start=\"846\" data-end=\"863\">Kompatibilnost<\/strong>: EliteBook 820 G3 serija<br data-start=\"888\" data-end=\"891\" \/>\u2705 <strong data-start=\"893\" data-end=\"908\">Broj dijela<\/strong>: 821658-001<br data-start=\"920\" data-end=\"923\" \/>\u2705 <strong data-start=\"925\" data-end=\"937\">Kategorija<\/strong>: prijenosno ra\u010dunalo dijelovi \u2013 LCD prednji okvir okvira<br data-start=\"975\" data-end=\"978\" \/>\u2705 <strong data-start=\"980\" data-end=\"990\">Fotografije<\/strong>: Slike u ovom popisu stvarne su fotografije to\u010dno onog proizvoda koji \u0107ete dobiti.<\/p>\n<p data-start=\"1075\" data-end=\"1259\">Ovaj okvir idealan je za zamjenu o\u0161te\u0107enog ili istro\u0161enog okvira na va\u0161em HP EliteBook 820 G3. Poma\u017ee u odr\u017eavanju sigurnosti va\u0161eg zaslona dok odr\u017eava \u010disti, profesionalni izgled prijenosnog ra\u010dunala.<\/p>\n<p data-start=\"1261\" data-end=\"1391\">\ud83d\udccc Imajte na umu: upute za instalaciju nisu prilo\u017eene, ali ako trebate smjernice, mo\u017eete nam poslati poruku u bilo kojem trenutku za pomo\u0107.<\/p>\n<p data-start=\"1393\" data-end=\"1499\">Nadogradite ili popravite svoj ure\u0111aj originalnim HP dijelovima prijenosnog ra\u010dunala kako biste osigurali najbolju izvedbu i dugotrajnost.<\/p>\n","protected":false},"excerpt":{"rendered":"<p>Originalni prednji okvir okvira HP EliteBook 820 G3 LCD (821658-001). Kvalitetan zamjenski dio za laptop, testiran iu izvrsnom stanju.<\/p>\n","protected":false},"featured_media":29421,"template":"","meta":[],"product_brand":[],"product_cat":[51],"product_tag":[60],"class_list":{"0":"post-29361","1":"product","2":"type-product","3":"status-publish","4":"has-post-thumbnail","6":"product_cat-laptop-housing","7":"product_tag-hp","9":"first","10":"instock","11":"taxable","12":"shipping-taxable","13":"purchasable","14":"product-type-simple"},"_links":{"self":[{"href":"https:\/\/boreait.com\/hr\/wp-json\/wp\/v2\/product\/29361","targetHints":{"allow":["GET"]}}],"collection":[{"href":"https:\/\/boreait.com\/hr\/wp-json\/wp\/v2\/product"}],"about":[{"href":"https:\/\/boreait.com\/hr\/wp-json\/wp\/v2\/types\/product"}],"wp:featuredmedia":[{"embeddable":true,"href":"https:\/\/boreait.com\/hr\/wp-json\/wp\/v2\/media\/29421"}],"wp:attachment":[{"href":"https:\/\/boreait.com\/hr\/wp-json\/wp\/v2\/media?parent=29361"}],"wp:term":[{"taxonomy":"product_brand","embeddable":true,"href":"https:\/\/boreait.com\/hr\/wp-json\/wp\/v2\/product_brand?post=29361"},{"taxonomy":"product_cat","embeddable":true,"href":"https:\/\/boreait.com\/hr\/wp-json\/wp\/v2\/product_cat?post=29361"},{"taxonomy":"product_tag","embeddable":true,"href":"https:\/\/boreait.com\/hr\/wp-json\/wp\/v2\/product_tag?post=29361"}],"curies":[{"name":"wp","href":"https:\/\/api.w.org\/{rel}","templated":true}]}}