{"id":29347,"date":"2025-09-12T09:25:55","date_gmt":"2025-09-12T09:25:55","guid":{"rendered":"https:\/\/boreait.com\/hr\/?post_type=product&#038;p=29347"},"modified":"2025-09-13T15:19:40","modified_gmt":"2025-09-13T15:19:40","slug":"ibm-thinkpad-2626-90-43b07-0sn-kfrdbw020a-zamjena-tipkovnice-za-prijenosno-racunalo-dijelovi-prijenosnog-racunala","status":"publish","type":"product","link":"https:\/\/boreait.com\/hr\/product\/ibm-thinkpad-2626-90-43b07-0sn-kfrdbw020a-zamjena-tipkovnice-za-prijenosno-racunalo-dijelovi-prijenosnog-racunala\/","title":{"rendered":"IBM ThinkPad 2626 90.43B07.0SN KFRDBW020A Zamjena tipkovnice za prijenosno ra\u010dunalo | Dijelovi prijenosnog ra\u010dunala"},"content":{"rendered":"<p data-start=\"563\" data-end=\"802\">Tipkovnica IBM ThinkPad 2626 <strong data-start=\"567\" data-end=\"603\">90.43B07.0SN KFRDBW020A<\/strong> originalni je zamjenski dio napravljen za glatku izvedbu i izdr\u017eljivost. Bilo da je va\u0161a trenuta\u010dna tipkovnica o\u0161te\u0107ena, nedostaju li joj tipke ili ne reagira, ova zamjena pru\u017ea pouzdano rje\u0161enje.<\/p>\n<p data-start=\"804\" data-end=\"828\">\u2714 <strong data-start=\"806\" data-end=\"825\">Pojedinosti o proizvodu<\/strong>:<\/p>\n<ul data-start=\"829\" data-end=\"1074\">\n<li data-start=\"829\" data-end=\"869\">\n<p data-start=\"831\" data-end=\"869\">Model: <strong data-start=\"838\" data-end=\"867\">90.43B07.0SN \/ KFRDBW020A<\/strong><\/p>\n<\/li>\n<li data-start=\"829\" data-end=\"869\">Jezik: slovenski<\/li>\n<li data-start=\"870\" data-end=\"911\">\n<p data-start=\"872\" data-end=\"911\">Vrsta: <strong data-start=\"878\" data-end=\"909\">Zamjena tipkovnice prijenosnog ra\u010dunala<\/strong><\/p>\n<\/li>\n<li data-start=\"912\" data-end=\"934\">\n<p data-start=\"914\" data-end=\"934\">Stanje: <strong data-start=\"925\" data-end=\"932\">Novo<\/strong><\/p>\n<\/li>\n<li data-start=\"935\" data-end=\"965\">\n<p data-start=\"937\" data-end=\"965\">Kategorija: <strong data-start=\"947\" data-end=\"963\">Dijelovi prijenosnih ra\u010dunala<\/strong><\/p>\n<\/li>\n<li data-start=\"966\" data-end=\"1074\">\n<p data-start=\"968\" data-end=\"1074\">Kompatibilno s vi\u0161e modela prijenosnih ra\u010dunala (prije kupnje provjerite trenutni broj dijela tipkovnice).<\/p>\n<\/li>\n<\/ul>\n<p data-start=\"1076\" data-end=\"1109\">\u2714 <strong data-start=\"1078\" data-end=\"1107\">Za\u0161to odabrati ovu tipkovnicu?<\/strong><\/p>\n<ul data-start=\"1110\" data-end=\"1320\">\n<li data-start=\"1110\" data-end=\"1160\">\n<p data-start=\"1112\" data-end=\"1160\">Visokokvalitetna konstrukcija za dugotrajnu upotrebu<\/p>\n<\/li>\n<li data-start=\"1161\" data-end=\"1205\">\n<p data-start=\"1163\" data-end=\"1205\">Glatko i ugodno iskustvo tipkanja<\/p>\n<\/li>\n<li data-start=\"1206\" data-end=\"1263\">\n<p data-start=\"1208\" data-end=\"1263\">Lako ga instalira profesionalni ili iskusni korisnik<\/p>\n<\/li>\n<li data-start=\"1264\" data-end=\"1320\">\n<p data-start=\"1266\" data-end=\"1320\">Iskona\u010dno rje\u0161enje za produljenje vijeka va\u0161eg prijenosnog ra\u010dunala<\/p>\n<\/li>\n<\/ul>\n<p data-start=\"1322\" data-end=\"1346\">\u2714 <strong data-start=\"1324\" data-end=\"1343\">Va\u017ene napomene<\/strong>:<\/p>\n<ul data-start=\"1347\" data-end=\"1549\">\n<li data-start=\"1347\" data-end=\"1428\">\n<p data-start=\"1349\" data-end=\"1428\">Prikazane fotografije su <strong data-start=\"1370\" data-end=\"1385\">prave slike<\/strong> stvarne tipkovnice koju \u0107ete dobiti.<\/p>\n<\/li>\n<li data-start=\"1429\" data-end=\"1549\">\n<p data-start=\"1431\" data-end=\"1549\">Upute za instalaciju nisu uklju\u010dene, ali ako trebate pomo\u0107 u prepoznavanju kompatibilnosti, slobodno nam po\u0161aljite poruku.<\/p>\n<\/li>\n<\/ul>\n<p data-start=\"1551\" data-end=\"1752\">Ova <strong data-start=\"1556\" data-end=\"1587\">zamjena za tipkovnicu prijenosnog ra\u010dunala<\/strong> idealan je izbor za korisnike koji \u017eele popraviti ili nadograditi svoja prijenosna ra\u010dunala pouzdanim, originalnim <strong data-start=\"1683\" data-end=\"1699\">dijelovima za prijenosno ra\u010dunalo<\/strong>. Naru\u010dite danas kako biste vratili performanse svog prijenosnog ra\u010dunala!<\/p>\n","protected":false},"excerpt":{"rendered":"<p>Pouzdana <strong data-start=\"327\" data-end=\"358\">zamjenska tipkovnica prijenosnog ra\u010dunala<\/strong> (model: 90.43BO7.0SN KFRDBW020A) dizajnirana za vra\u0107anje pune izvedbe tipkanja. Savr\u0161eno za korisnike kojima su potrebni kvalitetni <strong data-start=\"471\" data-end=\"487\">dijelovi prijenosnog ra\u010dunala<\/strong> za popravak ili nadogradnju.<\/p>\n","protected":false},"featured_media":29410,"template":"","meta":[],"product_brand":[],"product_cat":[70],"product_tag":[52],"class_list":{"0":"post-29347","1":"product","2":"type-product","3":"status-publish","4":"has-post-thumbnail","6":"product_cat-laptop-keyboard","7":"product_tag-dell","9":"first","10":"instock","11":"taxable","12":"shipping-taxable","13":"purchasable","14":"product-type-simple"},"_links":{"self":[{"href":"https:\/\/boreait.com\/hr\/wp-json\/wp\/v2\/product\/29347","targetHints":{"allow":["GET"]}}],"collection":[{"href":"https:\/\/boreait.com\/hr\/wp-json\/wp\/v2\/product"}],"about":[{"href":"https:\/\/boreait.com\/hr\/wp-json\/wp\/v2\/types\/product"}],"wp:featuredmedia":[{"embeddable":true,"href":"https:\/\/boreait.com\/hr\/wp-json\/wp\/v2\/media\/29410"}],"wp:attachment":[{"href":"https:\/\/boreait.com\/hr\/wp-json\/wp\/v2\/media?parent=29347"}],"wp:term":[{"taxonomy":"product_brand","embeddable":true,"href":"https:\/\/boreait.com\/hr\/wp-json\/wp\/v2\/product_brand?post=29347"},{"taxonomy":"product_cat","embeddable":true,"href":"https:\/\/boreait.com\/hr\/wp-json\/wp\/v2\/product_cat?post=29347"},{"taxonomy":"product_tag","embeddable":true,"href":"https:\/\/boreait.com\/hr\/wp-json\/wp\/v2\/product_tag?post=29347"}],"curies":[{"name":"wp","href":"https:\/\/api.w.org\/{rel}","templated":true}]}}