{"id":29345,"date":"2025-09-12T09:25:55","date_gmt":"2025-09-12T09:25:55","guid":{"rendered":"https:\/\/boreait.com\/hr\/?post_type=product&#038;p=29345"},"modified":"2025-09-13T15:18:53","modified_gmt":"2025-09-13T15:18:53","slug":"originalni-dijelovi-prijenosnog-racunala-lenovo-thinkpad-yoga-260-cpu-ventilator-i-hladnjak-00hn996","status":"publish","type":"product","link":"https:\/\/boreait.com\/hr\/product\/originalni-dijelovi-prijenosnog-racunala-lenovo-thinkpad-yoga-260-cpu-ventilator-i-hladnjak-00hn996\/","title":{"rendered":"Originalni dijelovi prijenosnog ra\u010dunala Lenovo ThinkPad Yoga 260 CPU ventilator i hladnjak 00HN996"},"content":{"rendered":"<p data-start=\"579\" data-end=\"831\">Ovaj <strong data-start=\"584\" data-end=\"641\">originalni Lenovo CPU ventilator i hladnjak (00HN996)<\/strong> dizajnirani su za <strong data-start=\"662\" data-end=\"683\">ThinkPad Yoga 260<\/strong>. Visokokvalitetni <strong data-start=\"700\" data-end=\"715\">dio za prijenosno ra\u010dunalo<\/strong>, poma\u017ee regulirati temperaturu va\u0161eg prijenosnog ra\u010dunala, osiguravaju\u0107i stabilne performanse tijekom svakodnevne upotrebe ili velikih radnih optere\u0107enja.<\/p>\n<p data-start=\"833\" data-end=\"1095\">\u2705 <strong data-start=\"835\" data-end=\"856\">Kompatibilni model:<\/strong> Lenovo ThinkPad Yoga 260<br data-start=\"881\" data-end=\"884\" \/>\u2705 <strong data-start=\"886\" data-end=\"902\">Broj dijela:<\/strong> 00HN996<br data-start=\"910\" data-end=\"913\" \/>\u2705 <strong data-start=\"915\" data-end=\"924\">Vrsta:<\/strong> CPU ventilator &amp; Sklop hladnjaka<br data-start=\"960\" data-end=\"963\" \/>\u2705 <strong data-start=\"965\" data-end=\"979\">Stanje:<\/strong> originalan, testiran i u izvrsnom radnom stanju<br data-start=\"1027\" data-end=\"1030\" \/>\u2705 <strong data-start=\"1032\" data-end=\"1040\">Upotreba:<\/strong> Zamjenski dio za neispravne ili bu\u010dne sustave hla\u0111enja<\/p>\n<p data-start=\"1097\" data-end=\"1369\">Neovisno o tome radi li va\u0161a Yoga 260 toplija nego ina\u010de, neo\u010dekivano se gasi ili je ventilator postao bu\u010dan, ovaj originalni sklop rashladnog ventilatora i hladnjaka Lenovo idealno je rje\u0161enje. Uspostavlja pravilan protok zraka i rasipanje topline, produ\u017euju\u0107i vijek trajanja va\u0161eg prijenosnog ra\u010dunala.<\/p>\n<p data-start=\"1371\" data-end=\"1553\">\ud83d\udd39 <strong data-start=\"1374\" data-end=\"1446\">Fotografije u ovom popisu prave su slike dijela koji \u0107ete dobiti.<\/strong><br data-start=\"1446\" data-end=\"1449\" \/>\ud83d\udd39 <strong data-start=\"1452\" data-end=\"1551\">Nisu pru\u017eene upute za instalaciju, ali ako trebate pomo\u0107, slobodno nam po\u0161aljite poruku.<\/strong><\/p>\n<p data-start=\"1555\" data-end=\"1652\">Nadogradite pouzdanost svog prijenosnog ra\u010dunala ovim bitnim <strong data-start=\"1609\" data-end=\"1649\">dijelom prijenosnog ra\u010dunala Lenovo ThinkPad Yoga 260<\/strong>.<\/p>\n","protected":false},"excerpt":{"rendered":"<p>Neka va\u0161 Lenovo ThinkPad Yoga 260 radi hladan uz ovaj originalni ventilator za hla\u0111enje procesora i hladnjak (00HN996). Pouzdan dio prijenosnog ra\u010dunala dizajniran za odr\u017eavanje performansi sustava i sprje\u010davanje pregrijavanja.<\/p>\n","protected":false},"featured_media":29408,"template":"","meta":[],"product_brand":[],"product_cat":[68],"product_tag":[61],"class_list":{"0":"post-29345","1":"product","2":"type-product","3":"status-publish","4":"has-post-thumbnail","6":"product_cat-cpu-fans-heatsinks","7":"product_tag-lenovo","9":"first","10":"instock","11":"taxable","12":"shipping-taxable","13":"purchasable","14":"product-type-simple"},"_links":{"self":[{"href":"https:\/\/boreait.com\/hr\/wp-json\/wp\/v2\/product\/29345","targetHints":{"allow":["GET"]}}],"collection":[{"href":"https:\/\/boreait.com\/hr\/wp-json\/wp\/v2\/product"}],"about":[{"href":"https:\/\/boreait.com\/hr\/wp-json\/wp\/v2\/types\/product"}],"wp:featuredmedia":[{"embeddable":true,"href":"https:\/\/boreait.com\/hr\/wp-json\/wp\/v2\/media\/29408"}],"wp:attachment":[{"href":"https:\/\/boreait.com\/hr\/wp-json\/wp\/v2\/media?parent=29345"}],"wp:term":[{"taxonomy":"product_brand","embeddable":true,"href":"https:\/\/boreait.com\/hr\/wp-json\/wp\/v2\/product_brand?post=29345"},{"taxonomy":"product_cat","embeddable":true,"href":"https:\/\/boreait.com\/hr\/wp-json\/wp\/v2\/product_cat?post=29345"},{"taxonomy":"product_tag","embeddable":true,"href":"https:\/\/boreait.com\/hr\/wp-json\/wp\/v2\/product_tag?post=29345"}],"curies":[{"name":"wp","href":"https:\/\/api.w.org\/{rel}","templated":true}]}}