{"id":29337,"date":"2025-09-12T09:25:31","date_gmt":"2025-09-12T09:25:31","guid":{"rendered":"https:\/\/boreait.com\/hr\/?post_type=product&#038;p=29337"},"modified":"2025-09-13T15:17:26","modified_gmt":"2025-09-13T15:17:26","slug":"enovo-thinkpad-yoga-260-ploca-s-prekidacem-za-ukljucivanje-ls-c582p","status":"publish","type":"product","link":"https:\/\/boreait.com\/hr\/product\/enovo-thinkpad-yoga-260-ploca-s-prekidacem-za-ukljucivanje-ls-c582p\/","title":{"rendered":"enovo ThinkPad Yoga 260 plo\u010da s prekida\u010dem za uklju\u010divanje LS-C582P"},"content":{"rendered":"<p data-start=\"371\" data-end=\"614\">Vratite svoj Lenovo ThinkPad Yoga u \u017eivot s ovom <strong data-start=\"426\" data-end=\"474\">plo\u010dom prekida\u010da za uklju\u010divanje (LS-C582P)<\/strong>.<br data-start=\"475\" data-end=\"478\" \/>Ako se va\u0161e prijenosno ra\u010dunalo ne pokre\u0107e, ne reagira na gumb za napajanje ili je prekida\u010d fizi\u010dki o\u0161te\u0107en, ovaj dio je idealno rje\u0161enje.<\/p>\n<p data-start=\"616\" data-end=\"638\"><strong data-start=\"616\" data-end=\"636\">Pojedinosti o proizvodu:<\/strong><\/p>\n<ul data-start=\"639\" data-end=\"838\">\n<li data-start=\"639\" data-end=\"678\">\n<p data-start=\"641\" data-end=\"678\">Model: <strong data-start=\"648\" data-end=\"676\">Lenovo ThinkPad Yoga 260<\/strong><\/p>\n<\/li>\n<li data-start=\"679\" data-end=\"708\">\n<p data-start=\"681\" data-end=\"708\">Broj dijela: <strong data-start=\"694\" data-end=\"706\">LS-C582P<\/strong><\/p>\n<\/li>\n<li data-start=\"709\" data-end=\"739\">\n<p data-start=\"711\" data-end=\"739\">Uklju\u010duje <strong data-start=\"720\" data-end=\"737\">plo\u010du\u00a0<\/strong><\/p>\n<\/li>\n<li data-start=\"740\" data-end=\"782\">\n<p data-start=\"742\" data-end=\"782\">Visokokvalitetna, potpuno testirana zamjena<\/p>\n<\/li>\n<li data-start=\"783\" data-end=\"838\">\n<p data-start=\"785\" data-end=\"838\">Jednostavna instalacija za tehni\u010dare i popravke &#8220;uradi sam&#8221;<\/p>\n<\/li>\n<\/ul>\n<p data-start=\"840\" data-end=\"916\"><strong data-start=\"840\" data-end=\"861\">Paket uklju\u010duje:<\/strong><br data-start=\"861\" data-end=\"864\" \/>1x plo\u010du s prekida\u010dem za uklju\u010divanje (LS-C582P)<\/p>\n<p data-start=\"918\" data-end=\"990\">Brzo popravite svoj Yoga 260 i vratite pouzdanu funkciju uklju\u010divanja.<\/p>\n","protected":false},"excerpt":{"rendered":"<p>Zamjenska <strong data-start=\"196\" data-end=\"247\">plo\u010da prekida\u010da za uklju\u010divanje (LS-C582P)<\/strong> za Lenovo ThinkPad Yoga 260. Originalni rezervni dio za rje\u0161avanje problema s pokretanjem.<\/p>\n","protected":false},"featured_media":29399,"template":"","meta":[],"product_brand":[],"product_cat":[62],"product_tag":[61],"class_list":{"0":"post-29337","1":"product","2":"type-product","3":"status-publish","4":"has-post-thumbnail","6":"product_cat-motherboards-board-parts","7":"product_tag-lenovo","9":"first","10":"instock","11":"taxable","12":"shipping-taxable","13":"purchasable","14":"product-type-simple"},"_links":{"self":[{"href":"https:\/\/boreait.com\/hr\/wp-json\/wp\/v2\/product\/29337","targetHints":{"allow":["GET"]}}],"collection":[{"href":"https:\/\/boreait.com\/hr\/wp-json\/wp\/v2\/product"}],"about":[{"href":"https:\/\/boreait.com\/hr\/wp-json\/wp\/v2\/types\/product"}],"wp:featuredmedia":[{"embeddable":true,"href":"https:\/\/boreait.com\/hr\/wp-json\/wp\/v2\/media\/29399"}],"wp:attachment":[{"href":"https:\/\/boreait.com\/hr\/wp-json\/wp\/v2\/media?parent=29337"}],"wp:term":[{"taxonomy":"product_brand","embeddable":true,"href":"https:\/\/boreait.com\/hr\/wp-json\/wp\/v2\/product_brand?post=29337"},{"taxonomy":"product_cat","embeddable":true,"href":"https:\/\/boreait.com\/hr\/wp-json\/wp\/v2\/product_cat?post=29337"},{"taxonomy":"product_tag","embeddable":true,"href":"https:\/\/boreait.com\/hr\/wp-json\/wp\/v2\/product_tag?post=29337"}],"curies":[{"name":"wp","href":"https:\/\/api.w.org\/{rel}","templated":true}]}}