{"id":29330,"date":"2025-09-12T09:25:06","date_gmt":"2025-09-12T09:25:06","guid":{"rendered":"https:\/\/boreait.com\/hr\/?post_type=product&#038;p=29330"},"modified":"2025-09-13T15:20:19","modified_gmt":"2025-09-13T15:20:19","slug":"dijelovi-prijenosnog-racunala-lenovo-thinkpad-x380-yoga-260-13-3-set-unutarnjih-zvucnika-lijevog-i-desnog-pk23000re00","status":"publish","type":"product","link":"https:\/\/boreait.com\/hr\/product\/dijelovi-prijenosnog-racunala-lenovo-thinkpad-x380-yoga-260-13-3-set-unutarnjih-zvucnika-lijevog-i-desnog-pk23000re00\/","title":{"rendered":"Dijelovi prijenosnog ra\u010dunala Lenovo ThinkPad X380 Yoga 260 13.3&#8243; | Set unutarnjih zvu\u010dnika lijevog i desnog PK23000RE00"},"content":{"rendered":"<p data-start=\"487\" data-end=\"763\">Nadogradite ili vratite kvalitetu zvuka svog Lenovo ThinkPad X380 Yoga 13.3&#8243; s ovim originalnim <strong data-start=\"583\" data-end=\"627\">kompletom lijevih i desnih zvu\u010dnika (PK23000RE00)<\/strong>. Dizajnirani posebno za seriju X380 Yoga, ovi dijelovi prijenosnog ra\u010dunala daju jasan, uravnote\u017een zvuk kao izvornik.<\/p>\n<p data-start=\"765\" data-end=\"1064\">\u2705 <strong data-start=\"767\" data-end=\"788\">Kompatibilni model:<\/strong> Lenovo ThinkPad X380 Yoga (13.3&#8243;)\/ Yoga 260\u00a0<br data-start=\"822\" data-end=\"825\" \/>\u2705 <strong data-start=\"827\" data-end=\"843\">Broj dijela:<\/strong> PK23000RE00<br data-start=\"855\" data-end=\"858\" \/>\u2705 <strong data-start=\"860\" data-end=\"873\">Uklju\u010duje:<\/strong> Lijevi i desni interni zvu\u010dnici (par)<br data-start=\"911\" data-end=\"914\" \/>\u2705 <strong data-start=\"916\" data-end=\"930\">Stanje:<\/strong> Originalno, potpuno testirano iu izvrsnom radnom stanju<br data-start=\"984\" data-end=\"987\" \/>\u2705 <strong data-start=\"989\" data-end=\"997\">Upotreba:<\/strong> Savr\u0161ena zamjena za o\u0161te\u0107ene, neispravne ili slabe zvu\u010dnike prijenosnog ra\u010dunala<\/p>\n<p data-start=\"1066\" data-end=\"1301\">Sve fotografije u ovom popisu su <strong data-start=\"1097\" data-end=\"1131\">prave slike to\u010dnih dijelova<\/strong> koje \u0107ete dobiti, osiguravaju\u0107i da to\u010dno znate \u0161to kupujete. Upute za instalaciju nisu uklju\u010dene, ali ako trebate dodatne upute, slobodno nas kontaktirajte.<\/p>\n<p data-start=\"1303\" data-end=\"1413\">Vratite svoj ThinkPad u \u017eivot s pouzdanim, originalnim dijelovima prijenosnog ra\u010dunala dizajniranim za dugotrajne performanse.<\/p>\n","protected":false},"excerpt":{"rendered":"<p>Zamjenski lijevi i desni interni set zvu\u010dnika (PK23000RE00) za Lenovo ThinkPad X380 Yoga 13.3&#8243;. Originalni dijelovi prijenosnog ra\u010dunala, testirani i spremni za ugradnju.<\/p>\n","protected":false},"featured_media":29397,"template":"","meta":[],"product_brand":[],"product_cat":[53],"product_tag":[61],"class_list":{"0":"post-29330","1":"product","2":"type-product","3":"status-publish","4":"has-post-thumbnail","6":"product_cat-laptop-speakers","7":"product_tag-lenovo","9":"first","10":"instock","11":"taxable","12":"shipping-taxable","13":"purchasable","14":"product-type-simple"},"_links":{"self":[{"href":"https:\/\/boreait.com\/hr\/wp-json\/wp\/v2\/product\/29330","targetHints":{"allow":["GET"]}}],"collection":[{"href":"https:\/\/boreait.com\/hr\/wp-json\/wp\/v2\/product"}],"about":[{"href":"https:\/\/boreait.com\/hr\/wp-json\/wp\/v2\/types\/product"}],"wp:featuredmedia":[{"embeddable":true,"href":"https:\/\/boreait.com\/hr\/wp-json\/wp\/v2\/media\/29397"}],"wp:attachment":[{"href":"https:\/\/boreait.com\/hr\/wp-json\/wp\/v2\/media?parent=29330"}],"wp:term":[{"taxonomy":"product_brand","embeddable":true,"href":"https:\/\/boreait.com\/hr\/wp-json\/wp\/v2\/product_brand?post=29330"},{"taxonomy":"product_cat","embeddable":true,"href":"https:\/\/boreait.com\/hr\/wp-json\/wp\/v2\/product_cat?post=29330"},{"taxonomy":"product_tag","embeddable":true,"href":"https:\/\/boreait.com\/hr\/wp-json\/wp\/v2\/product_tag?post=29330"}],"curies":[{"name":"wp","href":"https:\/\/api.w.org\/{rel}","templated":true}]}}