{"id":29329,"date":"2025-09-12T09:25:05","date_gmt":"2025-09-12T09:25:05","guid":{"rendered":"https:\/\/boreait.com\/hr\/?post_type=product&#038;p=29329"},"modified":"2025-09-13T15:17:27","modified_gmt":"2025-09-13T15:17:27","slug":"oem-lenovo-x1-carbon-4-generacije-yoga-260-citac-otisaka-prstiju-sc50f54325-w-dijelovi-prijenosnog-racunala","status":"publish","type":"product","link":"https:\/\/boreait.com\/hr\/product\/oem-lenovo-x1-carbon-4-generacije-yoga-260-citac-otisaka-prstiju-sc50f54325-w-dijelovi-prijenosnog-racunala\/","title":{"rendered":"OEM Lenovo X1 Carbon 4. generacije \/ Yoga 260 \u010dita\u010d otisaka prstiju SC50F54325 w dijelovi prijenosnog ra\u010dunala"},"content":{"rendered":"<p data-start=\"662\" data-end=\"898\">Nadogradite ili vratite svoj Lenovo X1 Carbon 4. generacije \/ Yoga 260 ovim <strong data-start=\"721\" data-end=\"792\">originalnim OEM modulom \u010dita\u010da otiska prsta (SC50F54325) uklju\u010duju\u0107i kabel<\/strong>. Ovaj visokokvalitetni dio prijenosnog ra\u010dunala osigurava sigurnu biometrijsku prijavu, odr\u017eavaju\u0107i va\u0161 sustav prakti\u010dnim i sigurnim.<\/p>\n<ul data-start=\"900\" data-end=\"1198\">\n<li data-start=\"900\" data-end=\"959\">\n<p data-start=\"902\" data-end=\"959\"><strong data-start=\"902\" data-end=\"922\">Kompatibilni model<\/strong>: Lenovo ThinkPad X1 Carbon 4. generacije \/ Yoga 260<\/p>\n<\/li>\n<li data-start=\"960\" data-end=\"991\">\n<p data-start=\"962\" data-end=\"991\"><strong data-start=\"962\" data-end=\"977\">Broj dijela<\/strong>: SC50F54325<\/p>\n<\/li>\n<li data-start=\"992\" data-end=\"1054\">\n<p data-start=\"994\" data-end=\"1054\"><strong data-start=\"994\" data-end=\"1006\">Uklju\u010duje<\/strong>: modul \u010dita\u010da otiska prsta + kabel za povezivanje<\/p>\n<\/li>\n<li data-start=\"1055\" data-end=\"1107\">\n<p data-start=\"1057\" data-end=\"1107\"><strong data-start=\"1057\" data-end=\"1070\">Stanje<\/strong>: 100% originalni OEM zamjenski dio<\/p>\n<\/li>\n<li data-start=\"1108\" data-end=\"1198\">\n<p data-start=\"1110\" data-end=\"1198\"><strong data-start=\"1110\" data-end=\"1122\">Slu\u010daj upotrebe<\/strong>: idealno ako je va\u0161 postoje\u0107i \u010dita\u010d otiska prsta neispravan, o\u0161te\u0107en ili nedostaje<\/p>\n<\/li>\n<\/ul>\n<p data-start=\"1200\" data-end=\"1342\">Sve prikazane fotografije odnose se na <strong data-start=\"1228\" data-end=\"1250\">to\u010dne dijelove prijenosnog ra\u010dunala<\/strong> koje \u0107ete dobiti &#8211; nema slika iz skladi\u0161ta. To osigurava da to\u010dno znate \u0161to kupujete.<\/p>\n<p data-start=\"1344\" data-end=\"1503\">Napominjemo: ne dajemo upute za instalaciju, ali ako trebate dodatne smjernice o kompatibilnosti ili instalaciji, slobodno nam po\u0161aljite poruku u bilo kojem trenutku.<\/p>\n<p data-start=\"1505\" data-end=\"1610\">Vratite sigurnost i prakti\u010dnost prijave otiskom prsta s ovom pouzdanom OEM zamjenom za Lenovo.<\/p>\n","protected":false},"excerpt":{"rendered":"<p>Originalni modul \u010dita\u010da otisaka prstiju Lenovo X1 Carbon 4. generacije (SC50F54325) s kabelom. Savr\u0161en zamjenski dio za vra\u0107anje funkcionalnosti prijave otiskom prsta. Prave fotografije, pouzdan dio za laptop.<\/p>\n","protected":false},"featured_media":29396,"template":"","meta":[],"product_brand":[],"product_cat":[62],"product_tag":[61],"class_list":{"0":"post-29329","1":"product","2":"type-product","3":"status-publish","4":"has-post-thumbnail","6":"product_cat-motherboards-board-parts","7":"product_tag-lenovo","9":"first","10":"instock","11":"taxable","12":"shipping-taxable","13":"purchasable","14":"product-type-simple"},"_links":{"self":[{"href":"https:\/\/boreait.com\/hr\/wp-json\/wp\/v2\/product\/29329","targetHints":{"allow":["GET"]}}],"collection":[{"href":"https:\/\/boreait.com\/hr\/wp-json\/wp\/v2\/product"}],"about":[{"href":"https:\/\/boreait.com\/hr\/wp-json\/wp\/v2\/types\/product"}],"wp:featuredmedia":[{"embeddable":true,"href":"https:\/\/boreait.com\/hr\/wp-json\/wp\/v2\/media\/29396"}],"wp:attachment":[{"href":"https:\/\/boreait.com\/hr\/wp-json\/wp\/v2\/media?parent=29329"}],"wp:term":[{"taxonomy":"product_brand","embeddable":true,"href":"https:\/\/boreait.com\/hr\/wp-json\/wp\/v2\/product_brand?post=29329"},{"taxonomy":"product_cat","embeddable":true,"href":"https:\/\/boreait.com\/hr\/wp-json\/wp\/v2\/product_cat?post=29329"},{"taxonomy":"product_tag","embeddable":true,"href":"https:\/\/boreait.com\/hr\/wp-json\/wp\/v2\/product_tag?post=29329"}],"curies":[{"name":"wp","href":"https:\/\/api.w.org\/{rel}","templated":true}]}}