{"id":29326,"date":"2025-09-12T09:25:04","date_gmt":"2025-09-12T09:25:04","guid":{"rendered":"https:\/\/boreait.com\/hr\/?post_type=product&#038;p=29326"},"modified":"2025-09-13T15:20:15","modified_gmt":"2025-09-13T15:20:15","slug":"lenovo-thinkpad-yoga-260-oslonac-za-dlanove-125-oem-dijelovi-prijenosnog-racunala-bez-tipkovnice-touchpad","status":"publish","type":"product","link":"https:\/\/boreait.com\/hr\/product\/lenovo-thinkpad-yoga-260-oslonac-za-dlanove-125-oem-dijelovi-prijenosnog-racunala-bez-tipkovnice-touchpad\/","title":{"rendered":"Lenovo ThinkPad Yoga 260 Oslonac za dlanove 12,5&#8243; OEM dijelovi prijenosnog ra\u010dunala Bez tipkovnice Touchpad"},"content":{"rendered":"<p data-start=\"546\" data-end=\"783\">Nadogradite ili popravite svoj Lenovo ThinkPad Yoga 260 s ovim <strong data-start=\"604\" data-end=\"642\">originalnim OEM 12.5&#8243; ku\u0107i\u0161tem oslonca za dlan<\/strong>. Ovaj zamjenski dio dizajniran je posebno za seriju Yoga 260 i osigurava istu kvalitetu, pristajanje i izdr\u017eljivost kao original.<\/p>\n<p data-start=\"785\" data-end=\"1034\">\u2714 <strong data-start=\"787\" data-end=\"807\">Kompatibilni model<\/strong>: Lenovo ThinkPad Yoga 260 (12,5&#8243;)<br data-start=\"841\" data-end=\"844\" \/>\u2714 <strong data-start=\"846\" data-end=\"859\">Stanje<\/strong>: OEM originalni dio prijenosnog ra\u010dunala<br data-start=\"884\" data-end=\"887\" \/>\u2714 <strong data-start=\"889\" data-end=\"901\">Uklju\u010duje<\/strong>: samo ku\u0107i\u0161te oslonca za dlan (tipkovnica i dodirna podloga nisu uklju\u010deni)<br data-start=\"961\" data-end=\"964\" \/>\u2714 <strong data-start=\"966\" data-end=\"979\">Idealna upotreba<\/strong>: Zamjena za o\u0161te\u0107ene, napuknute ili istro\u0161ene oslonce za dlan<\/p>\n<p data-start=\"1036\" data-end=\"1210\">Ovaj oslonac za dlan savr\u0161en je za vra\u0107anje profesionalnog izgleda i funkcionalnosti va\u0161eg prijenosnog ra\u010dunala. Budu\u0107i da je dio OEM-a, mo\u017eete o\u010dekivati \u200b\u200bprecizno pristajanje i dugotrajnu izvedbu.<\/p>\n<p data-start=\"1212\" data-end=\"1395\">\ud83d\udd39 <strong data-start=\"1215\" data-end=\"1249\">Fotografije u popisu su stvarne<\/strong>, tako da \u0107ete dobiti to\u010dno ono \u0161to vidite.<br data-start=\"1290\" data-end=\"1293\" \/>\ud83d\udd39 Upute za instalaciju nisu dane, ali ako trebate upute, mo\u017eete poslati poruku nas izravno.<\/p>\n<p data-start=\"1397\" data-end=\"1589\">Bilo da popravljate vlastiti ure\u0111aj ili se skladi\u0161tite s kvalitetnim <strong data-start=\"1464\" data-end=\"1480\">dijelovima za prijenosno ra\u010dunalo<\/strong>, ovaj naslon za ruku Lenovo ThinkPad Yoga 260 pouzdan je izbor za tehni\u010dare, obnavlja\u010de i krajnje korisnike.<\/p>\n","protected":false},"excerpt":{"rendered":"<p>Originalno ku\u0107i\u0161te za oslonac za dlanove Lenovo ThinkPad Yoga 260 12.5&#8243; OEM. Originalni dio prijenosnog ra\u010dunala, bez tipkovnice i touchpada.<\/p>\n","protected":false},"featured_media":29387,"template":"","meta":[],"product_brand":[],"product_cat":[51],"product_tag":[61],"class_list":{"0":"post-29326","1":"product","2":"type-product","3":"status-publish","4":"has-post-thumbnail","6":"product_cat-laptop-housing","7":"product_tag-lenovo","9":"first","10":"instock","11":"taxable","12":"shipping-taxable","13":"purchasable","14":"product-type-simple"},"_links":{"self":[{"href":"https:\/\/boreait.com\/hr\/wp-json\/wp\/v2\/product\/29326","targetHints":{"allow":["GET"]}}],"collection":[{"href":"https:\/\/boreait.com\/hr\/wp-json\/wp\/v2\/product"}],"about":[{"href":"https:\/\/boreait.com\/hr\/wp-json\/wp\/v2\/types\/product"}],"wp:featuredmedia":[{"embeddable":true,"href":"https:\/\/boreait.com\/hr\/wp-json\/wp\/v2\/media\/29387"}],"wp:attachment":[{"href":"https:\/\/boreait.com\/hr\/wp-json\/wp\/v2\/media?parent=29326"}],"wp:term":[{"taxonomy":"product_brand","embeddable":true,"href":"https:\/\/boreait.com\/hr\/wp-json\/wp\/v2\/product_brand?post=29326"},{"taxonomy":"product_cat","embeddable":true,"href":"https:\/\/boreait.com\/hr\/wp-json\/wp\/v2\/product_cat?post=29326"},{"taxonomy":"product_tag","embeddable":true,"href":"https:\/\/boreait.com\/hr\/wp-json\/wp\/v2\/product_tag?post=29326"}],"curies":[{"name":"wp","href":"https:\/\/api.w.org\/{rel}","templated":true}]}}