{"id":29300,"date":"2025-09-12T09:23:36","date_gmt":"2025-09-12T09:23:36","guid":{"rendered":"https:\/\/boreait.com\/hr\/?post_type=product&#038;p=29300"},"modified":"2025-09-13T15:20:32","modified_gmt":"2025-09-13T15:20:32","slug":"dell-latitude-e5470-e5570-touchpad-tipka-misa-ploca-cn-a151na-dijelovi-prijenosnog-racunala","status":"publish","type":"product","link":"https:\/\/boreait.com\/hr\/product\/dell-latitude-e5470-e5570-touchpad-tipka-misa-ploca-cn-a151na-dijelovi-prijenosnog-racunala\/","title":{"rendered":"Dell Latitude E5470 E5570 Touchpad, tipka mi\u0161a, plo\u010da CN-A151NA, dijelovi prijenosnog ra\u010dunala"},"content":{"rendered":"<p>Ovo je originalna Dell Latitude E5470 \/ E5570 plo\u010da s tipkama mi\u0161a s dodirnom podlogom<\/p>\n<p>sa brojem dijela CN-A151NA (A151NA). Ako tipke na dodirnoj podlozi va\u0161eg prijenosnog ra\u010dunala vi\u0161e nisu<\/p>\n<p>Reagira ili ispravno radi, ova zamjenska plo\u010da je idealno rje\u0161enje.<\/p>\n<p>\u2714 Kompatibilni modeli: Dell Latitude E5470, Dell Latitude E5570<\/p>\n<p>\u2714 Broj dijela: CN-A151NA (A151NA)<\/p>\n<p>\u2714 Stanje: Testirano, 100% radi, preuzeto s originalnih prijenosnih ra\u010dunala<\/p>\n<p>\u2714 Upotreba: Zamjenska plo\u010da s gumbima za dodirnu podlogu<\/p>\n<p>U na\u0161im oglasima koristimo samo prave fotografije \u2013 dio koji vidite je to\u010dno ono \u0161to \u0107ete i dobiti.<\/p>\n<p>Ovaj dio za prijenosno ra\u010dunalo izravna je zamjena za vra\u0107anje pune funkcionalnosti na va\u0161 Dell Latitude.<\/p>\n<p>Napomena: Ne dajemo upute za instalaciju, ali ako trebate bilo kakvu pomo\u0107<\/p>\n<p>prije ili nakon kupnje, slobodno nam po\u0161aljite poruku.<\/p>\n<p>Idealno za popravke prijenosnih ra\u010dunala, obnovu i nadogradnju \u2013 kupujte s povjerenjem od Siggma,<\/p>\n<p>va\u0161 pouzdani izvor kvalitetnih dijelova za prijenosna ra\u010dunala u Europi i \u0161irom svijeta.<\/p>\n","protected":false},"excerpt":{"rendered":"<p>Originalna Dell Latitude E5470 \/ E5570 touchpad plo\u010da s tipkama mi\u0161a (CN-A151NA).<\/p>\n<p>Potpuno testiran dio laptopa, spreman za zamjenu. Uklju\u010dene su prave fotografije proizvoda.<\/p>\n","protected":false},"featured_media":29365,"template":"","meta":[],"product_brand":[],"product_cat":[77],"product_tag":[52],"class_list":{"0":"post-29300","1":"product","2":"type-product","3":"status-publish","4":"has-post-thumbnail","6":"product_cat-laptop-touchpads","7":"product_tag-dell","9":"first","10":"instock","11":"taxable","12":"shipping-taxable","13":"purchasable","14":"product-type-simple"},"_links":{"self":[{"href":"https:\/\/boreait.com\/hr\/wp-json\/wp\/v2\/product\/29300","targetHints":{"allow":["GET"]}}],"collection":[{"href":"https:\/\/boreait.com\/hr\/wp-json\/wp\/v2\/product"}],"about":[{"href":"https:\/\/boreait.com\/hr\/wp-json\/wp\/v2\/types\/product"}],"wp:featuredmedia":[{"embeddable":true,"href":"https:\/\/boreait.com\/hr\/wp-json\/wp\/v2\/media\/29365"}],"wp:attachment":[{"href":"https:\/\/boreait.com\/hr\/wp-json\/wp\/v2\/media?parent=29300"}],"wp:term":[{"taxonomy":"product_brand","embeddable":true,"href":"https:\/\/boreait.com\/hr\/wp-json\/wp\/v2\/product_brand?post=29300"},{"taxonomy":"product_cat","embeddable":true,"href":"https:\/\/boreait.com\/hr\/wp-json\/wp\/v2\/product_cat?post=29300"},{"taxonomy":"product_tag","embeddable":true,"href":"https:\/\/boreait.com\/hr\/wp-json\/wp\/v2\/product_tag?post=29300"}],"curies":[{"name":"wp","href":"https:\/\/api.w.org\/{rel}","templated":true}]}}