{"id":29290,"date":"2025-09-12T09:23:07","date_gmt":"2025-09-12T09:23:07","guid":{"rendered":"https:\/\/boreait.com\/hr\/?post_type=product&#038;p=29290"},"modified":"2025-09-13T15:19:23","modified_gmt":"2025-09-13T15:19:23","slug":"originalni-dell-0j8nnp-wxgahd-modul-web-kamere","status":"publish","type":"product","link":"https:\/\/boreait.com\/hr\/product\/originalni-dell-0j8nnp-wxgahd-modul-web-kamere\/","title":{"rendered":"originalni Dell 0J8NNP WXGAHD modul web kamere"},"content":{"rendered":"<p data-start=\"539\" data-end=\"724\">Nadogradite ili zamijenite svoju neispravnu kameru prijenosnog ra\u010dunala ovim <strong data-start=\"594\" data-end=\"642\">originalnim Dell 0J8NNP WXGAHD modulom web kamere<\/strong>, potpuno kompatibilnim s <strong data-start=\"666\" data-end=\"714\">Dell Latitude E5570, E7470, E7270 i E5470<\/strong>modeli.<\/p>\n<p data-start=\"726\" data-end=\"952\">Ova originalna Dell komponenta pru\u017ea <strong data-start=\"764\" data-end=\"787\">jasnu kvalitetu videa<\/strong> za mre\u017ene sastanke, videopozive i svakodnevnu upotrebu. Pa\u017eljivo je nabavljen i testiran, \u0161to ga \u010dini pouzdanim izborom za obnavljanje performansi va\u0161eg prijenosnog ra\u010dunala.<\/p>\n<p data-start=\"954\" data-end=\"976\"><strong data-start=\"954\" data-end=\"974\">Pojedinosti o proizvodu:<\/strong><\/p>\n<ul data-start=\"977\" data-end=\"1219\">\n<li data-start=\"977\" data-end=\"1004\">\n<p data-start=\"979\" data-end=\"1004\"><strong data-start=\"979\" data-end=\"995\">Broj dijela:<\/strong> 0J8NNP<\/p>\n<\/li>\n<li data-start=\"1005\" data-end=\"1072\">\n<p data-start=\"1007\" data-end=\"1072\"><strong data-start=\"1007\" data-end=\"1029\">Kompatibilni modeli:<\/strong> Dell Latitude E5570, E7470, E7270, E5470<\/p>\n<\/li>\n<li data-start=\"1073\" data-end=\"1099\">\n<p data-start=\"1075\" data-end=\"1099\"><strong data-start=\"1075\" data-end=\"1090\">Razlu\u010divost:<\/strong> WXGAHD<\/p>\n<\/li>\n<li data-start=\"1100\" data-end=\"1146\">\n<p data-start=\"1102\" data-end=\"1146\"><strong data-start=\"1102\" data-end=\"1116\">Stanje:<\/strong> Originalni, testirani dio prijenosnog ra\u010dunala<\/p>\n<\/li>\n<li data-start=\"1147\" data-end=\"1219\">\n<p data-start=\"1149\" data-end=\"1219\"><strong data-start=\"1149\" data-end=\"1157\">Upotreba:<\/strong> Zamjenski modul web kamere za neispravne ili o\u0161te\u0107ene kamere<\/p>\n<\/li>\n<\/ul>\n<p data-start=\"1221\" data-end=\"1243\"><strong data-start=\"1221\" data-end=\"1241\">Za\u0161to kupovati od nas?<\/strong><\/p>\n<ul data-start=\"1244\" data-end=\"1437\">\n<li data-start=\"1244\" data-end=\"1279\">\n<p data-start=\"1246\" data-end=\"1279\">100% originalni dijelovi prijenosnog ra\u010dunala Dell<\/p>\n<\/li>\n<li data-start=\"1280\" data-end=\"1333\">\n<p data-start=\"1282\" data-end=\"1333\">Prave fotografije \u2013 ono \u0161to vidite to \u0107ete i dobiti<\/p>\n<\/li>\n<li data-start=\"1334\" data-end=\"1366\">\n<p data-start=\"1336\" data-end=\"1366\">Dostupna dostava diljem svijeta<\/p>\n<\/li>\n<li data-start=\"1367\" data-end=\"1437\">\n<p data-start=\"1369\" data-end=\"1437\">Profesionalna podr\u0161ka: Ako trebate vi\u0161e smjernica, jednostavno nam po\u0161aljite poruku<\/p>\n<\/li>\n<\/ul>\n<p data-start=\"1439\" data-end=\"1539\">Vratite svoje prijenosno ra\u010dunalo u \u017eivot s pouzdanom <strong data-start=\"1488\" data-end=\"1524\">zamjenskom web kamerom Dell Latitude<\/strong> tvrtke Siggmo.<\/p>\n","protected":false},"excerpt":{"rendered":"<p>Originalni Dell 0J8NNP modul web kamere za prijenosna ra\u010dunala Latitude E5570, E7470, E7270 i E5470. Testiran, originalni dio prijenosnog ra\u010dunala \u2013 WXGAHD rezolucija.<\/p>\n","protected":false},"featured_media":29357,"template":"","meta":[],"product_brand":[],"product_cat":[58],"product_tag":[52],"class_list":{"0":"post-29290","1":"product","2":"type-product","3":"status-publish","4":"has-post-thumbnail","6":"product_cat-laptop-camera","7":"product_tag-dell","9":"first","10":"instock","11":"taxable","12":"shipping-taxable","13":"purchasable","14":"product-type-simple"},"_links":{"self":[{"href":"https:\/\/boreait.com\/hr\/wp-json\/wp\/v2\/product\/29290","targetHints":{"allow":["GET"]}}],"collection":[{"href":"https:\/\/boreait.com\/hr\/wp-json\/wp\/v2\/product"}],"about":[{"href":"https:\/\/boreait.com\/hr\/wp-json\/wp\/v2\/types\/product"}],"wp:featuredmedia":[{"embeddable":true,"href":"https:\/\/boreait.com\/hr\/wp-json\/wp\/v2\/media\/29357"}],"wp:attachment":[{"href":"https:\/\/boreait.com\/hr\/wp-json\/wp\/v2\/media?parent=29290"}],"wp:term":[{"taxonomy":"product_brand","embeddable":true,"href":"https:\/\/boreait.com\/hr\/wp-json\/wp\/v2\/product_brand?post=29290"},{"taxonomy":"product_cat","embeddable":true,"href":"https:\/\/boreait.com\/hr\/wp-json\/wp\/v2\/product_cat?post=29290"},{"taxonomy":"product_tag","embeddable":true,"href":"https:\/\/boreait.com\/hr\/wp-json\/wp\/v2\/product_tag?post=29290"}],"curies":[{"name":"wp","href":"https:\/\/api.w.org\/{rel}","templated":true}]}}