{"id":29288,"date":"2025-09-12T09:23:07","date_gmt":"2025-09-12T09:23:07","guid":{"rendered":"https:\/\/boreait.com\/hr\/?post_type=product&#038;p=29288"},"modified":"2025-09-13T15:20:18","modified_gmt":"2025-09-13T15:20:18","slug":"dijelovi-prijenosnog-racunala-dell-latitude-e5470-e5480-04jmfp-caddy-080rk8","status":"publish","type":"product","link":"https:\/\/boreait.com\/hr\/product\/dijelovi-prijenosnog-racunala-dell-latitude-e5470-e5480-04jmfp-caddy-080rk8\/","title":{"rendered":"Dijelovi prijenosnog ra\u010dunala Dell Latitude E5470 E5480 04JMFP Caddy 080RK8"},"content":{"rendered":"<p data-start=\"589\" data-end=\"757\">Nadogradite ili popravite svoje prijenosno ra\u010dunalo Dell Latitude ovim <strong data-start=\"643\" data-end=\"704\">visokokvalitetnim SATA tvrdim diskom<\/strong>, dizajniranim za modele <strong data-start=\"726\" data-end=\"754\">Latitude E5470 i E5480<\/strong>.<\/p>\n<p data-start=\"759\" data-end=\"1073\">Ovaj set uklju\u010duje <strong data-start=\"781\" data-end=\"821\">HDD (04JMFP \/ 4JMFP)<\/strong>\u00a0<strong data-start=\"830\" data-end=\"866\">nosa\u010d nosa\u010da tvrdog diska (080RK8)<\/strong>, osiguravaju\u0107i da va\u0161 tvrdi disk sigurno pristaje i radi pouzdano. Bilo da zamjenjujete neispravan\u00a0 ili dodajete novi tvrdi disk, ovaj dio poma\u017ee u vra\u0107anju performansi va\u0161eg prijenosnog ra\u010dunala uz precizno pristajanje.<\/p>\n<p data-start=\"1075\" data-end=\"1388\">\u2714 <strong data-start=\"1077\" data-end=\"1099\">Kompatibilni modeli:<\/strong> Dell Latitude E5470, E5480<br data-start=\"1126\" data-end=\"1129\" \/>\u2714 <strong data-start=\"1131\" data-end=\"1148\">Brojevi dijelova:<\/strong> 04JMFP \/ 4JMFP 080RK8 (caddy)<br data-start=\"1197\" data-end=\"1200\" \/>\u2714 <strong data-start=\"1202\" data-end=\"1216\">Stanje:<\/strong> Originalni zamjenski dio za prijenosno ra\u010dunalo<br data-start=\"1248\" data-end=\"1251\" \/>\u2714 <strong data-start=\"1253\" data-end=\"1266\">Slu\u010daj upotrebe:<\/strong> Idealno za instalaciju HDD-a, nadogradnju ili popravke<br data-start=\"1315\" data-end=\"1318\" \/>\u2714 <strong data-start=\"1320\" data-end=\"1331\">Fotografije:<\/strong> Prave fotografije to\u010dnog dijelove prijenosnog ra\u010dunala koje \u0107ete dobiti<\/p>\n<p data-start=\"1390\" data-end=\"1509\">Ovaj proizvod bitna je zamjena ako se HDD va\u0161eg prijenosnog ra\u010dunala ne detektira ili morate ponovno instalirati pogon.<\/p>\n<p data-start=\"1511\" data-end=\"1650\"><em data-start=\"1511\" data-end=\"1648\">Napomena: upute za instalaciju nisu uklju\u010dene. Ako su vam potrebne upute, slobodno nam po\u0161aljite poruku i rado \u0107emo vam pomo\u0107i.<\/em><\/p>\n","protected":false},"excerpt":{"rendered":"<p data-start=\"397\" data-end=\"538\">Pouzdan SATA HDD nosa\u010d za Dell Latitude E5470\/E5480. Originalni zamjenski dio za sigurnu instalaciju tvrdog diska.<\/p>\n","protected":false},"featured_media":29351,"template":"","meta":[],"product_brand":[],"product_cat":[51],"product_tag":[52],"class_list":{"0":"post-29288","1":"product","2":"type-product","3":"status-publish","4":"has-post-thumbnail","6":"product_cat-laptop-housing","7":"product_tag-dell","9":"first","10":"instock","11":"taxable","12":"shipping-taxable","13":"purchasable","14":"product-type-simple"},"_links":{"self":[{"href":"https:\/\/boreait.com\/hr\/wp-json\/wp\/v2\/product\/29288","targetHints":{"allow":["GET"]}}],"collection":[{"href":"https:\/\/boreait.com\/hr\/wp-json\/wp\/v2\/product"}],"about":[{"href":"https:\/\/boreait.com\/hr\/wp-json\/wp\/v2\/types\/product"}],"wp:featuredmedia":[{"embeddable":true,"href":"https:\/\/boreait.com\/hr\/wp-json\/wp\/v2\/media\/29351"}],"wp:attachment":[{"href":"https:\/\/boreait.com\/hr\/wp-json\/wp\/v2\/media?parent=29288"}],"wp:term":[{"taxonomy":"product_brand","embeddable":true,"href":"https:\/\/boreait.com\/hr\/wp-json\/wp\/v2\/product_brand?post=29288"},{"taxonomy":"product_cat","embeddable":true,"href":"https:\/\/boreait.com\/hr\/wp-json\/wp\/v2\/product_cat?post=29288"},{"taxonomy":"product_tag","embeddable":true,"href":"https:\/\/boreait.com\/hr\/wp-json\/wp\/v2\/product_tag?post=29288"}],"curies":[{"name":"wp","href":"https:\/\/api.w.org\/{rel}","templated":true}]}}