{"id":29282,"date":"2025-09-12T09:22:44","date_gmt":"2025-09-12T09:22:44","guid":{"rendered":"https:\/\/boreait.com\/hr\/?post_type=product&#038;p=29282"},"modified":"2025-09-13T15:17:27","modified_gmt":"2025-09-13T15:17:27","slug":"dijelovi-prijenosnog-racunala-dell-latitude-e5470-maticna-ploca-la-c631p-i3-i5-cpu-6-generacije","status":"publish","type":"product","link":"https:\/\/boreait.com\/hr\/product\/dijelovi-prijenosnog-racunala-dell-latitude-e5470-maticna-ploca-la-c631p-i3-i5-cpu-6-generacije\/","title":{"rendered":"Dijelovi prijenosnog ra\u010dunala Dell Latitude E5470 Mati\u010dna plo\u010da LA-C631P i3\/i5 CPU 6. generacije"},"content":{"rendered":"<p>Ovo je originalna Dell Latitude E5470 mati\u010dna plo\u010da (model LA-C631P) opremljena Intel i3\/i5 CPU-om 6. generacije. To je idealna zamjena ako je va\u0161a postoje\u0107a plo\u010da neispravna ili o\u0161te\u0107ena, osiguravaju\u0107i da va\u0161e prijenosno ra\u010dunalo ponovno radi glatko bez potrebe za potpunom zamjenom sustava.<\/p>\n<p>\u2714 100% originalni dio prijenosnog ra\u010dunala Dell<\/p>\n<p>\u2714 Podr\u017eava Intelove i3\/i5 procesore \u0161este generacije<\/p>\n<p>\u2714 Testirano iu izvrsnom radnom stanju<\/p>\n<p>\u2714 Prikladno za modele Dell Latitude E5470<\/p>\n<p>Bilo da popravljate prijenosno ra\u010dunalo za poslovnu upotrebu, u\u010denje ili svakodnevne zadatke, ova mati\u010dna plo\u010da pru\u017ea pouzdane performanse po kojima je Dell poznat.<\/p>\n<p>Napomena:<\/p>\n<p>&#8211; Ovaj popis uklju\u010duje mati\u010dnu plo\u010du samo s CPU-om (bez dodatne opreme).<\/p>\n<p>&#8211; Priru\u010dnici za instalaciju nisu isporu\u010deni, ali ako trebate upute, slobodno nam po\u0161aljite poruku.<\/p>\n<p>&#8211; Fotografije proizvoda su stvarne \u2014 dobit \u0107ete to\u010dno prikazani dio.<\/p>\n<p>Vratite svoj Dell Latitude E5470 u \u017eivot s ovom visokokvalitetnom zamjenskom mati\u010dnom plo\u010dom, dizajniranom da pru\u017ei stabilne performanse i kompatibilnost. Savr\u0161en izbor za tehni\u010dare, preprodava\u010de i pojedince kojima su potrebni pouzdani dijelovi za prijenosna ra\u010dunala.<\/p>\n","protected":false},"excerpt":{"rendered":"<p>Originalna Dell Latitude E5470 mati\u010dna plo\u010da LA-C631P s ugra\u0111enim Intel i3\/i5 CPU-om 6. generacije. Potpuno ispitan, pouzdan dio za prijenosno ra\u010dunalo za zamjenu ili popravak.<\/p>\n","protected":false},"featured_media":29350,"template":"","meta":[],"product_brand":[],"product_cat":[62],"product_tag":[52],"class_list":{"0":"post-29282","1":"product","2":"type-product","3":"status-publish","4":"has-post-thumbnail","6":"product_cat-motherboards-board-parts","7":"product_tag-dell","9":"first","10":"instock","11":"taxable","12":"shipping-taxable","13":"purchasable","14":"product-type-simple"},"_links":{"self":[{"href":"https:\/\/boreait.com\/hr\/wp-json\/wp\/v2\/product\/29282","targetHints":{"allow":["GET"]}}],"collection":[{"href":"https:\/\/boreait.com\/hr\/wp-json\/wp\/v2\/product"}],"about":[{"href":"https:\/\/boreait.com\/hr\/wp-json\/wp\/v2\/types\/product"}],"wp:featuredmedia":[{"embeddable":true,"href":"https:\/\/boreait.com\/hr\/wp-json\/wp\/v2\/media\/29350"}],"wp:attachment":[{"href":"https:\/\/boreait.com\/hr\/wp-json\/wp\/v2\/media?parent=29282"}],"wp:term":[{"taxonomy":"product_brand","embeddable":true,"href":"https:\/\/boreait.com\/hr\/wp-json\/wp\/v2\/product_brand?post=29282"},{"taxonomy":"product_cat","embeddable":true,"href":"https:\/\/boreait.com\/hr\/wp-json\/wp\/v2\/product_cat?post=29282"},{"taxonomy":"product_tag","embeddable":true,"href":"https:\/\/boreait.com\/hr\/wp-json\/wp\/v2\/product_tag?post=29282"}],"curies":[{"name":"wp","href":"https:\/\/api.w.org\/{rel}","templated":true}]}}