{"id":29281,"date":"2025-09-12T09:22:44","date_gmt":"2025-09-12T09:22:44","guid":{"rendered":"https:\/\/boreait.com\/hr\/?post_type=product&#038;p=29281"},"modified":"2025-09-13T15:20:19","modified_gmt":"2025-09-13T15:20:19","slug":"originalni-dijelovi-prijenosnog-racunala-dell-latitude-e5470-ugradeni-zvucnik-cn-0cgdgm","status":"publish","type":"product","link":"https:\/\/boreait.com\/hr\/product\/originalni-dijelovi-prijenosnog-racunala-dell-latitude-e5470-ugradeni-zvucnik-cn-0cgdgm\/","title":{"rendered":"Originalni dijelovi prijenosnog ra\u010dunala Dell Latitude E5470, ugra\u0111eni zvu\u010dnik CN-0CGDGM"},"content":{"rendered":"<p data-start=\"620\" data-end=\"909\">Nadogradite ili vratite kvalitetu zvuka svog Dell Latitude E5470 ovim <strong data-start=\"695\" data-end=\"743\">originalnim ugra\u0111enim zvu\u010dnikom za prijenosno ra\u010dunalo (CN-0CGDGM)<\/strong>. Dizajniran posebno za Latitude E5470, ovaj originalni Dell dio osigurava pouzdane performanse, jasan audio izlaz i kompatibilnost bez ikakvih izmjena.<\/p>\n<p data-start=\"911\" data-end=\"1162\">Ovo je <strong data-start=\"922\" data-end=\"952\">autenti\u010dni dio prijenosnog ra\u010dunala Dell<\/strong>, a ne generi\u010dka zamjena, \u0161to ga \u010dini idealnim ako je va\u0161 trenutni zvu\u010dnik o\u0161te\u0107en, izobli\u010den ili vi\u0161e ne proizvodi zvuk. Sve fotografije u ovom popisu su <strong data-start=\"1105\" data-end=\"1120\">prave slike<\/strong> stvarnog zvu\u010dnika kojeg \u0107ete dobiti.<\/p>\n<p data-start=\"1164\" data-end=\"1364\">\u2714 <strong data-start=\"1166\" data-end=\"1176\">Model:<\/strong> Dell Latitude E5470<br data-start=\"1196\" data-end=\"1199\" \/>\u2714 <strong data-start=\"1201\" data-end=\"1217\">Part Broj:<\/strong> CN-0CGDGM<br data-start=\"1227\" data-end=\"1230\" \/>\u2714 <strong data-start=\"1232\" data-end=\"1241\">Vrsta:<\/strong> Interni ugra\u0111eni zvu\u010dnik za prijenosno ra\u010dunalo<br data-start=\"1274\" data-end=\"1277\" \/>\u2714 <strong data-start=\"1279\" data-end=\"1293\">Stanje:<\/strong> Originalno \/ Testirano radi<br data-start=\"1319\" data-end=\"1322\" \/>\u2714 <strong data-start=\"1324\" data-end=\"1335\">Regija:<\/strong> Prikladno za upotrebu \u0161irom svijeta<\/p>\n<p data-start=\"1366\" data-end=\"1576\">Specijalizirani smo za <strong data-start=\"1383\" data-end=\"1399\">dijelove za prijenosna ra\u010dunala<\/strong> i nudimo originalne zamjene za dugotrajne performanse. Ako vam je potrebna dodatna pomo\u0107 pri odabiru ispravnog dijela za va\u0161e prijenosno ra\u010dunalo, slobodno nas kontaktirajte izravno.<\/p>\n","protected":false},"excerpt":{"rendered":"<p>Originalni Dell Latitude E5470 unutarnji ugra\u0111eni zvu\u010dnik (CN-0CGDGM). Savr\u0161en zamjenski dio prijenosnog ra\u010dunala za vra\u0107anje \u010distih audio performansi.<\/p>\n","protected":false},"featured_media":29349,"template":"","meta":[],"product_brand":[],"product_cat":[53],"product_tag":[52],"class_list":{"0":"post-29281","1":"product","2":"type-product","3":"status-publish","4":"has-post-thumbnail","6":"product_cat-laptop-speakers","7":"product_tag-dell","9":"first","10":"instock","11":"taxable","12":"shipping-taxable","13":"purchasable","14":"product-type-simple"},"_links":{"self":[{"href":"https:\/\/boreait.com\/hr\/wp-json\/wp\/v2\/product\/29281","targetHints":{"allow":["GET"]}}],"collection":[{"href":"https:\/\/boreait.com\/hr\/wp-json\/wp\/v2\/product"}],"about":[{"href":"https:\/\/boreait.com\/hr\/wp-json\/wp\/v2\/types\/product"}],"wp:featuredmedia":[{"embeddable":true,"href":"https:\/\/boreait.com\/hr\/wp-json\/wp\/v2\/media\/29349"}],"wp:attachment":[{"href":"https:\/\/boreait.com\/hr\/wp-json\/wp\/v2\/media?parent=29281"}],"wp:term":[{"taxonomy":"product_brand","embeddable":true,"href":"https:\/\/boreait.com\/hr\/wp-json\/wp\/v2\/product_brand?post=29281"},{"taxonomy":"product_cat","embeddable":true,"href":"https:\/\/boreait.com\/hr\/wp-json\/wp\/v2\/product_cat?post=29281"},{"taxonomy":"product_tag","embeddable":true,"href":"https:\/\/boreait.com\/hr\/wp-json\/wp\/v2\/product_tag?post=29281"}],"curies":[{"name":"wp","href":"https:\/\/api.w.org\/{rel}","templated":true}]}}