{"id":29262,"date":"2025-09-12T09:21:51","date_gmt":"2025-09-12T09:21:51","guid":{"rendered":"https:\/\/boreait.com\/hr\/?post_type=product&#038;p=29262"},"modified":"2025-09-13T15:19:41","modified_gmt":"2025-09-13T15:19:41","slug":"tipkovnica-lenovo-thinkpad-x280-a285-x390-x395-l13","status":"publish","type":"product","link":"https:\/\/boreait.com\/hr\/product\/tipkovnica-lenovo-thinkpad-x280-a285-x390-x395-l13\/","title":{"rendered":"Tipkovnica Lenovo Thinkpad X280 A285 X390 X395 L13"},"content":{"rendered":"<p data-start=\"260\" data-end=\"638\">Nadogradite ili zamijenite svoju neispravnu tipkovnicu ovom <strong data-start=\"365\" data-end=\"398\">pouzdanom zamjenskom tipkovnicom<\/strong>, posebno dizajniranom za modele serije Lenovo ThinkPad <strong data-start=\"456\" data-end=\"509\">E580, E585, E590, E595, T590, L580, L590 i P52<\/strong>. Izra\u0111ena za izdr\u017eljivost i preciznost, ova tipkovnica osigurava savr\u0161eno pristajanje i glatko iskustvo tipkanja, ba\u0161 kao i original.<\/p>\n<ul data-start=\"640\" data-end=\"1063\">\n<li data-start=\"640\" data-end=\"716\">\n<p data-start=\"642\" data-end=\"716\">\u2705 <strong data-start=\"644\" data-end=\"668\">Kompatibilnost modela:<\/strong> E580, E585, E590, E595, T590, L580, L590, P52<\/p>\n<\/li>\n<li data-start=\"717\" data-end=\"791\">\n<p data-start=\"719\" data-end=\"791\">\u2705 <strong data-start=\"721\" data-end=\"744\">Izrada visoke kvalitete:<\/strong> izdr\u017eljive tipke s izvrsnim taktilnim povratnim informacijama<\/p>\n<\/li>\n<li data-start=\"792\" data-end=\"871\">\n<p data-start=\"794\" data-end=\"871\">\u2705 <strong data-start=\"796\" data-end=\"813\">To\u010dno pristajanje:<\/strong> Dizajnirano za besprijekornu instalaciju bez modifikacija<\/p>\n<\/li>\n<li data-start=\"872\" data-end=\"949\">\n<p data-start=\"874\" data-end=\"949\">\u2705 <strong data-start=\"876\" data-end=\"900\">Prave fotografije proizvoda:<\/strong> Ono \u0161to vidite to i dobijete \u2013 nema slika iz skladi\u0161ta<\/p>\n<\/li>\n<li data-start=\"950\" data-end=\"1063\">\n<p data-start=\"952\" data-end=\"1063\">\u2705 <strong data-start=\"954\" data-end=\"978\">Savr\u0161eno za popravke:<\/strong> Idealno rje\u0161enje ako je va\u0161a originalna tipkovnica o\u0161te\u0107ena, nedostaju joj tipke ili ne reagira<\/p>\n<\/li>\n<\/ul>\n<p data-start=\"1065\" data-end=\"1210\">Bilo da se bavite popravkom ili jednostavno mijenjate dio vlastitog prijenosnog ra\u010dunala, ova tipkovnica nudi isplativo i pouzdano rje\u0161enje.<\/p>\n","protected":false},"excerpt":{"rendered":"<p>Pouzdana zamjenska tipkovnica dizajnirana za modele Lenovo ThinkPad E580, E585, E590, E595, T590, L580, L590 i P52. Dio prijenosnog ra\u010dunala visoke kvalitete s preciznim pristajanjem i uklju\u010denim stvarnim fotografijama proizvoda.<\/p>\n","protected":false},"featured_media":29332,"template":"","meta":[],"product_brand":[],"product_cat":[70],"product_tag":[61],"class_list":{"0":"post-29262","1":"product","2":"type-product","3":"status-publish","4":"has-post-thumbnail","6":"product_cat-laptop-keyboard","7":"product_tag-lenovo","9":"first","10":"instock","11":"taxable","12":"shipping-taxable","13":"purchasable","14":"product-type-simple"},"_links":{"self":[{"href":"https:\/\/boreait.com\/hr\/wp-json\/wp\/v2\/product\/29262","targetHints":{"allow":["GET"]}}],"collection":[{"href":"https:\/\/boreait.com\/hr\/wp-json\/wp\/v2\/product"}],"about":[{"href":"https:\/\/boreait.com\/hr\/wp-json\/wp\/v2\/types\/product"}],"wp:featuredmedia":[{"embeddable":true,"href":"https:\/\/boreait.com\/hr\/wp-json\/wp\/v2\/media\/29332"}],"wp:attachment":[{"href":"https:\/\/boreait.com\/hr\/wp-json\/wp\/v2\/media?parent=29262"}],"wp:term":[{"taxonomy":"product_brand","embeddable":true,"href":"https:\/\/boreait.com\/hr\/wp-json\/wp\/v2\/product_brand?post=29262"},{"taxonomy":"product_cat","embeddable":true,"href":"https:\/\/boreait.com\/hr\/wp-json\/wp\/v2\/product_cat?post=29262"},{"taxonomy":"product_tag","embeddable":true,"href":"https:\/\/boreait.com\/hr\/wp-json\/wp\/v2\/product_tag?post=29262"}],"curies":[{"name":"wp","href":"https:\/\/api.w.org\/{rel}","templated":true}]}}