{"id":29249,"date":"2025-09-12T09:21:27","date_gmt":"2025-09-12T09:21:27","guid":{"rendered":"https:\/\/boreait.com\/hr\/?post_type=product&#038;p=29249"},"modified":"2025-09-13T15:17:29","modified_gmt":"2025-09-13T15:17:29","slug":"fibocom-l830-eb-01ax761-4g-lte-wwan-kartica-modula-za-lenovo-thinkpad-t580-t480-t480s-x280-x380","status":"publish","type":"product","link":"https:\/\/boreait.com\/hr\/product\/fibocom-l830-eb-01ax761-4g-lte-wwan-kartica-modula-za-lenovo-thinkpad-t580-t480-t480s-x280-x380\/","title":{"rendered":"Fibocom L830-EB 01AX761 4G LTE WWAN kartica modula za Lenovo ThinkPad T580 T480 T480s X280 X380"},"content":{"rendered":"<p data-start=\"336\" data-end=\"567\">Ostanite povezani bilo gdje uz <strong data-start=\"369\" data-end=\"412\">Fibocom L830-EB 4G LTE modul (01AX761)<\/strong> \u2013 originalnu WWAN karticu dizajniranu za prijenosna ra\u010dunala Lenovo ThinkPad.<br data-start=\"472\" data-end=\"475\" \/>Savr\u0161eno za dodavanje mogu\u0107nosti mobilne \u0161irokopojasne veze va\u0161em ure\u0111aju kada Wi-Fi nije dostupan.<\/p>\n<p data-start=\"569\" data-end=\"601\"><strong data-start=\"569\" data-end=\"599\">Specifikacije &amp; Zna\u010dajke:<\/strong><\/p>\n<ul data-start=\"602\" data-end=\"808\">\n<li data-start=\"602\" data-end=\"632\">\n<p data-start=\"604\" data-end=\"632\">Model: <strong data-start=\"611\" data-end=\"630\">Fibocom L830-EB<\/strong><\/p>\n<\/li>\n<li data-start=\"633\" data-end=\"656\">\n<p data-start=\"635\" data-end=\"656\">FRU\/PN: <strong data-start=\"643\" data-end=\"654\">01AX761<\/strong><\/p>\n<\/li>\n<li data-start=\"657\" data-end=\"686\">\n<p data-start=\"659\" data-end=\"686\">4G LTE modul \/ WWAN kartica<\/p>\n<\/li>\n<li data-start=\"687\" data-end=\"740\">\n<p data-start=\"689\" data-end=\"740\">Omogu\u0107uje mobilnu \u0161irokopojasnu vezu velike brzine<\/p>\n<\/li>\n<li data-start=\"741\" data-end=\"808\">\n<p data-start=\"743\" data-end=\"808\">Jednostavna instalacija, plug-and-play s podr\u017eanim ThinkPad modelima<\/p>\n<\/li>\n<\/ul>\n<p data-start=\"810\" data-end=\"841\"><strong data-start=\"810\" data-end=\"839\">Kompatibilni Lenovo modeli:<\/strong><\/p>\n<ul data-start=\"842\" data-end=\"907\">\n<li data-start=\"842\" data-end=\"878\">\n<p data-start=\"844\" data-end=\"878\">ThinkPad <strong data-start=\"853\" data-end=\"876\">T580 \/ T480 \/ T480s<\/strong><\/p>\n<\/li>\n<li data-start=\"879\" data-end=\"907\">\n<p data-start=\"881\" data-end=\"907\">ThinkPad <strong data-start=\"890\" data-end=\"905\">X280 \/ X380<\/strong><\/p>\n<\/li>\n<\/ul>\n<p data-start=\"909\" data-end=\"982\"><strong data-start=\"909\" data-end=\"930\">Paket uklju\u010duje:<\/strong><br data-start=\"930\" data-end=\"933\" \/>1x Fibocom L830-EB 4G LTE modul kartica (01AX761)<\/p>\n<p data-start=\"984\" data-end=\"1070\">Nadogradite svoj ThinkPad pouzdanom 4G vezom i ostanite online kamo god po\u0161li.<\/p>\n","protected":false},"excerpt":{"rendered":"<p>Originalni <strong data-start=\"169\" data-end=\"212\">Fibocom L830-EB 4G LTE modul (01AX761)<\/strong> za prijenosna ra\u010dunala Lenovo. Kompatibilan s ThinkPad T580, T480, T480s, X280, X380.<\/p>\n","protected":false},"featured_media":29315,"template":"","meta":[],"product_brand":[],"product_cat":[62],"product_tag":[61],"class_list":{"0":"post-29249","1":"product","2":"type-product","3":"status-publish","4":"has-post-thumbnail","6":"product_cat-motherboards-board-parts","7":"product_tag-lenovo","9":"first","10":"instock","11":"taxable","12":"shipping-taxable","13":"purchasable","14":"product-type-simple"},"_links":{"self":[{"href":"https:\/\/boreait.com\/hr\/wp-json\/wp\/v2\/product\/29249","targetHints":{"allow":["GET"]}}],"collection":[{"href":"https:\/\/boreait.com\/hr\/wp-json\/wp\/v2\/product"}],"about":[{"href":"https:\/\/boreait.com\/hr\/wp-json\/wp\/v2\/types\/product"}],"wp:featuredmedia":[{"embeddable":true,"href":"https:\/\/boreait.com\/hr\/wp-json\/wp\/v2\/media\/29315"}],"wp:attachment":[{"href":"https:\/\/boreait.com\/hr\/wp-json\/wp\/v2\/media?parent=29249"}],"wp:term":[{"taxonomy":"product_brand","embeddable":true,"href":"https:\/\/boreait.com\/hr\/wp-json\/wp\/v2\/product_brand?post=29249"},{"taxonomy":"product_cat","embeddable":true,"href":"https:\/\/boreait.com\/hr\/wp-json\/wp\/v2\/product_cat?post=29249"},{"taxonomy":"product_tag","embeddable":true,"href":"https:\/\/boreait.com\/hr\/wp-json\/wp\/v2\/product_tag?post=29249"}],"curies":[{"name":"wp","href":"https:\/\/api.w.org\/{rel}","templated":true}]}}