{"id":29243,"date":"2025-09-12T09:21:05","date_gmt":"2025-09-12T09:21:05","guid":{"rendered":"https:\/\/boreait.com\/hr\/?post_type=product&#038;p=29243"},"modified":"2025-09-13T15:17:32","modified_gmt":"2025-09-13T15:17:32","slug":"dijelovi-prijenosnog-racunala-lenovo-l490-dual-band-wireless-ac-9260ngw-wifi-kartica-1730mbps-bt-5-0","status":"publish","type":"product","link":"https:\/\/boreait.com\/hr\/product\/dijelovi-prijenosnog-racunala-lenovo-l490-dual-band-wireless-ac-9260ngw-wifi-kartica-1730mbps-bt-5-0\/","title":{"rendered":"Dijelovi prijenosnog ra\u010dunala Lenovo L490 Dual Band Wireless AC 9260NGW WiFi kartica 1730Mbps BT 5.0"},"content":{"rendered":"<p data-start=\"578\" data-end=\"778\">Tra\u017eite pouzdane <strong data-start=\"599\" data-end=\"615\">dijelove za prijenosno ra\u010dunalo<\/strong> kako bi va\u0161 Lenovo radio u najboljem redu? Ova <strong data-start=\"662\" data-end=\"706\">Intel Dual Band Wireless-AC 9260NGW kartica<\/strong> dizajnirana je za Lenovo L490, pru\u017ea i brzinu i stabilnost.<\/p>\n<p data-start=\"780\" data-end=\"1073\">Uz podr\u0161ku za <strong data-start=\"797\" data-end=\"831\">dvopojasni WiFi (2,4GHz &amp; 5GHz)<\/strong> i brzine do <strong data-start=\"849\" data-end=\"861\">1730Mbps<\/strong>, do\u017eivjet \u0107ete glatko pregledavanje, strujanje i prijenos datoteka. Integrirani <strong data-start=\"944\" data-end=\"961\">Bluetooth 5.0<\/strong> osigurava jake, energetski u\u010dinkovite veze s be\u017ei\u010dnim dodacima kao \u0161to su slu\u0161alice, tipkovnice i mi\u0161evi.<\/p>\n<p data-start=\"1075\" data-end=\"1097\">\ud83d\udd39 <strong data-start=\"1078\" data-end=\"1095\">Klju\u010dne zna\u010dajke:<\/strong><\/p>\n<ul data-start=\"1098\" data-end=\"1467\">\n<li data-start=\"1098\" data-end=\"1211\">\n<p data-start=\"1100\" data-end=\"1211\">Kompatibilno s <strong data-start=\"1116\" data-end=\"1131\">Lenovo L490<\/strong> (mo\u017ee raditi i s drugim prijenosnim ra\u010dunalima s NGFF\/M.2 utorom \u2013 provjerite kompatibilnost)<\/p>\n<\/li>\n<li data-start=\"1212\" data-end=\"1287\">\n<p data-start=\"1214\" data-end=\"1287\"><strong data-start=\"1214\" data-end=\"1234\">Intel AC 9260NGW<\/strong> \u010dipset za be\u017ei\u010dno povezivanje visokih performansi<\/p>\n<\/li>\n<li data-start=\"1288\" data-end=\"1357\">\n<p data-start=\"1290\" data-end=\"1357\"><strong data-start=\"1290\" data-end=\"1308\">Dvopojasni WiFi<\/strong> (2,4 GHz i 5 GHz) s brzinama do <strong data-start=\"1343\" data-end=\"1355\">1730 Mbps<\/strong><\/p>\n<\/li>\n<li data-start=\"1358\" data-end=\"1423\">\n<p data-start=\"1360\" data-end=\"1423\"><strong data-start=\"1360\" data-end=\"1377\">Bluetooth 5.0<\/strong> za stabilne veze uz nisku potro\u0161nju energije<\/p>\n<\/li>\n<li data-start=\"1424\" data-end=\"1467\">\n<p data-start=\"1426\" data-end=\"1467\">Kompaktni <strong data-start=\"1434\" data-end=\"1453\">NGFF (M.2 2230)<\/strong> faktor<\/p>\n<\/li>\n<\/ul>\n<p data-start=\"1469\" data-end=\"1714\">\ud83d\udce6 <strong data-start=\"1472\" data-end=\"1486\">Stanje:<\/strong> Originalni rabljeni dio, potpuno testiran i radi.<br data-start=\"1531\" data-end=\"1534\" \/>\ud83d\uddbc\ufe0f <strong data-start=\"1538\" data-end=\"1549\">Fotografije:<\/strong> Sve slike prikazuju stvarni artikl koji \u0107ete dobiti.<br data-start=\"1599\" data-end=\"1602\" \/>\ud83d\udcac <strong data-start=\"1605\" data-end=\"1617\">Podr\u0161ka:<\/strong> Upute za zamjenu nisu dane, ali uvijek nas mo\u017eete kontaktirati ako trebate smjernice.<\/p>\n<p data-start=\"1716\" data-end=\"1876\">Bilo da popravljate ili nadogra\u0111ujete, ovaj <strong data-start=\"1760\" data-end=\"1797\">Lenovo L490 WiFi &amp; Bluetooth kartica<\/strong> savr\u0161en je izbor za vra\u0107anje brze i pouzdane veze s va\u0161im prijenosnim ra\u010dunalom.<\/p>\n","protected":false},"excerpt":{"rendered":"<p>Nadogradite svoj Lenovo L490 s Intel Wireless-AC 9260NGW karticom. U\u017eivajte u ultra-brzom dvopojasnom WiFi-ju od 1730 Mbps i stabilnom Bluetooth 5.0 povezivanju za besprijekorne performanse.<\/p>\n","protected":false},"featured_media":29314,"template":"","meta":[],"product_brand":[],"product_cat":[62],"product_tag":[61],"class_list":{"0":"post-29243","1":"product","2":"type-product","3":"status-publish","4":"has-post-thumbnail","6":"product_cat-motherboards-board-parts","7":"product_tag-lenovo","9":"first","10":"instock","11":"taxable","12":"shipping-taxable","13":"purchasable","14":"product-type-simple"},"_links":{"self":[{"href":"https:\/\/boreait.com\/hr\/wp-json\/wp\/v2\/product\/29243","targetHints":{"allow":["GET"]}}],"collection":[{"href":"https:\/\/boreait.com\/hr\/wp-json\/wp\/v2\/product"}],"about":[{"href":"https:\/\/boreait.com\/hr\/wp-json\/wp\/v2\/types\/product"}],"wp:featuredmedia":[{"embeddable":true,"href":"https:\/\/boreait.com\/hr\/wp-json\/wp\/v2\/media\/29314"}],"wp:attachment":[{"href":"https:\/\/boreait.com\/hr\/wp-json\/wp\/v2\/media?parent=29243"}],"wp:term":[{"taxonomy":"product_brand","embeddable":true,"href":"https:\/\/boreait.com\/hr\/wp-json\/wp\/v2\/product_brand?post=29243"},{"taxonomy":"product_cat","embeddable":true,"href":"https:\/\/boreait.com\/hr\/wp-json\/wp\/v2\/product_cat?post=29243"},{"taxonomy":"product_tag","embeddable":true,"href":"https:\/\/boreait.com\/hr\/wp-json\/wp\/v2\/product_tag?post=29243"}],"curies":[{"name":"wp","href":"https:\/\/api.w.org\/{rel}","templated":true}]}}