{"id":29239,"date":"2025-09-12T09:21:04","date_gmt":"2025-09-12T09:21:04","guid":{"rendered":"https:\/\/boreait.com\/hr\/?post_type=product&#038;p=29239"},"modified":"2025-09-13T15:20:20","modified_gmt":"2025-09-13T15:20:20","slug":"zvucnici-za-prijenosno-racunalo-lenovo-l490-originalni-zamjenski-unutarnji-zvucni-dijelovi","status":"publish","type":"product","link":"https:\/\/boreait.com\/hr\/product\/zvucnici-za-prijenosno-racunalo-lenovo-l490-originalni-zamjenski-unutarnji-zvucni-dijelovi\/","title":{"rendered":"Zvu\u010dnici za prijenosno ra\u010dunalo Lenovo L490 | Originalni zamjenski unutarnji zvu\u010dni dijelovi"},"content":{"rendered":"<p data-start=\"493\" data-end=\"807\">Nadogradite ili vratite zvuk svog prijenosnog ra\u010dunala pomo\u0107u ovih <strong data-start=\"543\" data-end=\"582\">originalnih zvu\u010dnika prijenosnog ra\u010dunala Lenovo L490<\/strong>. Dizajnirani posebno za model Lenovo ThinkPad L490, ovi unutarnji zvu\u010dnici pru\u017eaju jasan i uravnote\u017een zvuk za svakodnevnu upotrebu, bilo da gledate filmove, prisustvujete mre\u017enim sastancima ili slu\u0161ate glazbu.<\/p>\n<p data-start=\"809\" data-end=\"834\">\ud83d\udd39 <strong data-start=\"812\" data-end=\"832\">Pojedinosti o proizvodu:<\/strong><\/p>\n<ul data-start=\"835\" data-end=\"1124\">\n<li data-start=\"835\" data-end=\"880\">\n<p data-start=\"837\" data-end=\"880\">Kompatibilnost modela: Lenovo ThinkPad L490<\/p>\n<\/li>\n<li data-start=\"881\" data-end=\"933\">\n<p data-start=\"883\" data-end=\"933\">Vrsta dijela: unutarnji lijevi &amp; Desni zvu\u010dnici za prijenosno ra\u010dunalo<\/p>\n<\/li>\n<li data-start=\"934\" data-end=\"1007\">\n<p data-start=\"936\" data-end=\"1007\">Stanje: Originalno, potpuno testirano iu izvrsnom radnom stanju<\/p>\n<\/li>\n<li data-start=\"1008\" data-end=\"1071\">\n<p data-start=\"1010\" data-end=\"1071\">Idealno za zamjenu neispravnih, o\u0161te\u0107enih zvu\u010dnika ili zvu\u010dnika niske glasno\u0107e<\/p>\n<\/li>\n<li data-start=\"1072\" data-end=\"1124\">\n<p data-start=\"1074\" data-end=\"1124\">Autenti\u010dni Lenovo dijelovi \u2013 ne generi\u010dke zamjene<\/p>\n<\/li>\n<\/ul>\n<p data-start=\"1126\" data-end=\"1302\">\u2705 Sve fotografije proizvoda su <strong data-start=\"1151\" data-end=\"1205\">stvarne slike zvu\u010dnika koje \u0107ete dobiti<\/strong>.<br data-start=\"1206\" data-end=\"1209\" \/>\u2705 Nisu prilo\u017eene upute za instalaciju, ali ako trebate pomo\u0107, slobodno nam po\u0161aljite poruku.<\/p>\n<p data-start=\"1304\" data-end=\"1574\">Ovi zvu\u010dnici za prijenosna ra\u010dunala dio su na\u0161e \u0161iroke ponude <strong data-start=\"1356\" data-end=\"1385\">dijelova za prijenosna ra\u010dunala visoke kvalitete<\/strong>, nabavljeni i testirani kako bi se osigurala izdr\u017eljivost i performanse. Bilo da popravljate prijenosno ra\u010dunalo za osobnu upotrebu ili vodite radionicu, ovi zvu\u010dnici Lenovo L490 pouzdan su izbor.<\/p>\n","protected":false},"excerpt":{"rendered":"<p>Originalni zvu\u010dnici za laptop Lenovo L490. Savr\u0161ena zamjena za neispravne ili o\u0161te\u0107ene unutarnje zvu\u010dnike. Testiran, pouzdan i spreman da o\u017eivi zvuk va\u0161eg prijenosnog ra\u010dunala.<\/p>\n","protected":false},"featured_media":29304,"template":"","meta":[],"product_brand":[],"product_cat":[53],"product_tag":[61],"class_list":{"0":"post-29239","1":"product","2":"type-product","3":"status-publish","4":"has-post-thumbnail","6":"product_cat-laptop-speakers","7":"product_tag-lenovo","9":"first","10":"instock","11":"taxable","12":"shipping-taxable","13":"purchasable","14":"product-type-simple"},"_links":{"self":[{"href":"https:\/\/boreait.com\/hr\/wp-json\/wp\/v2\/product\/29239","targetHints":{"allow":["GET"]}}],"collection":[{"href":"https:\/\/boreait.com\/hr\/wp-json\/wp\/v2\/product"}],"about":[{"href":"https:\/\/boreait.com\/hr\/wp-json\/wp\/v2\/types\/product"}],"wp:featuredmedia":[{"embeddable":true,"href":"https:\/\/boreait.com\/hr\/wp-json\/wp\/v2\/media\/29304"}],"wp:attachment":[{"href":"https:\/\/boreait.com\/hr\/wp-json\/wp\/v2\/media?parent=29239"}],"wp:term":[{"taxonomy":"product_brand","embeddable":true,"href":"https:\/\/boreait.com\/hr\/wp-json\/wp\/v2\/product_brand?post=29239"},{"taxonomy":"product_cat","embeddable":true,"href":"https:\/\/boreait.com\/hr\/wp-json\/wp\/v2\/product_cat?post=29239"},{"taxonomy":"product_tag","embeddable":true,"href":"https:\/\/boreait.com\/hr\/wp-json\/wp\/v2\/product_tag?post=29239"}],"curies":[{"name":"wp","href":"https:\/\/api.w.org\/{rel}","templated":true}]}}