{"id":29229,"date":"2025-09-12T09:20:35","date_gmt":"2025-09-12T09:20:35","guid":{"rendered":"https:\/\/boreait.com\/hr\/?post_type=product&#038;p=29229"},"modified":"2025-09-13T15:20:33","modified_gmt":"2025-09-13T15:20:33","slug":"lenovo-thinkpad-l490-touchpad-8ssm10p360-zamjena-originalni-dio-za-prijenosno-racunalo","status":"publish","type":"product","link":"https:\/\/boreait.com\/hr\/product\/lenovo-thinkpad-l490-touchpad-8ssm10p360-zamjena-originalni-dio-za-prijenosno-racunalo\/","title":{"rendered":"Lenovo ThinkPad L490 Touchpad 8SSM10P360 Zamjena | Originalni dio za prijenosno ra\u010dunalo"},"content":{"rendered":"<p data-start=\"674\" data-end=\"965\">Ovo je originalni <strong data-start=\"694\" data-end=\"727\">touchpad Lenovo ThinkPad L490<\/strong>, broj dijela <strong data-start=\"741\" data-end=\"755\">8SSM10P360<\/strong>, dizajniran za vra\u0107anje glatke navigacije i precizne kontrole na va\u0161e prijenosno ra\u010dunalo. Bilo da va\u0161 trenutni touchpad ne reagira, o\u0161te\u0107en je ili istro\u0161en, ova originalna Lenovo komponenta pru\u017ea savr\u0161enu zamjenu.<\/p>\n<p data-start=\"967\" data-end=\"989\"><strong data-start=\"967\" data-end=\"987\">Pojedinosti o proizvodu:<\/strong><\/p>\n<ul data-start=\"990\" data-end=\"1235\">\n<li data-start=\"990\" data-end=\"1039\">\n<p data-start=\"992\" data-end=\"1039\">Kompatibilnost modela: <strong data-start=\"1013\" data-end=\"1037\">Lenovo ThinkPad L490<\/strong><\/p>\n<\/li>\n<li data-start=\"1040\" data-end=\"1071\">\n<p data-start=\"1042\" data-end=\"1071\">Broj dijela: <strong data-start=\"1055\" data-end=\"1069\">8SSM10P360<\/strong><\/p>\n<\/li>\n<li data-start=\"1072\" data-end=\"1113\">\n<p data-start=\"1074\" data-end=\"1113\">Vrsta: <strong data-start=\"1080\" data-end=\"1111\">Zamjenska dodirna podloga za prijenosno ra\u010dunalo<\/strong><\/p>\n<\/li>\n<li data-start=\"1114\" data-end=\"1176\">\n<p data-start=\"1116\" data-end=\"1176\">Stanje: originalno, testirano iu izvrsnom radnom stanju<\/p>\n<\/li>\n<li data-start=\"1177\" data-end=\"1235\">\n<p data-start=\"1179\" data-end=\"1235\">Fotografije: Prave fotografije to\u010dno onog dijela koji \u0107ete dobiti<\/p>\n<\/li>\n<\/ul>\n<p data-start=\"1237\" data-end=\"1271\"><strong data-start=\"1237\" data-end=\"1269\">Za\u0161to odabrati ovaj dio prijenosnog ra\u010dunala?<\/strong><\/p>\n<ul data-start=\"1272\" data-end=\"1485\">\n<li data-start=\"1272\" data-end=\"1312\">\n<p data-start=\"1274\" data-end=\"1312\">100% originalni Lenovo zamjenski dio<\/p>\n<\/li>\n<li data-start=\"1313\" data-end=\"1373\">\n<p data-start=\"1315\" data-end=\"1373\">Osigurava to\u010dno kretanje pokaziva\u010da i podr\u0161ku za vi\u0161estruki dodir<\/p>\n<\/li>\n<li data-start=\"1374\" data-end=\"1419\">\n<p data-start=\"1376\" data-end=\"1419\">Lako ga instalira kvalificirani tehni\u010dar<\/p>\n<\/li>\n<li data-start=\"1420\" data-end=\"1485\">\n<p data-start=\"1422\" data-end=\"1485\">Idealno rje\u0161enje ako je va\u0161a postoje\u0107a dodirna podloga neispravna ili o\u0161te\u0107ena<\/p>\n<\/li>\n<\/ul>\n<p data-start=\"1487\" data-end=\"1605\">\ud83d\udccc <strong data-start=\"1490\" data-end=\"1499\">Napomena:<\/strong> Ne dajemo upute za instalaciju, ali ako trebate daljnje upute, slobodno nas kontaktirajte.<\/p>\n<p data-start=\"1607\" data-end=\"1876\">Ova dodirna podloga dio je na\u0161e <strong data-start=\"1636\" data-end=\"1663\">zbirke dijelova za prijenosna ra\u010dunala<\/strong>, koja nudi pouzdane komponente za popravke i nadogradnje. Odabirom originalnih dijelova kao \u0161to je <strong data-start=\"1755\" data-end=\"1799\">Lenovo ThinkPad L490 8SSM10P360 touchpad<\/strong>, produljujete \u017eivotni vijek svog ure\u0111aja i odr\u017eavate njegove originalne performanse.<\/p>\n","protected":false},"excerpt":{"rendered":"<p>Originalni Lenovo ThinkPad L490 touchpad (dijel br. 8SSM10P360). Pouzdan zamjenski dio za laptop, testiran iu izvrsnom stanju. Fotografije su stvarnog artikla koji \u0107ete dobiti.<\/p>\n","protected":false},"featured_media":29296,"template":"","meta":[],"product_brand":[],"product_cat":[77],"product_tag":[61],"class_list":{"0":"post-29229","1":"product","2":"type-product","3":"status-publish","4":"has-post-thumbnail","6":"product_cat-laptop-touchpads","7":"product_tag-lenovo","9":"first","10":"instock","11":"taxable","12":"shipping-taxable","13":"purchasable","14":"product-type-simple"},"_links":{"self":[{"href":"https:\/\/boreait.com\/hr\/wp-json\/wp\/v2\/product\/29229","targetHints":{"allow":["GET"]}}],"collection":[{"href":"https:\/\/boreait.com\/hr\/wp-json\/wp\/v2\/product"}],"about":[{"href":"https:\/\/boreait.com\/hr\/wp-json\/wp\/v2\/types\/product"}],"wp:featuredmedia":[{"embeddable":true,"href":"https:\/\/boreait.com\/hr\/wp-json\/wp\/v2\/media\/29296"}],"wp:attachment":[{"href":"https:\/\/boreait.com\/hr\/wp-json\/wp\/v2\/media?parent=29229"}],"wp:term":[{"taxonomy":"product_brand","embeddable":true,"href":"https:\/\/boreait.com\/hr\/wp-json\/wp\/v2\/product_brand?post=29229"},{"taxonomy":"product_cat","embeddable":true,"href":"https:\/\/boreait.com\/hr\/wp-json\/wp\/v2\/product_cat?post=29229"},{"taxonomy":"product_tag","embeddable":true,"href":"https:\/\/boreait.com\/hr\/wp-json\/wp\/v2\/product_tag?post=29229"}],"curies":[{"name":"wp","href":"https:\/\/api.w.org\/{rel}","templated":true}]}}