{"id":29218,"date":"2025-09-12T09:20:11","date_gmt":"2025-09-12T09:20:11","guid":{"rendered":"https:\/\/boreait.com\/hr\/?post_type=product&#038;p=29218"},"modified":"2025-09-13T15:20:20","modified_gmt":"2025-09-13T15:20:20","slug":"gornji-poklopac-straznjeg-poklopca-lenovo-thinkpad-l490-ap1az000100","status":"publish","type":"product","link":"https:\/\/boreait.com\/hr\/product\/gornji-poklopac-straznjeg-poklopca-lenovo-thinkpad-l490-ap1az000100\/","title":{"rendered":"Gornji poklopac stra\u017enjeg poklopca Lenovo ThinkPad L490 AP1AZ000100"},"content":{"rendered":"<p data-start=\"315\" data-end=\"537\"><strong>Slike u ovom popisu stvarne su fotografije artikla koji \u0107ete dobiti<\/strong><\/p>\n<p data-start=\"315\" data-end=\"537\">Dajte svom prijenosnom ra\u010dunalu svje\u017e izgled s ovim <strong data-start=\"355\" data-end=\"404\">stra\u017enjim poklopcem (gornji poklopac) za Lenovo ThinkPad L490<\/strong>.<br data-start=\"405\" data-end=\"408\" \/>Izra\u0111en od visokokvalitetnih materijala, ovaj dio vra\u0107a i profesionalni izgled i strukturnu za\u0161titu va\u0161eg ure\u0111aj.<\/p>\n<p data-start=\"539\" data-end=\"553\"><strong data-start=\"539\" data-end=\"551\">Detalji:<\/strong><\/p>\n<ul data-start=\"554\" data-end=\"750\">\n<li data-start=\"554\" data-end=\"589\">\n<p data-start=\"556\" data-end=\"589\">Model: <strong data-start=\"563\" data-end=\"587\">Lenovo ThinkPad L490<\/strong><\/p>\n<\/li>\n<li data-start=\"590\" data-end=\"622\">\n<p data-start=\"592\" data-end=\"622\">Broj dijela: <strong data-start=\"605\" data-end=\"620\">AP1AZ000100<\/strong><\/p>\n<\/li>\n<li data-start=\"623\" data-end=\"655\">\n<p data-start=\"625\" data-end=\"655\">Ku\u0107i\u0161te stra\u017enjeg poklopca\/gornjeg poklopca<\/p>\n<\/li>\n<li data-start=\"656\" data-end=\"691\">\n<p data-start=\"658\" data-end=\"691\">\u010cvrsta i izdr\u017eljiva konstrukcija<\/p>\n<\/li>\n<li data-start=\"692\" data-end=\"750\">\n<p data-start=\"694\" data-end=\"750\">Idealno za zamjenu slomljenih, napuknutih ili izgrebanih poklopaca<\/p>\n<\/li>\n<\/ul>\n<p data-start=\"752\" data-end=\"824\"><strong data-start=\"752\" data-end=\"773\">Paket uklju\u010duje:<\/strong><br data-start=\"773\" data-end=\"776\" \/>1x stra\u017enji poklopac Lenovo ThinkPad L490 (AP1AZ000100)<\/p>\n<p data-start=\"826\" data-end=\"921\">Vratite izvorni izgled i izdr\u017eljivost svom ThinkPadu s ovim originalnim zamjenskim dijelom.<\/p>\n<p data-start=\"1452\" data-end=\"1635\">\n","protected":false},"excerpt":{"rendered":"<p>Originalni <strong data-start=\"146\" data-end=\"172\">stra\u017enji poklopac (AP1AZ000100)<\/strong> za Lenovo ThinkPad L490. Izdr\u017eljivi zamjenski gornji poklopac za popravak o\u0161te\u0107enih ili napuknutih poklopaca.<\/p>\n","protected":false},"featured_media":29284,"template":"","meta":[],"product_brand":[],"product_cat":[51],"product_tag":[61],"class_list":{"0":"post-29218","1":"product","2":"type-product","3":"status-publish","4":"has-post-thumbnail","6":"product_cat-laptop-housing","7":"product_tag-lenovo","9":"first","10":"instock","11":"taxable","12":"shipping-taxable","13":"purchasable","14":"product-type-simple"},"_links":{"self":[{"href":"https:\/\/boreait.com\/hr\/wp-json\/wp\/v2\/product\/29218","targetHints":{"allow":["GET"]}}],"collection":[{"href":"https:\/\/boreait.com\/hr\/wp-json\/wp\/v2\/product"}],"about":[{"href":"https:\/\/boreait.com\/hr\/wp-json\/wp\/v2\/types\/product"}],"wp:featuredmedia":[{"embeddable":true,"href":"https:\/\/boreait.com\/hr\/wp-json\/wp\/v2\/media\/29284"}],"wp:attachment":[{"href":"https:\/\/boreait.com\/hr\/wp-json\/wp\/v2\/media?parent=29218"}],"wp:term":[{"taxonomy":"product_brand","embeddable":true,"href":"https:\/\/boreait.com\/hr\/wp-json\/wp\/v2\/product_brand?post=29218"},{"taxonomy":"product_cat","embeddable":true,"href":"https:\/\/boreait.com\/hr\/wp-json\/wp\/v2\/product_cat?post=29218"},{"taxonomy":"product_tag","embeddable":true,"href":"https:\/\/boreait.com\/hr\/wp-json\/wp\/v2\/product_tag?post=29218"}],"curies":[{"name":"wp","href":"https:\/\/api.w.org\/{rel}","templated":true}]}}