{"id":29208,"date":"2025-09-12T09:19:41","date_gmt":"2025-09-12T09:19:41","guid":{"rendered":"https:\/\/boreait.com\/hr\/?post_type=product&#038;p=29208"},"modified":"2025-09-13T15:18:29","modified_gmt":"2025-09-13T15:18:29","slug":"set-sarki-lenovo-thinkpad-l490-l480-01lw322-zamjena-dijelova-lijevog-i-desnog-prijenosnog-racunala","status":"publish","type":"product","link":"https:\/\/boreait.com\/hr\/product\/set-sarki-lenovo-thinkpad-l490-l480-01lw322-zamjena-dijelova-lijevog-i-desnog-prijenosnog-racunala\/","title":{"rendered":"Set \u0161arki Lenovo ThinkPad L490 &#038; L480 01LW322 | Zamjena dijelova lijevog i desnog prijenosnog ra\u010dunala"},"content":{"rendered":"<p data-start=\"534\" data-end=\"794\">Nadogradite svoje prijenosno ra\u010dunalo originalnom kvalitetom <strong data-start=\"575\" data-end=\"606\">Lenovo ThinkPad L490 L480 01LW322 \u0161arkama<\/strong> \u2013 klju\u010dnim <strong data-start=\"622\" data-end=\"637\">dijelom prijenosnog ra\u010dunala<\/strong> za za\u0161titu i sigurnost va\u0161eg zaslona stabilan. Ovaj popis uklju\u010duje <strong data-start=\"707\" data-end=\"735\">set lijevih i desnih \u0161arki<\/strong>, pa\u017eljivo pregledan iu izvrsnom radnom stanju.<\/p>\n<p data-start=\"796\" data-end=\"1052\">Ako vam se zaslon ThinkPad L490 \u010dini labavim, klimavim ili ne \u017eeli ostati otvoren, zamjena \u0161arki je naju\u010dinkovitije rje\u0161enje. Ovi zamjenski dijelovi prijenosnog ra\u010dunala dizajnirani su posebno za model Lenovo L490, osiguravaju\u0107i savr\u0161eno pristajanje i dugotrajne performanse.<\/p>\n<p data-start=\"1054\" data-end=\"1078\">\u2705 <strong data-start=\"1056\" data-end=\"1076\">Pojedinosti o proizvodu:<\/strong><\/p>\n<ul data-start=\"1079\" data-end=\"1273\">\n<li data-start=\"1079\" data-end=\"1121\">\n<p data-start=\"1081\" data-end=\"1121\">Kompatibilni model: Lenovo ThinkPad L490 L480 \/ 01LW322<\/p>\n<\/li>\n<li data-start=\"1122\" data-end=\"1155\">\n<p data-start=\"1124\" data-end=\"1155\">Dio: lijevo &amp; Set desnih \u0161arki<\/p>\n<\/li>\n<li data-start=\"1156\" data-end=\"1213\">\n<p data-start=\"1158\" data-end=\"1213\">Stanje: testirano, potpuno funkcionalno i spremno za kori\u0161tenje<\/p>\n<\/li>\n<li data-start=\"1214\" data-end=\"1273\">\n<p data-start=\"1216\" data-end=\"1273\">Upotreba: Idealno za popravak slomljenih, krutih ili olabavljenih \u0161arki<\/p>\n<\/li>\n<\/ul>\n<p data-start=\"1275\" data-end=\"1343\">\ud83d\udcf7 <strong data-start=\"1278\" data-end=\"1341\">Prikazane fotografije stvarne su slike dijelova koje \u0107ete dobiti.<\/strong><\/p>\n<p data-start=\"1345\" data-end=\"1506\">Ne nudimo vodi\u010de za instalaciju korak po korak, ali ako trebate pomo\u0107 pri odabiru pravog dijela ili imate pitanja prije instalacije, slobodno nam po\u0161aljite poruku.<\/p>\n","protected":false},"excerpt":{"rendered":"<p>Izdr\u017eljivi set zamjenskih \u0161arki za Lenovo ThinkPad L490 L480 01LW322. Uklju\u010duje lijeve i desne \u0161arke, ispitane i spremne za ugradnju. Savr\u0161eno rje\u0161enje ako se poklopac va\u0161eg prijenosnog ra\u010dunala olabavi ili slomi.<\/p>\n","protected":false},"featured_media":29274,"template":"","meta":[],"product_brand":[],"product_cat":[54],"product_tag":[61],"class_list":{"0":"post-29208","1":"product","2":"type-product","3":"status-publish","4":"has-post-thumbnail","6":"product_cat-screen-hinge","7":"product_tag-lenovo","9":"first","10":"instock","11":"taxable","12":"shipping-taxable","13":"purchasable","14":"product-type-simple"},"_links":{"self":[{"href":"https:\/\/boreait.com\/hr\/wp-json\/wp\/v2\/product\/29208","targetHints":{"allow":["GET"]}}],"collection":[{"href":"https:\/\/boreait.com\/hr\/wp-json\/wp\/v2\/product"}],"about":[{"href":"https:\/\/boreait.com\/hr\/wp-json\/wp\/v2\/types\/product"}],"wp:featuredmedia":[{"embeddable":true,"href":"https:\/\/boreait.com\/hr\/wp-json\/wp\/v2\/media\/29274"}],"wp:attachment":[{"href":"https:\/\/boreait.com\/hr\/wp-json\/wp\/v2\/media?parent=29208"}],"wp:term":[{"taxonomy":"product_brand","embeddable":true,"href":"https:\/\/boreait.com\/hr\/wp-json\/wp\/v2\/product_brand?post=29208"},{"taxonomy":"product_cat","embeddable":true,"href":"https:\/\/boreait.com\/hr\/wp-json\/wp\/v2\/product_cat?post=29208"},{"taxonomy":"product_tag","embeddable":true,"href":"https:\/\/boreait.com\/hr\/wp-json\/wp\/v2\/product_tag?post=29208"}],"curies":[{"name":"wp","href":"https:\/\/api.w.org\/{rel}","templated":true}]}}