{"id":29207,"date":"2025-09-12T09:19:41","date_gmt":"2025-09-12T09:19:41","guid":{"rendered":"https:\/\/boreait.com\/hr\/?post_type=product&#038;p=29207"},"modified":"2025-09-13T15:20:23","modified_gmt":"2025-09-13T15:20:23","slug":"lenovo-thinkpad-t480-bottom-base-cover-ap169000600-01yr485-dijelovi-prijenosnog-racunala","status":"publish","type":"product","link":"https:\/\/boreait.com\/hr\/product\/lenovo-thinkpad-t480-bottom-base-cover-ap169000600-01yr485-dijelovi-prijenosnog-racunala\/","title":{"rendered":"Lenovo ThinkPad T480 Bottom Base Cover AP169000600 01YR485 Dijelovi prijenosnog ra\u010dunala"},"content":{"rendered":"<p data-start=\"569\" data-end=\"901\">Ovo je <strong data-start=\"580\" data-end=\"631\">originalni donji osnovni poklopac Lenovo ThinkPad T480<\/strong>, brojevi dijelova <strong data-start=\"646\" data-end=\"661\">AP169000600<\/strong> i <strong data-start=\"666\" data-end=\"677\">01YR485<\/strong>. Izra\u0111en s izdr\u017eljivo\u0161\u0107u i precizno\u0161\u0107u, ovaj zamjenski poklopac dizajniran je posebno za seriju ThinkPad T480 kako bi vratio strukturni integritet va\u0161eg prijenosnog ra\u010dunala i pru\u017eio pouzdanu za\u0161titu za unutarnje komponente.<\/p>\n<p data-start=\"903\" data-end=\"1117\">\u2714 <strong data-start=\"905\" data-end=\"925\">Kompatibilni model<\/strong>: Lenovo ThinkPad T480<br data-start=\"947\" data-end=\"950\" \/>\u2714 <strong data-start=\"952\" data-end=\"968\">Brojevi dijelova<\/strong>: AP169000600, 01YR485<br data-start=\"990\" data-end=\"993\" \/>\u2714 <strong data-start=\"995\" data-end=\"1008\">Stanje<\/strong>: Originalni zamjenski dio provjerene kvalitete<br data-start=\"1050\" data-end=\"1053\" \/>\u2714 <strong data-start=\"1055\" data-end=\"1067\">Materijal<\/strong>: Visokokvalitetna plasti\u010dna baza za dugotrajnu upotrebu<\/p>\n<p data-start=\"1119\" data-end=\"1326\">Ova donja maska \u200b\u200bidealna je ako je postoje\u0107a maska \u200b\u200bva\u0161eg prijenosnog ra\u010dunala napuknuta, o\u0161te\u0107ena ili nedostaje. Poma\u017ee u odr\u017eavanju u\u010dinkovitosti hla\u0111enja, \u0161titi va\u0161 hardver i osigurava dobro pristajanje drugim dijelovima prijenosnog ra\u010dunala.<\/p>\n<p data-start=\"1328\" data-end=\"1355\"><strong data-start=\"1328\" data-end=\"1353\">Za\u0161to odabrati ovaj dio?<\/strong><\/p>\n<ul data-start=\"1356\" data-end=\"1511\">\n<li data-start=\"1356\" data-end=\"1401\">\n<p data-start=\"1358\" data-end=\"1401\">100% originalni Lenovo dio, ne naknadni<\/p>\n<\/li>\n<li data-start=\"1402\" data-end=\"1437\">\n<p data-start=\"1404\" data-end=\"1437\">Precizno pristajanje za ThinkPad T480<\/p>\n<\/li>\n<li data-start=\"1438\" data-end=\"1511\">\n<p data-start=\"1440\" data-end=\"1511\">Neophodno za popravke, obnovu ili nadogradnju ku\u0107i\u0161ta prijenosnog ra\u010dunala<\/p>\n<\/li>\n<\/ul>\n<p data-start=\"1513\" data-end=\"1640\"><strong data-start=\"1513\" data-end=\"1529\">Napomena:<\/strong> upute za instalaciju nisu uklju\u010dene. Ako vam je potrebna pomo\u0107, slobodno nam po\u0161aljite poruku za smjernice.<\/p>\n<p data-start=\"1642\" data-end=\"1722\">\ud83d\udcf8 <strong data-start=\"1645\" data-end=\"1720\">Prikazane fotografije stvarne su slike to\u010dno onog dijela prijenosnog ra\u010dunala koji \u0107ete dobiti.<\/strong><\/p>\n","protected":false},"excerpt":{"rendered":"<p>Originalni donji poklopac baze Lenovo ThinkPad T480 (AP169000600 \/ 01YR485). Izdr\u017eljivi zamjenski dio za prijenosno ra\u010dunalo dizajniran za za\u0161titu i podr\u0161ku va\u0161em ure\u0111aju.<\/p>\n","protected":false},"featured_media":29272,"template":"","meta":[],"product_brand":[],"product_cat":[51],"product_tag":[61],"class_list":{"0":"post-29207","1":"product","2":"type-product","3":"status-publish","4":"has-post-thumbnail","6":"product_cat-laptop-housing","7":"product_tag-lenovo","9":"first","10":"instock","11":"taxable","12":"shipping-taxable","13":"purchasable","14":"product-type-simple"},"_links":{"self":[{"href":"https:\/\/boreait.com\/hr\/wp-json\/wp\/v2\/product\/29207","targetHints":{"allow":["GET"]}}],"collection":[{"href":"https:\/\/boreait.com\/hr\/wp-json\/wp\/v2\/product"}],"about":[{"href":"https:\/\/boreait.com\/hr\/wp-json\/wp\/v2\/types\/product"}],"wp:featuredmedia":[{"embeddable":true,"href":"https:\/\/boreait.com\/hr\/wp-json\/wp\/v2\/media\/29272"}],"wp:attachment":[{"href":"https:\/\/boreait.com\/hr\/wp-json\/wp\/v2\/media?parent=29207"}],"wp:term":[{"taxonomy":"product_brand","embeddable":true,"href":"https:\/\/boreait.com\/hr\/wp-json\/wp\/v2\/product_brand?post=29207"},{"taxonomy":"product_cat","embeddable":true,"href":"https:\/\/boreait.com\/hr\/wp-json\/wp\/v2\/product_cat?post=29207"},{"taxonomy":"product_tag","embeddable":true,"href":"https:\/\/boreait.com\/hr\/wp-json\/wp\/v2\/product_tag?post=29207"}],"curies":[{"name":"wp","href":"https:\/\/api.w.org\/{rel}","templated":true}]}}