{"id":29198,"date":"2025-09-12T09:19:17","date_gmt":"2025-09-12T09:19:17","guid":{"rendered":"https:\/\/boreait.com\/hr\/?post_type=product&#038;p=29198"},"modified":"2025-09-13T15:17:33","modified_gmt":"2025-09-13T15:17:33","slug":"originalna-hp-wifi-bezicna-lan-kartica-8265ngw-851592-001-918855-855-dijelovi-prijenosnog-racunala","status":"publish","type":"product","link":"https:\/\/boreait.com\/hr\/product\/originalna-hp-wifi-bezicna-lan-kartica-8265ngw-851592-001-918855-855-dijelovi-prijenosnog-racunala\/","title":{"rendered":"Originalna HP WiFi be\u017ei\u010dna LAN kartica 8265NGW 851592-001 918855-855 dijelovi prijenosnog ra\u010dunala"},"content":{"rendered":"<p data-start=\"633\" data-end=\"912\">Ova <strong data-start=\"638\" data-end=\"683\">originalna HP WiFi be\u017ei\u010dna LAN kartica 8265NGW<\/strong> (HP brojevi dijelova <strong data-start=\"701\" data-end=\"715\">851592-001<\/strong> i <strong data-start=\"720\" data-end=\"734\">918855-855<\/strong>) pouzdan je zamjenski dio dizajniran za brzo i stabilno be\u017ei\u010dno povezivanje. Idealno za korisnike koji \u017eele popraviti, nadograditi ili vratiti be\u017ei\u010dnu izvedbu prijenosnog ra\u010dunala.<\/p>\n<p data-start=\"914\" data-end=\"933\"><strong data-start=\"914\" data-end=\"931\">Klju\u010dne zna\u010dajke:<\/strong><\/p>\n<ul data-start=\"934\" data-end=\"1212\">\n<li data-start=\"934\" data-end=\"986\">\n<p data-start=\"936\" data-end=\"986\">Originalna Intel Dual Band Wireless-AC 8265NGW kartica<\/p>\n<\/li>\n<li data-start=\"987\" data-end=\"1054\">\n<p data-start=\"989\" data-end=\"1054\">Podr\u017eava HP prijenosna ra\u010dunala s brojevima dijelova 851592-001 i 918855-855<\/p>\n<\/li>\n<li data-start=\"1055\" data-end=\"1114\">\n<p data-start=\"1057\" data-end=\"1114\">Pru\u017ea jaku, stabilnu WiFi i Bluetooth vezu<\/p>\n<\/li>\n<li data-start=\"1115\" data-end=\"1160\">\n<p data-start=\"1117\" data-end=\"1160\">Testirano i potvr\u0111eno za osiguranje kvalitete<\/p>\n<\/li>\n<li data-start=\"1161\" data-end=\"1212\">\n<p data-start=\"1163\" data-end=\"1212\">Savr\u0161eno rje\u0161enje za popravke ili nadogradnje prijenosnih ra\u010dunala<\/p>\n<\/li>\n<\/ul>\n<p data-start=\"1214\" data-end=\"1236\"><strong data-start=\"1214\" data-end=\"1234\">Za\u0161to kupovati od nas?<\/strong><\/p>\n<ul data-start=\"1237\" data-end=\"1472\">\n<li data-start=\"1237\" data-end=\"1306\">\n<p data-start=\"1239\" data-end=\"1306\">100% originalni i autenti\u010dni <strong data-start=\"1266\" data-end=\"1282\">dijelovi prijenosnih ra\u010dunala<\/strong> \u2013 bez jeftinih imitacija<\/p>\n<\/li>\n<li data-start=\"1307\" data-end=\"1355\">\n<p data-start=\"1309\" data-end=\"1355\">Prave fotografije to\u010dno onog artikla koji \u0107ete dobiti<\/p>\n<\/li>\n<li data-start=\"1356\" data-end=\"1387\">\n<p data-start=\"1358\" data-end=\"1387\">Pa\u017eljivo se \u0161alje \u0161irom svijeta<\/p>\n<\/li>\n<li data-start=\"1388\" data-end=\"1472\">\n<p data-start=\"1390\" data-end=\"1472\">Ako trebate daljnje upute u odabiru pravog dijela, slobodno nam po\u0161aljite poruku<\/p>\n<\/li>\n<\/ul>\n<p data-start=\"1474\" data-end=\"1636\">Ova WiFi kartica izvrstan je izbor ako imate problema s povezivanjem, trebate zamjenu ili jednostavno \u017eelite vratiti svoje prijenosno ra\u010dunalo na punu izvedbu.<\/p>\n","protected":false},"excerpt":{"rendered":"<p>Nadogradite svoje HP prijenosno ra\u010dunalo s originalnom Intel 8265NGW WiFi be\u017ei\u010dnom LAN karticom (HP brojevi dijelova 851592-001 i 918855-855). 100% ispitan, autenti\u010dan dio za prijenosno ra\u010dunalo sa stvarnim fotografijama artikla koji \u0107ete dobiti.<\/p>\n","protected":false},"featured_media":29264,"template":"","meta":[],"product_brand":[],"product_cat":[62],"product_tag":[61],"class_list":{"0":"post-29198","1":"product","2":"type-product","3":"status-publish","4":"has-post-thumbnail","6":"product_cat-motherboards-board-parts","7":"product_tag-lenovo","9":"first","10":"instock","11":"taxable","12":"shipping-taxable","13":"purchasable","14":"product-type-simple"},"_links":{"self":[{"href":"https:\/\/boreait.com\/hr\/wp-json\/wp\/v2\/product\/29198","targetHints":{"allow":["GET"]}}],"collection":[{"href":"https:\/\/boreait.com\/hr\/wp-json\/wp\/v2\/product"}],"about":[{"href":"https:\/\/boreait.com\/hr\/wp-json\/wp\/v2\/types\/product"}],"wp:featuredmedia":[{"embeddable":true,"href":"https:\/\/boreait.com\/hr\/wp-json\/wp\/v2\/media\/29264"}],"wp:attachment":[{"href":"https:\/\/boreait.com\/hr\/wp-json\/wp\/v2\/media?parent=29198"}],"wp:term":[{"taxonomy":"product_brand","embeddable":true,"href":"https:\/\/boreait.com\/hr\/wp-json\/wp\/v2\/product_brand?post=29198"},{"taxonomy":"product_cat","embeddable":true,"href":"https:\/\/boreait.com\/hr\/wp-json\/wp\/v2\/product_cat?post=29198"},{"taxonomy":"product_tag","embeddable":true,"href":"https:\/\/boreait.com\/hr\/wp-json\/wp\/v2\/product_tag?post=29198"}],"curies":[{"name":"wp","href":"https:\/\/api.w.org\/{rel}","templated":true}]}}