{"id":29190,"date":"2025-09-12T09:18:53","date_gmt":"2025-09-12T09:18:53","guid":{"rendered":"https:\/\/boreait.com\/hr\/?post_type=product&#038;p=29190"},"modified":"2025-09-13T15:20:25","modified_gmt":"2025-09-13T15:20:25","slug":"lenovo-thinkpad-t470-utor-za-citac-pametnih-kartica-dummy-filler-cover-fa12d000d00-dijelovi-prijenosnog-racunala","status":"publish","type":"product","link":"https:\/\/boreait.com\/hr\/product\/lenovo-thinkpad-t470-utor-za-citac-pametnih-kartica-dummy-filler-cover-fa12d000d00-dijelovi-prijenosnog-racunala\/","title":{"rendered":"Lenovo ThinkPad T470 utor za \u010dita\u010d pametnih kartica Dummy Filler Cover FA12D000D00 Dijelovi prijenosnog ra\u010dunala"},"content":{"rendered":"<p data-start=\"671\" data-end=\"1004\">Ovaj <strong data-start=\"676\" data-end=\"750\">Lenovo ThinkPad T470 Smart Card Reader Slot Dummy Filler (FA12D000D00)<\/strong> je originalni zamjenski dio dizajniran za za\u0161titu utora za \u010dita\u010d pametnih kartica va\u0161eg prijenosnog ra\u010dunala. Ako ne koristite \u010dita\u010d pametnih kartica, ovo punjenje je neophodno kako bi utor bio pokriven, osiguravaju\u0107i da va\u0161e prijenosno ra\u010dunalo ostane za\u0161ti\u0107eno od pra\u0161ine, prljav\u0161tine i slu\u010dajnih o\u0161te\u0107enja.<\/p>\n<p data-start=\"1006\" data-end=\"1277\">Napravljen posebno za <strong data-start=\"1032\" data-end=\"1063\">Lenovo ThinkPad T470 seriju<\/strong>, ovaj poklopac utora sigurno pristaje na mjesto i odr\u017eava izvorni izgled va\u0161eg prijenosnog ra\u010dunala. To je mali, ali va\u017ean dodatak koji produljuje vijek trajanja va\u0161eg ure\u0111aja sprje\u010davaju\u0107i ulazak ne\u017eeljenih \u010destica.<\/p>\n<p data-start=\"1279\" data-end=\"1498\">\u2714\ufe0f <strong data-start=\"1282\" data-end=\"1302\">Kompatibilno s:<\/strong> Lenovo ThinkPad T470<br data-start=\"1323\" data-end=\"1326\" \/>\u2714\ufe0f <strong data-start=\"1329\" data-end=\"1345\">Part Broj:<\/strong> FA12D000D00<br data-start=\"1357\" data-end=\"1360\" \/>\u2714\ufe0f <strong data-start=\"1363\" data-end=\"1377\">Stanje:<\/strong> Originalno, testirano i u izvrsnom radnom stanju<br data-start=\"1425\" data-end=\"1428\" \/>\u2714\ufe0f <strong data-start=\"1431\" data-end=\"1439\">Upotreba:<\/strong> \u0160titi utor za \u010dita\u010d pametnih kartica od pra\u0161ine i o\u0161te\u0107enja<\/p>\n<p data-start=\"1500\" data-end=\"1620\">Sve fotografije u ovom popisu <strong data-start=\"1531\" data-end=\"1577\">prave su slike dijela koji \u0107ete dobiti<\/strong>, tako da to\u010dno znate \u0161to kupujete.<\/p>\n<p data-start=\"1622\" data-end=\"1806\">Ovo je <strong data-start=\"1632\" data-end=\"1657\">dio prijenosnog ra\u010dunala koji morate imati<\/strong> ako se \u010dita\u010d pametnih kartica va\u0161eg ThinkPada ne koristi. Instalacija je jednostavna, a ako trebate dodatnu pomo\u0107, slobodno nam po\u0161aljite poruku za smjernice.<\/p>\n","protected":false},"excerpt":{"rendered":"<p>Originalni utor za \u010dita\u010d pametnih kartica Lenovo ThinkPad T470 la\u017eni ulo\u017eak (FA12D000D00). \u010cuva va\u0161e prijenosno ra\u010dunalo od pra\u0161ine i krhotina kada se utor ne koristi.<\/p>\n","protected":false},"featured_media":29258,"template":"","meta":[],"product_brand":[],"product_cat":[51],"product_tag":[61],"class_list":{"0":"post-29190","1":"product","2":"type-product","3":"status-publish","4":"has-post-thumbnail","6":"product_cat-laptop-housing","7":"product_tag-lenovo","9":"first","10":"instock","11":"taxable","12":"shipping-taxable","13":"purchasable","14":"product-type-simple"},"_links":{"self":[{"href":"https:\/\/boreait.com\/hr\/wp-json\/wp\/v2\/product\/29190","targetHints":{"allow":["GET"]}}],"collection":[{"href":"https:\/\/boreait.com\/hr\/wp-json\/wp\/v2\/product"}],"about":[{"href":"https:\/\/boreait.com\/hr\/wp-json\/wp\/v2\/types\/product"}],"wp:featuredmedia":[{"embeddable":true,"href":"https:\/\/boreait.com\/hr\/wp-json\/wp\/v2\/media\/29258"}],"wp:attachment":[{"href":"https:\/\/boreait.com\/hr\/wp-json\/wp\/v2\/media?parent=29190"}],"wp:term":[{"taxonomy":"product_brand","embeddable":true,"href":"https:\/\/boreait.com\/hr\/wp-json\/wp\/v2\/product_brand?post=29190"},{"taxonomy":"product_cat","embeddable":true,"href":"https:\/\/boreait.com\/hr\/wp-json\/wp\/v2\/product_cat?post=29190"},{"taxonomy":"product_tag","embeddable":true,"href":"https:\/\/boreait.com\/hr\/wp-json\/wp\/v2\/product_tag?post=29190"}],"curies":[{"name":"wp","href":"https:\/\/api.w.org\/{rel}","templated":true}]}}