{"id":29188,"date":"2025-09-12T09:18:52","date_gmt":"2025-09-12T09:18:52","guid":{"rendered":"https:\/\/boreait.com\/hr\/?post_type=product&#038;p=29188"},"modified":"2025-09-13T15:18:30","modified_gmt":"2025-09-13T15:18:30","slug":"lenovo-thinkpad-t480-sarke-lijevi-i-desni-par-zamjena-dijelova-prijenosnog-racunala","status":"publish","type":"product","link":"https:\/\/boreait.com\/hr\/product\/lenovo-thinkpad-t480-sarke-lijevi-i-desni-par-zamjena-dijelova-prijenosnog-racunala\/","title":{"rendered":"Lenovo ThinkPad T480 \u0161arke lijevi i desni par | Zamjena dijelova prijenosnog ra\u010dunala"},"content":{"rendered":"<p>Ovaj popis je za originalni set \u0161arki prijenosnog ra\u010dunala Lenovo ThinkPad T480, uklju\u010duju\u0107i i lijevu i desnu stranu. Ovo su visokokvalitetni zamjenski dijelovi za prijenosno ra\u010dunalo dizajnirani za glatko otvaranje i zatvaranje zaslona va\u0161eg prijenosnog ra\u010dunala.<\/p>\n<p>\u2714 Kompatibilan model: Lenovo ThinkPad T480<\/p>\n<p>\u2714 Dio: lijevo &amp; Desne \u0161arke (par)<\/p>\n<p>\u2714 Stanje: Novo \/ Zamjenski dio<\/p>\n<p>\u2714 Upotreba: Idealno za popravak olabavljenih, slomljenih ili o\u0161te\u0107enih \u0161arki<\/p>\n<p>Bilo da je zaslon va\u0161eg prijenosnog ra\u010dunala nestabilan, krut ili ne \u017eeli ostati na mjestu, zamjena \u0161arki mo\u017ee vratiti stabilnost i jednostavnost kori\u0161tenja koju o\u010dekujete od ThinkPada.<\/p>\n<p>\ud83d\udca1 Napomena: ovo su samo dijelovi prijenosnog ra\u010dunala \u2014 alati za popravak ili upute nisu uklju\u010deni. Ako trebate pomo\u0107, slobodno nam po\u0161aljite poruku za podr\u0161ku.<\/p>\n<p>\ud83d\udcf8 Fotografije u ovom popisu prave su fotografije proizvoda, tako da \u0107ete dobiti to\u010dno ono \u0161to vidite.<\/p>\n<p>Nadogradite svoj Lenovo ThinkPad T480 danas s pouzdanim zamjenskim \u0161arkama iz Siggma \u2014 va\u0161eg pouzdanog izvora za kvalitetne dijelove prijenosnog ra\u010dunala u Europi i \u0161irom svijeta.<\/p>\n","protected":false},"excerpt":{"rendered":"<p>Originalni set \u0161arki za laptop Lenovo ThinkPad T480 (lijevo i desno). Izdr\u017eljivi i pouzdani zamjenski dijelovi prijenosnog ra\u010dunala za glatko kretanje zaslona.<\/p>\n","protected":false},"featured_media":29254,"template":"","meta":[],"product_brand":[],"product_cat":[54],"product_tag":[61],"class_list":{"0":"post-29188","1":"product","2":"type-product","3":"status-publish","4":"has-post-thumbnail","6":"product_cat-screen-hinge","7":"product_tag-lenovo","9":"first","10":"instock","11":"taxable","12":"shipping-taxable","13":"purchasable","14":"product-type-simple"},"_links":{"self":[{"href":"https:\/\/boreait.com\/hr\/wp-json\/wp\/v2\/product\/29188","targetHints":{"allow":["GET"]}}],"collection":[{"href":"https:\/\/boreait.com\/hr\/wp-json\/wp\/v2\/product"}],"about":[{"href":"https:\/\/boreait.com\/hr\/wp-json\/wp\/v2\/types\/product"}],"wp:featuredmedia":[{"embeddable":true,"href":"https:\/\/boreait.com\/hr\/wp-json\/wp\/v2\/media\/29254"}],"wp:attachment":[{"href":"https:\/\/boreait.com\/hr\/wp-json\/wp\/v2\/media?parent=29188"}],"wp:term":[{"taxonomy":"product_brand","embeddable":true,"href":"https:\/\/boreait.com\/hr\/wp-json\/wp\/v2\/product_brand?post=29188"},{"taxonomy":"product_cat","embeddable":true,"href":"https:\/\/boreait.com\/hr\/wp-json\/wp\/v2\/product_cat?post=29188"},{"taxonomy":"product_tag","embeddable":true,"href":"https:\/\/boreait.com\/hr\/wp-json\/wp\/v2\/product_tag?post=29188"}],"curies":[{"name":"wp","href":"https:\/\/api.w.org\/{rel}","templated":true}]}}