{"id":29169,"date":"2025-09-12T09:18:00","date_gmt":"2025-09-12T09:18:00","guid":{"rendered":"https:\/\/boreait.com\/hr\/?post_type=product&#038;p=29169"},"modified":"2025-09-13T15:20:26","modified_gmt":"2025-09-13T15:20:26","slug":"heretom-25-ssd-na-35-hdd-montazni-adapterski-nosac-sata-654540-001-dijelovi-za-prijenosna-racunala","status":"publish","type":"product","link":"https:\/\/boreait.com\/hr\/product\/heretom-25-ssd-na-35-hdd-montazni-adapterski-nosac-sata-654540-001-dijelovi-za-prijenosna-racunala\/","title":{"rendered":"Heretom 2,5&#8243; SSD na 3,5&#8243; HDD monta\u017eni adapterski nosa\u010d SATA 654540-001 Dijelovi za prijenosna ra\u010dunala"},"content":{"rendered":"<p data-start=\"567\" data-end=\"872\">Nadogradite svoj sustav s <strong data-start=\"596\" data-end=\"682\">Heretom 2,5&#8243; SSD na 3,5&#8243; SATA\/SSD adapterski nosa\u010d tvrdog diska (654540-001)<\/strong>. Ovaj visokokvalitetni adapter omogu\u0107uje vam sigurno instaliranje 2,5-in\u010dnog SSD-a ili HDD-a u standardno le\u017ei\u0161te za pogon od 3,5 in\u010da, \u0161to ga \u010dini savr\u0161enim za zamjenu ili nadogradnju dijelova stolnih i prijenosnih ra\u010dunala.<\/p>\n<p data-start=\"874\" data-end=\"1176\">Izra\u0111en za izdr\u017eljivost i preciznost, ovaj nosa\u010d osigurava \u010dvrsto pristajanje i stabilnu vezu, daju\u0107i vam pobolj\u0161ane performanse i fleksibilnost prilikom dodavanja ili zamjene pogona. Bilo da nadogra\u0111ujete na br\u017ei SSD ili mijenjate pokvareni tvrdi disk, ovaj adapter \u010dini postupak jednostavnim i pouzdanim.<\/p>\n<p data-start=\"1178\" data-end=\"1382\">\u2714 <strong data-start=\"1180\" data-end=\"1216\">Kompatibilno s 2,5&#8243; SSD-ovima i tvrdim diskovima<\/strong><br data-start=\"1216\" data-end=\"1219\" \/>\u2714 <strong data-start=\"1221\" data-end=\"1254\">Odgovara standardnim le\u017ei\u0161tima za diskove od 3,5&#8243;<\/strong><br data-start=\"1254\" data-end=\"1257\" \/>\u2714 <strong data-start=\"1259\" data-end=\"1286\">Broj dijela: 654540-001<\/strong><br data-start=\"1286\" data-end=\"1289\" \/>\u2714 <strong data-start=\"1291\" data-end=\"1324\">Izdr\u017eljiva i jednostavna instalacija<\/strong><br data-start=\"1324\" data-end=\"1327\" \/>\u2714 <strong data-start=\"1329\" data-end=\"1380\">Idealno za dijelove prijenosnih ra\u010dunala, nadogradnje &amp; zamjene<\/strong><\/p>\n<p data-start=\"1384\" data-end=\"1598\">\ud83d\udcf8 <em data-start=\"1387\" data-end=\"1462\">Fotografije u ovom popisu su stvarne i prikazuju to\u010dno onaj dio koji \u0107ete dobiti.<\/em><br data-start=\"1462\" data-end=\"1465\" \/>\ud83d\udcac <em data-start=\"1468\" data-end=\"1596\">Ne dajemo upute za zamjenu, ali ako trebate pomo\u0107 pri odabiru ili potvr\u0111ivanju kompatibilnosti, slobodno nam po\u0161aljite poruku.<\/em><\/p>\n","protected":false},"excerpt":{"rendered":"<p>Jednostavno instalirajte 2,5&#8243; SSD ili HDD u 3,5&#8243; le\u017ei\u0161te pogona pomo\u0107u ovog originalnog Heretom nosa\u010da adaptera (654540-001). Izdr\u017eljiv, precizno pristaje i idealan za nadogradnju ili zamjenu dijelova prijenosnog ra\u010dunala.<\/p>\n","protected":false},"featured_media":29235,"template":"","meta":[],"product_brand":[],"product_cat":[51],"product_tag":[],"class_list":{"0":"post-29169","1":"product","2":"type-product","3":"status-publish","4":"has-post-thumbnail","6":"product_cat-laptop-housing","8":"first","9":"instock","10":"taxable","11":"shipping-taxable","12":"purchasable","13":"product-type-simple"},"_links":{"self":[{"href":"https:\/\/boreait.com\/hr\/wp-json\/wp\/v2\/product\/29169","targetHints":{"allow":["GET"]}}],"collection":[{"href":"https:\/\/boreait.com\/hr\/wp-json\/wp\/v2\/product"}],"about":[{"href":"https:\/\/boreait.com\/hr\/wp-json\/wp\/v2\/types\/product"}],"wp:featuredmedia":[{"embeddable":true,"href":"https:\/\/boreait.com\/hr\/wp-json\/wp\/v2\/media\/29235"}],"wp:attachment":[{"href":"https:\/\/boreait.com\/hr\/wp-json\/wp\/v2\/media?parent=29169"}],"wp:term":[{"taxonomy":"product_brand","embeddable":true,"href":"https:\/\/boreait.com\/hr\/wp-json\/wp\/v2\/product_brand?post=29169"},{"taxonomy":"product_cat","embeddable":true,"href":"https:\/\/boreait.com\/hr\/wp-json\/wp\/v2\/product_cat?post=29169"},{"taxonomy":"product_tag","embeddable":true,"href":"https:\/\/boreait.com\/hr\/wp-json\/wp\/v2\/product_tag?post=29169"}],"curies":[{"name":"wp","href":"https:\/\/api.w.org\/{rel}","templated":true}]}}