{"id":29147,"date":"2025-09-12T09:17:07","date_gmt":"2025-09-12T09:17:07","guid":{"rendered":"https:\/\/boreait.com\/hr\/?post_type=product&#038;p=29147"},"modified":"2025-09-13T15:23:09","modified_gmt":"2025-09-13T15:23:09","slug":"dijelovi-prijenosnog-racunala-lenovo-thinkpad-x280-12-5-fhd-ips-mat-led-zaslon-30-pin-00hn883-b125han02-2","status":"publish","type":"product","link":"https:\/\/boreait.com\/hr\/product\/dijelovi-prijenosnog-racunala-lenovo-thinkpad-x280-12-5-fhd-ips-mat-led-zaslon-30-pin-00hn883-b125han02-2\/","title":{"rendered":"Dijelovi prijenosnog ra\u010dunala Lenovo ThinkPad X280 12.5&#8243; FHD IPS mat LED zaslon 30 Pin 00HN883 b125han02.2"},"content":{"rendered":"<p data-start=\"588\" data-end=\"905\">Nadogradite ili zamijenite zaslon prijenosnog ra\u010dunala ovom <strong data-start=\"636\" data-end=\"692\">originalnom plo\u010dom zaslona Lenovo ThinkPad X280 (00HN883)<\/strong>. Dizajniran za <strong data-start=\"711\" data-end=\"735\">ThinkPad X280 seriju<\/strong>, ovaj <strong data-start=\"742\" data-end=\"787\">12,5-in\u010dni Full HD (1920&#215;1080) IPS zaslon<\/strong> daje o\u0161tre slike, \u017eive boje i mat zavr\u0161ni sloj koji smanjuje odsjaj za ugodno iskustvo gledanja.<\/p>\n<p data-start=\"907\" data-end=\"1147\">Ovaj zamjenski zaslon ima <strong data-start=\"942\" data-end=\"962\">30-pinski konektor<\/strong> i ima potpuno LED pozadinsko osvjetljenje, \u010dime se osigurava energetska u\u010dinkovitost i jasna svjetlina. To je izvrsna opcija ako je va\u0161 trenutni zaslon napuknut, treperi ili vi\u0161e ne radi ispravno.<\/p>\n<p data-start=\"1149\" data-end=\"1170\">\u2705 <strong data-start=\"1151\" data-end=\"1168\">Klju\u010dne zna\u010dajke:<\/strong><\/p>\n<ul data-start=\"1171\" data-end=\"1477\">\n<li data-start=\"1171\" data-end=\"1217\">\n<p data-start=\"1173\" data-end=\"1217\">Kompatibilni model: <strong data-start=\"1191\" data-end=\"1215\">Lenovo ThinkPad X280<\/strong><\/p>\n<\/li>\n<li data-start=\"1218\" data-end=\"1248\">\n<p data-start=\"1220\" data-end=\"1248\">Veli\u010dina zaslona: <strong data-start=\"1233\" data-end=\"1246\">12,5 in\u010da<\/strong><\/p>\n<\/li>\n<li data-start=\"1249\" data-end=\"1290\">\n<p data-start=\"1251\" data-end=\"1290\">Rezolucija: <strong data-start=\"1263\" data-end=\"1288\">1920 x 1080 (Full HD)<\/strong><\/p>\n<\/li>\n<li data-start=\"1291\" data-end=\"1336\">\n<p data-start=\"1293\" data-end=\"1336\">Vrsta plo\u010de: <strong data-start=\"1305\" data-end=\"1334\">IPS \u2013 \u0161iroki kutovi gledanja<\/strong><\/p>\n<\/li>\n<li data-start=\"1337\" data-end=\"1371\">\n<p data-start=\"1339\" data-end=\"1371\">Zavr\u0161na obrada: <strong data-start=\"1347\" data-end=\"1369\">Mat \/ Protiv odsjaja<\/strong><\/p>\n<\/li>\n<li data-start=\"1372\" data-end=\"1397\">\n<p data-start=\"1374\" data-end=\"1397\">Konektor: <strong data-start=\"1385\" data-end=\"1395\">30 pinski<\/strong><\/p>\n<\/li>\n<li data-start=\"1398\" data-end=\"1426\">\n<p data-start=\"1400\" data-end=\"1426\">Broj dijela: <strong data-start=\"1413\" data-end=\"1424\">00HN883 \/ b125han02.2<\/strong><\/p>\n<\/li>\n<li data-start=\"1427\" data-end=\"1477\">\n<p data-start=\"1429\" data-end=\"1477\">Stanje: <strong data-start=\"1440\" data-end=\"1475\">Originalni zamjenski dio prijenosnog ra\u010dunala<\/strong><\/p>\n<\/li>\n<\/ul>\n<p data-start=\"1479\" data-end=\"1577\">\ud83d\udcf8 <strong data-start=\"1482\" data-end=\"1497\">Prave fotografije<\/strong>: Slike u ovom popisu stvarne su fotografije dijela koji \u0107ete dobiti.<\/p>\n<p data-start=\"1579\" data-end=\"1698\">\ud83d\udca1 <strong data-start=\"1582\" data-end=\"1590\">Napomena<\/strong>: Upute za instalaciju nisu dane, ali ako trebate dodatnu pomo\u0107, slobodno nas kontaktirajte.<\/p>\n<p data-start=\"1700\" data-end=\"1830\">Ovaj visokokvalitetni zaslon Lenovo ThinkPad X280 savr\u0161en je izbor za obnavljanje performansi i iskustva gledanja prijenosnog ra\u010dunala.<\/p>\n","protected":false},"excerpt":{"rendered":"<p>Originalni Lenovo ThinkPad X280 12,5&#8243; Full HD IPS mat LED ekran (00HN883). Savr\u0161en zamjenski dio za prijenosno ra\u010dunalo s 30 pinskim konektorom.<\/p>\n","protected":false},"featured_media":29214,"template":"","meta":[],"product_brand":[],"product_cat":[56,90],"product_tag":[61],"class_list":{"0":"post-29147","1":"product","2":"type-product","3":"status-publish","4":"has-post-thumbnail","6":"product_cat-laptop-screens-lcd-panels","7":"product_cat-12-5","8":"product_tag-lenovo","10":"first","11":"instock","12":"taxable","13":"shipping-taxable","14":"purchasable","15":"product-type-simple"},"_links":{"self":[{"href":"https:\/\/boreait.com\/hr\/wp-json\/wp\/v2\/product\/29147","targetHints":{"allow":["GET"]}}],"collection":[{"href":"https:\/\/boreait.com\/hr\/wp-json\/wp\/v2\/product"}],"about":[{"href":"https:\/\/boreait.com\/hr\/wp-json\/wp\/v2\/types\/product"}],"wp:featuredmedia":[{"embeddable":true,"href":"https:\/\/boreait.com\/hr\/wp-json\/wp\/v2\/media\/29214"}],"wp:attachment":[{"href":"https:\/\/boreait.com\/hr\/wp-json\/wp\/v2\/media?parent=29147"}],"wp:term":[{"taxonomy":"product_brand","embeddable":true,"href":"https:\/\/boreait.com\/hr\/wp-json\/wp\/v2\/product_brand?post=29147"},{"taxonomy":"product_cat","embeddable":true,"href":"https:\/\/boreait.com\/hr\/wp-json\/wp\/v2\/product_cat?post=29147"},{"taxonomy":"product_tag","embeddable":true,"href":"https:\/\/boreait.com\/hr\/wp-json\/wp\/v2\/product_tag?post=29147"}],"curies":[{"name":"wp","href":"https:\/\/api.w.org\/{rel}","templated":true}]}}