{"id":29146,"date":"2025-09-12T09:17:07","date_gmt":"2025-09-12T09:17:07","guid":{"rendered":"https:\/\/boreait.com\/hr\/?post_type=product&#038;p=29146"},"modified":"2025-09-13T15:17:35","modified_gmt":"2025-09-13T15:17:35","slug":"lenovo-thinkpad-x280-ploca-s-gumbom-za-ukljucivanje-s-kabelom-ns-b522-dijelovi-prijenosnog-racunala","status":"publish","type":"product","link":"https:\/\/boreait.com\/hr\/product\/lenovo-thinkpad-x280-ploca-s-gumbom-za-ukljucivanje-s-kabelom-ns-b522-dijelovi-prijenosnog-racunala\/","title":{"rendered":"Lenovo ThinkPad X280 plo\u010da s gumbom za uklju\u010divanje s kabelom NS-B522 \u2013 dijelovi prijenosnog ra\u010dunala"},"content":{"rendered":"<p data-start=\"486\" data-end=\"765\">Nadogradite ili popravite svoje prijenosno ra\u010dunalo s ovom originalnom <strong data-start=\"534\" data-end=\"604\">Lenovo ThinkPad X280 12.5&#8243; plo\u010dom s gumbom za napajanje s kabelom (NS-B522)<\/strong>.<br data-start=\"605\" data-end=\"608\" \/>Ovo je autenti\u010dni Lenovo dio, pa\u017eljivo testiran iu izvrsnom radnom stanju, \u0161to ga \u010dini savr\u0161enom zamjenom za neispravne ili nefunkcionalne plo\u010de.<\/p>\n<p data-start=\"767\" data-end=\"789\"><strong data-start=\"767\" data-end=\"787\">Pojedinosti o proizvodu:<\/strong><\/p>\n<ul data-start=\"790\" data-end=\"1019\">\n<li data-start=\"790\" data-end=\"847\">\n<p data-start=\"792\" data-end=\"847\"><strong data-start=\"792\" data-end=\"816\">Kompatibilnost modela:<\/strong> Lenovo ThinkPad X280 (12,5&#8243;)<\/p>\n<\/li>\n<li data-start=\"848\" data-end=\"876\">\n<p data-start=\"850\" data-end=\"876\"><strong data-start=\"850\" data-end=\"866\">Broj dijela:<\/strong> NS-B522<\/p>\n<\/li>\n<li data-start=\"877\" data-end=\"920\">\n<p data-start=\"879\" data-end=\"920\"><strong data-start=\"879\" data-end=\"888\">Vrsta:<\/strong> plo\u010da s gumbom za uklju\u010divanje s kabelom<\/p>\n<\/li>\n<li data-start=\"921\" data-end=\"974\">\n<p data-start=\"923\" data-end=\"974\"><strong data-start=\"923\" data-end=\"937\">Stanje:<\/strong> Originalno, testirano, potpuno funkcionalno<\/p>\n<\/li>\n<li data-start=\"975\" data-end=\"1019\">\n<p data-start=\"977\" data-end=\"1019\"><strong data-start=\"977\" data-end=\"990\">Kategorija:<\/strong> dijelovi za prijenosna ra\u010dunala &amp; Pribor<\/p>\n<\/li>\n<\/ul>\n<p data-start=\"1021\" data-end=\"1043\"><strong data-start=\"1021\" data-end=\"1041\">Za\u0161to kupovati od nas?<\/strong><\/p>\n<ul data-start=\"1044\" data-end=\"1398\">\n<li data-start=\"1044\" data-end=\"1140\">\n<p data-start=\"1046\" data-end=\"1140\">Sve fotografije u ovom popisu odnose se na <strong data-start=\"1084\" data-end=\"1119\">stvarni proizvod koji \u0107ete dobiti<\/strong> \u2013 nema skladi\u0161nih slika.<\/p>\n<\/li>\n<li data-start=\"1141\" data-end=\"1211\">\n<p data-start=\"1143\" data-end=\"1211\">Visokokvalitetni, originalni Lenovo rezervni dio za pouzdan rad.<\/p>\n<\/li>\n<li data-start=\"1212\" data-end=\"1290\">\n<p data-start=\"1214\" data-end=\"1290\">Dostupna je dostava diljem svijeta, s fokusom na brzu dostavu diljem Europe.<\/p>\n<\/li>\n<li data-start=\"1291\" data-end=\"1398\">\n<p data-start=\"1293\" data-end=\"1398\">Ako trebate upute za instalaciju ili kompatibilnost, slobodno nam po\u0161aljite poruku \u2013 rado \u0107emo vam pomo\u0107i.<\/p>\n<\/li>\n<\/ul>\n<p data-start=\"1400\" data-end=\"1572\">Ova plo\u010da s gumbom za uklju\u010divanje\/isklju\u010divanje osigurava da se va\u0161 Lenovo ThinkPad X280 ponovno nesmetano uklju\u010duje. Savr\u0161eno za tehni\u010dare, IT stru\u010dnjake ili pojedince koji popravljaju vlastita prijenosna ra\u010dunala.<\/p>\n","protected":false},"excerpt":{"rendered":"<p>Pouzdana <strong data-start=\"321\" data-end=\"385\">Lenovo ThinkPad X280 plo\u010da s gumbom za napajanje s kabelom (NS-B522)<\/strong>. 100% originalni dio, testiran i spreman za ugradnju.<\/p>\n","protected":false},"featured_media":29213,"template":"","meta":[],"product_brand":[],"product_cat":[62],"product_tag":[61],"class_list":{"0":"post-29146","1":"product","2":"type-product","3":"status-publish","4":"has-post-thumbnail","6":"product_cat-motherboards-board-parts","7":"product_tag-lenovo","9":"first","10":"instock","11":"taxable","12":"shipping-taxable","13":"purchasable","14":"product-type-simple"},"_links":{"self":[{"href":"https:\/\/boreait.com\/hr\/wp-json\/wp\/v2\/product\/29146","targetHints":{"allow":["GET"]}}],"collection":[{"href":"https:\/\/boreait.com\/hr\/wp-json\/wp\/v2\/product"}],"about":[{"href":"https:\/\/boreait.com\/hr\/wp-json\/wp\/v2\/types\/product"}],"wp:featuredmedia":[{"embeddable":true,"href":"https:\/\/boreait.com\/hr\/wp-json\/wp\/v2\/media\/29213"}],"wp:attachment":[{"href":"https:\/\/boreait.com\/hr\/wp-json\/wp\/v2\/media?parent=29146"}],"wp:term":[{"taxonomy":"product_brand","embeddable":true,"href":"https:\/\/boreait.com\/hr\/wp-json\/wp\/v2\/product_brand?post=29146"},{"taxonomy":"product_cat","embeddable":true,"href":"https:\/\/boreait.com\/hr\/wp-json\/wp\/v2\/product_cat?post=29146"},{"taxonomy":"product_tag","embeddable":true,"href":"https:\/\/boreait.com\/hr\/wp-json\/wp\/v2\/product_tag?post=29146"}],"curies":[{"name":"wp","href":"https:\/\/api.w.org\/{rel}","templated":true}]}}